{"id":17756,"date":"2021-01-14T12:03:59","date_gmt":"2021-01-14T12:03:59","guid":{"rendered":"https:\/\/scales4u.pt\/product\/balanza-peso-precio-importe-micro-ztp\/"},"modified":"2021-01-14T12:03:59","modified_gmt":"2021-01-14T12:03:59","slug":"balanza-peso-precio-importe-micro-ztp","status":"publish","type":"product","link":"https:\/\/scales4u.pt\/en\/product\/balanza-peso-precio-importe-micro-ztp\/","title":{"rendered":"Balanza Peso-Precio-Importe Micro ZTP"},"content":{"rendered":"<ul>\n<li>Capacidad m\u00e1xima: 30 kg<\/li>\n<li>Divisi\u00f3n de doble alcance: (0-15 kg = 5 g) (15-30 kg = 10 g)<\/li>\n<li>Energ\u00eda: bater\u00eda recargable \/ adaptador de CA<\/li>\n<li>Dimensiones de la placa de balanza: 204 x 263 mm<\/li>\n<li>Pantalla LCD de 14 mm con retroiluminaci\u00f3n LED blanca<\/li>\n<li>Funciones: Tara predefinida | Zero | 4 PLU directos, 99 PLU indirectos<\/li>\n<\/ul>\n","protected":false},"excerpt":{"rendered":"<p>Capacidad m\u00e1xima: 30 kg Divisi\u00f3n de doble alcance: (0-15 kg = 5 g) (15-30 kg = 10 g) Energ\u00eda: bater\u00eda recargable \/ adaptador de CA Dimensiones de la placa de balanza: 204 x 263 mm Pantalla LCD de 14 mm con retroiluminaci\u00f3n LED blanca Funciones: Tara predefinida | Zero | 4 PLU directos, 99 PLU&hellip;<\/p>\n","protected":false},"featured_media":0,"template":"","meta":{"_uag_custom_page_level_css":""},"product_brand":[],"product_cat":[],"product_tag":[],"class_list":{"0":"post-17756","1":"product","2":"type-product","3":"status-publish","6":"first","7":"instock","8":"taxable","9":"shipping-taxable","10":"product-type-simple"},"supplier_id":null,"supplier_sku":"","barcode":null,"atum_controlled":true,"out_stock_date":null,"out_stock_threshold":null,"inheritable":false,"inbound_stock":null,"stock_on_hold":null,"sold_today":null,"sales_last_days":null,"reserved_stock":null,"customer_returns":null,"warehouse_damage":null,"lost_in_post":null,"other_logs":null,"out_stock_days":null,"lost_sales":null,"has_location":null,"update_date":null,"atum_locations":[],"atum_stock_status":"instock","restock_status":false,"low_stock_amount":"","sales_update_date":null,"calc_backorders":null,"linked_bom":[],"sync_purchase_price":false,"bom_sellable":null,"minimum_threshold":null,"available_to_purchase":null,"selling_priority":null,"calculated_stock":null,"is_bom":false,"yoast_head":"<!-- This site is optimized with the Yoast SEO plugin v24.2 - https:\/\/yoast.com\/wordpress\/plugins\/seo\/ -->\n<title>Balanza Peso-Precio-Importe Micro ZTP - Scales4u<\/title>\n<meta name=\"robots\" content=\"index, follow, max-snippet:-1, max-image-preview:large, max-video-preview:-1\" \/>\n<link rel=\"canonical\" href=\"https:\/\/scales4u.pt\/en\/product\/balanza-peso-precio-importe-micro-ztp\/\" \/>\n<meta property=\"og:locale\" content=\"en_US\" \/>\n<meta property=\"og:type\" content=\"article\" \/>\n<meta property=\"og:title\" content=\"Balanza Peso-Precio-Importe Micro ZTP - Scales4u\" \/>\n<meta property=\"og:description\" content=\"Capacidad m\u00e1xima: 30 kg Divisi\u00f3n de doble alcance: (0-15 kg = 5 g) (15-30 kg = 10 g) Energ\u00eda: bater\u00eda recargable \/ adaptador de CA Dimensiones de la placa de balanza: 204 x 263 mm Pantalla LCD de 14 mm con retroiluminaci\u00f3n LED blanca Funciones: Tara predefinida | Zero | 4 PLU directos, 99 PLU&hellip;\" \/>\n<meta property=\"og:url\" content=\"https:\/\/scales4u.pt\/en\/product\/balanza-peso-precio-importe-micro-ztp\/\" \/>\n<meta property=\"og:site_name\" content=\"Scales4u\" \/>\n<meta property=\"article:publisher\" content=\"https:\/\/www.facebook.com\/scales4u.pt\/\" \/>\n<meta name=\"twitter:card\" content=\"summary_large_image\" \/>\n<script type=\"application\/ld+json\" class=\"yoast-schema-graph\">{\"@context\":\"https:\/\/schema.org\",\"@graph\":[{\"@type\":\"WebPage\",\"@id\":\"https:\/\/scales4u.pt\/en\/product\/balanza-peso-precio-importe-micro-ztp\/\",\"url\":\"https:\/\/scales4u.pt\/en\/product\/balanza-peso-precio-importe-micro-ztp\/\",\"name\":\"Balanza Peso-Precio-Importe Micro ZTP - Scales4u\",\"isPartOf\":{\"@id\":\"https:\/\/scales4u.pt\/en\/#website\"},\"datePublished\":\"2021-01-14T12:03:59+00:00\",\"dateModified\":\"2021-01-14T12:03:59+00:00\",\"breadcrumb\":{\"@id\":\"https:\/\/scales4u.pt\/en\/product\/balanza-peso-precio-importe-micro-ztp\/#breadcrumb\"},\"inLanguage\":\"en-US\",\"potentialAction\":[{\"@type\":\"ReadAction\",\"target\":[\"https:\/\/scales4u.pt\/en\/product\/balanza-peso-precio-importe-micro-ztp\/\"]}]},{\"@type\":\"BreadcrumbList\",\"@id\":\"https:\/\/scales4u.pt\/en\/product\/balanza-peso-precio-importe-micro-ztp\/#breadcrumb\",\"itemListElement\":[{\"@type\":\"ListItem\",\"position\":1,\"name\":\"HomeCasaHogar\",\"item\":\"https:\/\/scales4u.pt\/en\/\"},{\"@type\":\"ListItem\",\"position\":2,\"name\":\"Shop\",\"item\":\"https:\/\/scales4u.pt\/shop\/\"},{\"@type\":\"ListItem\",\"position\":3,\"name\":\"Balanza Peso-Precio-Importe Micro ZTP\"}]},{\"@type\":\"WebSite\",\"@id\":\"https:\/\/scales4u.pt\/en\/#website\",\"url\":\"https:\/\/scales4u.pt\/en\/\",\"name\":\"Scales4u\",\"description\":\"Weighing Equipment &amp; Accessories\",\"publisher\":{\"@id\":\"https:\/\/scales4u.pt\/en\/#organization\"},\"potentialAction\":[{\"@type\":\"SearchAction\",\"target\":{\"@type\":\"EntryPoint\",\"urlTemplate\":\"https:\/\/scales4u.pt\/en\/?s={search_term_string}\"},\"query-input\":{\"@type\":\"PropertyValueSpecification\",\"valueRequired\":true,\"valueName\":\"search_term_string\"}}],\"inLanguage\":\"en-US\"},{\"@type\":\"Organization\",\"@id\":\"https:\/\/scales4u.pt\/en\/#organization\",\"name\":\"Scales4u\",\"url\":\"https:\/\/scales4u.pt\/en\/\",\"logo\":{\"@type\":\"ImageObject\",\"inLanguage\":\"en-US\",\"@id\":\"https:\/\/scales4u.pt\/en\/#\/schema\/logo\/image\/\",\"url\":\"\",\"contentUrl\":\"\",\"caption\":\"Scales4u\"},\"image\":{\"@id\":\"https:\/\/scales4u.pt\/en\/#\/schema\/logo\/image\/\"},\"sameAs\":[\"https:\/\/www.facebook.com\/scales4u.pt\/\",\"https:\/\/www.instagram.com\/scales4u.pt\/\"]}]}<\/script>\n<!-- \/ Yoast SEO plugin. -->","yoast_head_json":{"title":"Balanza Peso-Precio-Importe Micro ZTP - Scales4u","robots":{"index":"index","follow":"follow","max-snippet":"max-snippet:-1","max-image-preview":"max-image-preview:large","max-video-preview":"max-video-preview:-1"},"canonical":"https:\/\/scales4u.pt\/en\/product\/balanza-peso-precio-importe-micro-ztp\/","og_locale":"en_US","og_type":"article","og_title":"Balanza Peso-Precio-Importe Micro ZTP - Scales4u","og_description":"Capacidad m\u00e1xima: 30 kg Divisi\u00f3n de doble alcance: (0-15 kg = 5 g) (15-30 kg = 10 g) Energ\u00eda: bater\u00eda recargable \/ adaptador de CA Dimensiones de la placa de balanza: 204 x 263 mm Pantalla LCD de 14 mm con retroiluminaci\u00f3n LED blanca Funciones: Tara predefinida | Zero | 4 PLU directos, 99 PLU&hellip;","og_url":"https:\/\/scales4u.pt\/en\/product\/balanza-peso-precio-importe-micro-ztp\/","og_site_name":"Scales4u","article_publisher":"https:\/\/www.facebook.com\/scales4u.pt\/","twitter_card":"summary_large_image","schema":{"@context":"https:\/\/schema.org","@graph":[{"@type":"WebPage","@id":"https:\/\/scales4u.pt\/en\/product\/balanza-peso-precio-importe-micro-ztp\/","url":"https:\/\/scales4u.pt\/en\/product\/balanza-peso-precio-importe-micro-ztp\/","name":"Balanza Peso-Precio-Importe Micro ZTP - Scales4u","isPartOf":{"@id":"https:\/\/scales4u.pt\/en\/#website"},"datePublished":"2021-01-14T12:03:59+00:00","dateModified":"2021-01-14T12:03:59+00:00","breadcrumb":{"@id":"https:\/\/scales4u.pt\/en\/product\/balanza-peso-precio-importe-micro-ztp\/#breadcrumb"},"inLanguage":"en-US","potentialAction":[{"@type":"ReadAction","target":["https:\/\/scales4u.pt\/en\/product\/balanza-peso-precio-importe-micro-ztp\/"]}]},{"@type":"BreadcrumbList","@id":"https:\/\/scales4u.pt\/en\/product\/balanza-peso-precio-importe-micro-ztp\/#breadcrumb","itemListElement":[{"@type":"ListItem","position":1,"name":"HomeCasaHogar","item":"https:\/\/scales4u.pt\/en\/"},{"@type":"ListItem","position":2,"name":"Shop","item":"https:\/\/scales4u.pt\/shop\/"},{"@type":"ListItem","position":3,"name":"Balanza Peso-Precio-Importe Micro ZTP"}]},{"@type":"WebSite","@id":"https:\/\/scales4u.pt\/en\/#website","url":"https:\/\/scales4u.pt\/en\/","name":"Scales4u","description":"Weighing Equipment &amp; Accessories","publisher":{"@id":"https:\/\/scales4u.pt\/en\/#organization"},"potentialAction":[{"@type":"SearchAction","target":{"@type":"EntryPoint","urlTemplate":"https:\/\/scales4u.pt\/en\/?s={search_term_string}"},"query-input":{"@type":"PropertyValueSpecification","valueRequired":true,"valueName":"search_term_string"}}],"inLanguage":"en-US"},{"@type":"Organization","@id":"https:\/\/scales4u.pt\/en\/#organization","name":"Scales4u","url":"https:\/\/scales4u.pt\/en\/","logo":{"@type":"ImageObject","inLanguage":"en-US","@id":"https:\/\/scales4u.pt\/en\/#\/schema\/logo\/image\/","url":"","contentUrl":"","caption":"Scales4u"},"image":{"@id":"https:\/\/scales4u.pt\/en\/#\/schema\/logo\/image\/"},"sameAs":["https:\/\/www.facebook.com\/scales4u.pt\/","https:\/\/www.instagram.com\/scales4u.pt\/"]}]}},"uagb_featured_image_src":{"full":false,"thumbnail":false,"medium":false,"medium_large":false,"large":false,"1536x1536":false,"2048x2048":false,"woocommerce_thumbnail":false,"woocommerce_single":false,"woocommerce_gallery_thumbnail":false},"uagb_author_info":{"display_name":"admin","author_link":"https:\/\/scales4u.pt\/en\/author\/"},"uagb_comment_info":0,"uagb_excerpt":"Capacidad m\u00e1xima: 30 kg Divisi\u00f3n de doble alcance: (0-15 kg = 5 g) (15-30 kg = 10 g) Energ\u00eda: bater\u00eda recargable \/ adaptador de CA Dimensiones de la placa de balanza: 204 x 263 mm Pantalla LCD de 14 mm con retroiluminaci\u00f3n LED blanca Funciones: Tara predefinida | Zero | 4 PLU directos, 99 PLU&hellip;","_links":{"self":[{"href":"https:\/\/scales4u.pt\/en\/wp-json\/wp\/v2\/product\/17756"}],"collection":[{"href":"https:\/\/scales4u.pt\/en\/wp-json\/wp\/v2\/product"}],"about":[{"href":"https:\/\/scales4u.pt\/en\/wp-json\/wp\/v2\/types\/product"}],"wp:attachment":[{"href":"https:\/\/scales4u.pt\/en\/wp-json\/wp\/v2\/media?parent=17756"}],"wp:term":[{"taxonomy":"product_brand","embeddable":true,"href":"https:\/\/scales4u.pt\/en\/wp-json\/wp\/v2\/product_brand?post=17756"},{"taxonomy":"product_cat","embeddable":true,"href":"https:\/\/scales4u.pt\/en\/wp-json\/wp\/v2\/product_cat?post=17756"},{"taxonomy":"product_tag","embeddable":true,"href":"https:\/\/scales4u.pt\/en\/wp-json\/wp\/v2\/product_tag?post=17756"}],"curies":[{"name":"wp","href":"https:\/\/api.w.org\/{rel}","templated":true}]}}