{"id":17577,"date":"2021-01-08T11:23:34","date_gmt":"2021-01-08T11:23:34","guid":{"rendered":"https:\/\/scales4u.pt\/mi-cuenta\/"},"modified":"2024-05-09T07:46:57","modified_gmt":"2024-05-09T07:46:57","slug":"mi-cuenta-22","status":"publish","type":"page","link":"https:\/\/scales4u.pt\/es\/mi-cuenta-22\/","title":{"rendered":"Mi cuenta"},"content":{"rendered":"<h1>\n\t\tMi cuenta\n\t<\/h1>\n\t<nav id=\"breadcrumbs\" aria-label=\"Breadcrumbs\"><a href=\"https:\/\/scales4u.pt\/es\/\">Home<\/a> \/ Mi cuenta<\/nav>\n\t<div class=\"woocommerce\"><\/div>\n<h2>\n\t\t\u00abL\u00edderes en Pesaje\u00bb\n\t<\/h2>\n\t<p>Explore nuestra colecci\u00f3n de b\u00e1sculas destacadas, elegidas para satisfacer sus necesidades de pesaje con precisi\u00f3n y durabilidad.<\/p>\n\t\t\t<a href=\"https:\/\/scales4u.pt\/es\/tienda\/\" target=\"_self\" rel=\"noopener\">\n\t\t\t\t\t\t\tCompra ahora\n\t\t\t<\/a>","protected":false},"excerpt":{"rendered":"<p>Mi cuenta Home \/ Mi cuenta \u00abL\u00edderes en Pesaje\u00bb Explore nuestra colecci\u00f3n de b\u00e1sculas destacadas, elegidas para satisfacer sus necesidades de pesaje con precisi\u00f3n y durabilidad. Compra ahora<\/p>\n","protected":false},"author":1,"featured_media":0,"parent":0,"menu_order":0,"comment_status":"closed","ping_status":"closed","template":"","meta":{"_uag_custom_page_level_css":"","footnotes":""},"class_list":["post-17577","page","type-page","status-publish","hentry"],"yoast_head":"<!-- This site is optimized with the Yoast SEO plugin v24.2 - https:\/\/yoast.com\/wordpress\/plugins\/seo\/ -->\n<title>Mi cuenta | Escalas4u<\/title>\n<meta name=\"description\" content=\"En el panel de cuenta puede ver sus pedidos recientes, administrar sus direcciones de env\u00edo y facturaci\u00f3n y editar su contrase\u00f1a y detalles de su cuenta.\" \/>\n<meta name=\"robots\" content=\"index, follow, max-snippet:-1, max-image-preview:large, max-video-preview:-1\" \/>\n<link rel=\"canonical\" href=\"https:\/\/scales4u.pt\/es\/mi-cuenta-22\/\" \/>\n<meta property=\"og:locale\" content=\"es_ES\" \/>\n<meta property=\"og:type\" content=\"article\" \/>\n<meta property=\"og:title\" content=\"Mi cuenta | Escalas4u\" \/>\n<meta property=\"og:description\" content=\"En el panel de cuenta puede ver sus pedidos recientes, administrar sus direcciones de env\u00edo y facturaci\u00f3n y editar su contrase\u00f1a y detalles de su cuenta.\" \/>\n<meta property=\"og:url\" content=\"https:\/\/scales4u.pt\/es\/mi-cuenta-22\/\" \/>\n<meta property=\"og:site_name\" content=\"Scales4u\" \/>\n<meta property=\"article:publisher\" content=\"https:\/\/www.facebook.com\/scales4u.pt\/\" \/>\n<meta property=\"article:modified_time\" content=\"2024-05-09T07:46:57+00:00\" \/>\n<meta name=\"twitter:card\" content=\"summary_large_image\" \/>\n<script type=\"application\/ld+json\" class=\"yoast-schema-graph\">{\"@context\":\"https:\/\/schema.org\",\"@graph\":[{\"@type\":\"WebPage\",\"@id\":\"https:\/\/scales4u.pt\/es\/mi-cuenta-22\/\",\"url\":\"https:\/\/scales4u.pt\/es\/mi-cuenta-22\/\",\"name\":\"Mi cuenta | Escalas4u\",\"isPartOf\":{\"@id\":\"https:\/\/scales4u.pt\/es\/#website\"},\"datePublished\":\"2021-01-08T11:23:34+00:00\",\"dateModified\":\"2024-05-09T07:46:57+00:00\",\"description\":\"En el panel de cuenta puede ver sus pedidos recientes, administrar sus direcciones de env\u00edo y facturaci\u00f3n y editar su contrase\u00f1a y detalles de su cuenta.\",\"breadcrumb\":{\"@id\":\"https:\/\/scales4u.pt\/es\/mi-cuenta-22\/#breadcrumb\"},\"inLanguage\":\"es\",\"potentialAction\":[{\"@type\":\"ReadAction\",\"target\":[\"https:\/\/scales4u.pt\/es\/mi-cuenta-22\/\"]}]},{\"@type\":\"BreadcrumbList\",\"@id\":\"https:\/\/scales4u.pt\/es\/mi-cuenta-22\/#breadcrumb\",\"itemListElement\":[{\"@type\":\"ListItem\",\"position\":1,\"name\":\"HomeCasaHogar\",\"item\":\"https:\/\/scales4u.pt\/es\/\"},{\"@type\":\"ListItem\",\"position\":2,\"name\":\"Mi cuenta\"}]},{\"@type\":\"WebSite\",\"@id\":\"https:\/\/scales4u.pt\/es\/#website\",\"url\":\"https:\/\/scales4u.pt\/es\/\",\"name\":\"Scales4u\",\"description\":\"Weighing Equipment &amp; Accessories\",\"publisher\":{\"@id\":\"https:\/\/scales4u.pt\/es\/#organization\"},\"potentialAction\":[{\"@type\":\"SearchAction\",\"target\":{\"@type\":\"EntryPoint\",\"urlTemplate\":\"https:\/\/scales4u.pt\/es\/?s={search_term_string}\"},\"query-input\":{\"@type\":\"PropertyValueSpecification\",\"valueRequired\":true,\"valueName\":\"search_term_string\"}}],\"inLanguage\":\"es\"},{\"@type\":\"Organization\",\"@id\":\"https:\/\/scales4u.pt\/es\/#organization\",\"name\":\"Scales4u\",\"url\":\"https:\/\/scales4u.pt\/es\/\",\"logo\":{\"@type\":\"ImageObject\",\"inLanguage\":\"es\",\"@id\":\"https:\/\/scales4u.pt\/es\/#\/schema\/logo\/image\/\",\"url\":\"\",\"contentUrl\":\"\",\"caption\":\"Scales4u\"},\"image\":{\"@id\":\"https:\/\/scales4u.pt\/es\/#\/schema\/logo\/image\/\"},\"sameAs\":[\"https:\/\/www.facebook.com\/scales4u.pt\/\",\"https:\/\/www.instagram.com\/scales4u.pt\/\"]}]}<\/script>\n<!-- \/ Yoast SEO plugin. -->","yoast_head_json":{"title":"Mi cuenta | Escalas4u","description":"En el panel de cuenta puede ver sus pedidos recientes, administrar sus direcciones de env\u00edo y facturaci\u00f3n y editar su contrase\u00f1a y detalles de su cuenta.","robots":{"index":"index","follow":"follow","max-snippet":"max-snippet:-1","max-image-preview":"max-image-preview:large","max-video-preview":"max-video-preview:-1"},"canonical":"https:\/\/scales4u.pt\/es\/mi-cuenta-22\/","og_locale":"es_ES","og_type":"article","og_title":"Mi cuenta | Escalas4u","og_description":"En el panel de cuenta puede ver sus pedidos recientes, administrar sus direcciones de env\u00edo y facturaci\u00f3n y editar su contrase\u00f1a y detalles de su cuenta.","og_url":"https:\/\/scales4u.pt\/es\/mi-cuenta-22\/","og_site_name":"Scales4u","article_publisher":"https:\/\/www.facebook.com\/scales4u.pt\/","article_modified_time":"2024-05-09T07:46:57+00:00","twitter_card":"summary_large_image","schema":{"@context":"https:\/\/schema.org","@graph":[{"@type":"WebPage","@id":"https:\/\/scales4u.pt\/es\/mi-cuenta-22\/","url":"https:\/\/scales4u.pt\/es\/mi-cuenta-22\/","name":"Mi cuenta | Escalas4u","isPartOf":{"@id":"https:\/\/scales4u.pt\/es\/#website"},"datePublished":"2021-01-08T11:23:34+00:00","dateModified":"2024-05-09T07:46:57+00:00","description":"En el panel de cuenta puede ver sus pedidos recientes, administrar sus direcciones de env\u00edo y facturaci\u00f3n y editar su contrase\u00f1a y detalles de su cuenta.","breadcrumb":{"@id":"https:\/\/scales4u.pt\/es\/mi-cuenta-22\/#breadcrumb"},"inLanguage":"es","potentialAction":[{"@type":"ReadAction","target":["https:\/\/scales4u.pt\/es\/mi-cuenta-22\/"]}]},{"@type":"BreadcrumbList","@id":"https:\/\/scales4u.pt\/es\/mi-cuenta-22\/#breadcrumb","itemListElement":[{"@type":"ListItem","position":1,"name":"HomeCasaHogar","item":"https:\/\/scales4u.pt\/es\/"},{"@type":"ListItem","position":2,"name":"Mi cuenta"}]},{"@type":"WebSite","@id":"https:\/\/scales4u.pt\/es\/#website","url":"https:\/\/scales4u.pt\/es\/","name":"Scales4u","description":"Weighing Equipment &amp; Accessories","publisher":{"@id":"https:\/\/scales4u.pt\/es\/#organization"},"potentialAction":[{"@type":"SearchAction","target":{"@type":"EntryPoint","urlTemplate":"https:\/\/scales4u.pt\/es\/?s={search_term_string}"},"query-input":{"@type":"PropertyValueSpecification","valueRequired":true,"valueName":"search_term_string"}}],"inLanguage":"es"},{"@type":"Organization","@id":"https:\/\/scales4u.pt\/es\/#organization","name":"Scales4u","url":"https:\/\/scales4u.pt\/es\/","logo":{"@type":"ImageObject","inLanguage":"es","@id":"https:\/\/scales4u.pt\/es\/#\/schema\/logo\/image\/","url":"","contentUrl":"","caption":"Scales4u"},"image":{"@id":"https:\/\/scales4u.pt\/es\/#\/schema\/logo\/image\/"},"sameAs":["https:\/\/www.facebook.com\/scales4u.pt\/","https:\/\/www.instagram.com\/scales4u.pt\/"]}]}},"uagb_featured_image_src":{"full":false,"thumbnail":false,"medium":false,"medium_large":false,"large":false,"1536x1536":false,"2048x2048":false,"woocommerce_thumbnail":false,"woocommerce_single":false,"woocommerce_gallery_thumbnail":false},"uagb_author_info":{"display_name":"admin","author_link":"https:\/\/scales4u.pt\/es\/author\/admin\/"},"uagb_comment_info":0,"uagb_excerpt":"Mi cuenta Home \/ Mi cuenta \u00abL\u00edderes en Pesaje\u00bb Explore nuestra colecci\u00f3n de b\u00e1sculas destacadas, elegidas para satisfacer sus necesidades de pesaje con precisi\u00f3n y durabilidad. Compra ahora","_links":{"self":[{"href":"https:\/\/scales4u.pt\/es\/wp-json\/wp\/v2\/pages\/17577"}],"collection":[{"href":"https:\/\/scales4u.pt\/es\/wp-json\/wp\/v2\/pages"}],"about":[{"href":"https:\/\/scales4u.pt\/es\/wp-json\/wp\/v2\/types\/page"}],"author":[{"embeddable":true,"href":"https:\/\/scales4u.pt\/es\/wp-json\/wp\/v2\/users\/1"}],"replies":[{"embeddable":true,"href":"https:\/\/scales4u.pt\/es\/wp-json\/wp\/v2\/comments?post=17577"}],"version-history":[{"count":4,"href":"https:\/\/scales4u.pt\/es\/wp-json\/wp\/v2\/pages\/17577\/revisions"}],"predecessor-version":[{"id":22170,"href":"https:\/\/scales4u.pt\/es\/wp-json\/wp\/v2\/pages\/17577\/revisions\/22170"}],"wp:attachment":[{"href":"https:\/\/scales4u.pt\/es\/wp-json\/wp\/v2\/media?parent=17577"}],"curies":[{"name":"wp","href":"https:\/\/api.w.org\/{rel}","templated":true}]}}