{"id":21559,"date":"2024-04-27T09:20:05","date_gmt":"2024-04-27T09:20:05","guid":{"rendered":"https:\/\/scales4u.pt\/sobre-nosotros-2\/"},"modified":"2024-05-16T07:48:54","modified_gmt":"2024-05-16T07:48:54","slug":"sobre-nosotros","status":"publish","type":"page","link":"https:\/\/scales4u.pt\/es\/sobre-nosotros\/","title":{"rendered":"Sobre nosotros"},"content":{"rendered":"<h1>\n\t\tSobre nosotros\n\t<\/h1>\n\t<nav id=\"breadcrumbs\" aria-label=\"Breadcrumbs\"><a href=\"https:\/\/scales4u.pt\/es\/\">HomeCasaHogar<\/a> \/ Sobre nosotros<\/nav><h2>\n\t\tLa empresa\n\t<\/h2>\n\t<p><strong>Scales4u<\/strong> es una empresa din\u00e1mica que se enfoca en el suministro de equipos y accesorios de pesaje para diversas industrias, incluidas, entre otras: industrial, minorista, laboratorio, etc.<\/p>\n<p>Nuestro principal objetivo no es s\u00f3lo el suministro de nuestros productos de calidad superior a niveles de precios competitivos sino tambi\u00e9n la lealtad y satisfacci\u00f3n de nuestros clientes.<\/p>\n<p>Nosotros, junto con nuestra marca Micro, nos esforzamos por mantener nuestro legado siendo \u00abl\u00edderes en pesaje\u00bb.<\/p>\n\t\t\t<a href=\"https:\/\/scales4u.pt\/es\/contacto\/\" target=\"_self\" rel=\"noopener\">\n\t\t\t\t\t\t\tContacta con nosotras\n\t\t\t\t\t<\/a>\n\t\t\t\t<img loading=\"lazy\" decoding=\"async\" src=\"https:\/\/scales4u.pt\/wp-content\/uploads\/2024\/04\/about-scale4u.webp\" alt=\"about scale4u\" itemprop=\"image\" height=\"675\" width=\"900\" title=\"about scale4u\" onerror=\"this.style.display='none'\"  \/>\n\t\t\t<a href=\"https:\/\/scales4u.pt\/es\/categoria-producto\/balanzas-comerciales\/\" target=\"_self\" rel=\"noopener\">\n\t\t<h4>Minorista<\/h4>\n\t\t\t<p>Estas b\u00e1sculas se pueden utilizar en todos los aspectos del sector minorista: para productos frescos, en una panader\u00eda o para pesar ingredientes en la cocina.<\/p>\t\t\n\t\t<\/a>\n\t\t\t<a href=\"https:\/\/scales4u.pt\/es\/categoria-producto\/basculas-industriales\/\" target=\"_self\" rel=\"noopener\">\n\t\t<h4>Industrial <\/h4>\n\t\t\t<p>Los equipos de pesaje en la industria industrial requieren productos de alta resistencia. Nuestras b\u00e1sculas de plataforma de distintos tama\u00f1os y capacidades se adaptan a esta industria, ya sea que est\u00e9 contando o pesando productos industriales.<\/p>\t\t\n\t\t<\/a>\n\t\t\t<a href=\"https:\/\/scales4u.pt\/es\/categoria-producto\/balanzas-de-laboratorio\/\" target=\"_self\" rel=\"noopener\">\n\t\t<h4>Laboratorios<\/h4>\n\t\t\t<p>Sabemos que la industria del laboratorio requiere precisi\u00f3n y exactitud, nuestras balanzas de laboratorio de precisi\u00f3n son perfectamente adecuadas para ofrecer resultados de alta precisi\u00f3n.<\/p>\t\t\n\t\t<\/a>\n<h2>\n\t\t\u00abL\u00edderes en Pesaje\u00bb\n\t<\/h2>\n\t<p>Explore nuestra colecci\u00f3n de b\u00e1sculas destacadas, elegidas para satisfacer sus necesidades de pesaje con precisi\u00f3n y durabilidad.<\/p>\n\t\t\t<a href=\"https:\/\/scales4u.pt\/es\/shop\/\" target=\"_self\" rel=\"noopener\">\n\t\t\t\t\t\t\tCompra ahora\n\t\t\t<\/a>","protected":false},"excerpt":{"rendered":"<p>Sobre nosotros HomeCasaHogar \/ Sobre nosotros La empresa Scales4u es una empresa din\u00e1mica que se enfoca en el suministro de equipos y accesorios de pesaje para diversas industrias, incluidas, entre otras: industrial, minorista, laboratorio, etc. Nuestro principal objetivo no es s\u00f3lo el suministro de nuestros productos de calidad superior a niveles de precios competitivos sino&hellip;<\/p>\n","protected":false},"author":1,"featured_media":0,"parent":0,"menu_order":0,"comment_status":"closed","ping_status":"closed","template":"","meta":{"_uag_custom_page_level_css":"","footnotes":""},"class_list":["post-21559","page","type-page","status-publish","hentry"],"yoast_head":"<!-- This site is optimized with the Yoast SEO plugin v24.2 - https:\/\/yoast.com\/wordpress\/plugins\/seo\/ -->\n<title>Sobre nosotros - Scales4u<\/title>\n<meta name=\"robots\" content=\"index, follow, max-snippet:-1, max-image-preview:large, max-video-preview:-1\" \/>\n<link rel=\"canonical\" href=\"https:\/\/scales4u.pt\/es\/sobre-nosotros\/\" \/>\n<meta property=\"og:locale\" content=\"es_ES\" \/>\n<meta property=\"og:type\" content=\"article\" \/>\n<meta property=\"og:title\" content=\"Sobre nosotros - Scales4u\" \/>\n<meta property=\"og:description\" content=\"Sobre nosotros HomeCasaHogar \/ Sobre nosotros La empresa Scales4u es una empresa din\u00e1mica que se enfoca en el suministro de equipos y accesorios de pesaje para diversas industrias, incluidas, entre otras: industrial, minorista, laboratorio, etc. Nuestro principal objetivo no es s\u00f3lo el suministro de nuestros productos de calidad superior a niveles de precios competitivos sino&hellip;\" \/>\n<meta property=\"og:url\" content=\"https:\/\/scales4u.pt\/es\/sobre-nosotros\/\" \/>\n<meta property=\"og:site_name\" content=\"Scales4u\" \/>\n<meta property=\"article:publisher\" content=\"https:\/\/www.facebook.com\/scales4u.pt\/\" \/>\n<meta property=\"article:modified_time\" content=\"2024-05-16T07:48:54+00:00\" \/>\n<meta property=\"og:image\" content=\"https:\/\/scales4u.pt\/wp-content\/uploads\/2024\/04\/about-scale4u.webp\" \/>\n<meta name=\"twitter:card\" content=\"summary_large_image\" \/>\n<meta name=\"twitter:label1\" content=\"Tiempo de lectura\" \/>\n\t<meta name=\"twitter:data1\" content=\"1 minuto\" \/>\n<script type=\"application\/ld+json\" class=\"yoast-schema-graph\">{\"@context\":\"https:\/\/schema.org\",\"@graph\":[{\"@type\":\"WebPage\",\"@id\":\"https:\/\/scales4u.pt\/es\/sobre-nosotros\/\",\"url\":\"https:\/\/scales4u.pt\/es\/sobre-nosotros\/\",\"name\":\"Sobre nosotros - Scales4u\",\"isPartOf\":{\"@id\":\"https:\/\/scales4u.pt\/es\/#website\"},\"primaryImageOfPage\":{\"@id\":\"https:\/\/scales4u.pt\/es\/sobre-nosotros\/#primaryimage\"},\"image\":{\"@id\":\"https:\/\/scales4u.pt\/es\/sobre-nosotros\/#primaryimage\"},\"thumbnailUrl\":\"https:\/\/scales4u.pt\/wp-content\/uploads\/2024\/04\/about-scale4u.webp\",\"datePublished\":\"2024-04-27T09:20:05+00:00\",\"dateModified\":\"2024-05-16T07:48:54+00:00\",\"breadcrumb\":{\"@id\":\"https:\/\/scales4u.pt\/es\/sobre-nosotros\/#breadcrumb\"},\"inLanguage\":\"es\",\"potentialAction\":[{\"@type\":\"ReadAction\",\"target\":[\"https:\/\/scales4u.pt\/es\/sobre-nosotros\/\"]}]},{\"@type\":\"ImageObject\",\"inLanguage\":\"es\",\"@id\":\"https:\/\/scales4u.pt\/es\/sobre-nosotros\/#primaryimage\",\"url\":\"https:\/\/scales4u.pt\/wp-content\/uploads\/2024\/04\/about-scale4u.webp\",\"contentUrl\":\"https:\/\/scales4u.pt\/wp-content\/uploads\/2024\/04\/about-scale4u.webp\"},{\"@type\":\"BreadcrumbList\",\"@id\":\"https:\/\/scales4u.pt\/es\/sobre-nosotros\/#breadcrumb\",\"itemListElement\":[{\"@type\":\"ListItem\",\"position\":1,\"name\":\"HomeCasaHogar\",\"item\":\"https:\/\/scales4u.pt\/es\/\"},{\"@type\":\"ListItem\",\"position\":2,\"name\":\"Sobre nosotros\"}]},{\"@type\":\"WebSite\",\"@id\":\"https:\/\/scales4u.pt\/es\/#website\",\"url\":\"https:\/\/scales4u.pt\/es\/\",\"name\":\"Scales4u\",\"description\":\"Weighing Equipment &amp; Accessories\",\"publisher\":{\"@id\":\"https:\/\/scales4u.pt\/es\/#organization\"},\"potentialAction\":[{\"@type\":\"SearchAction\",\"target\":{\"@type\":\"EntryPoint\",\"urlTemplate\":\"https:\/\/scales4u.pt\/es\/?s={search_term_string}\"},\"query-input\":{\"@type\":\"PropertyValueSpecification\",\"valueRequired\":true,\"valueName\":\"search_term_string\"}}],\"inLanguage\":\"es\"},{\"@type\":\"Organization\",\"@id\":\"https:\/\/scales4u.pt\/es\/#organization\",\"name\":\"Scales4u\",\"url\":\"https:\/\/scales4u.pt\/es\/\",\"logo\":{\"@type\":\"ImageObject\",\"inLanguage\":\"es\",\"@id\":\"https:\/\/scales4u.pt\/es\/#\/schema\/logo\/image\/\",\"url\":\"\",\"contentUrl\":\"\",\"caption\":\"Scales4u\"},\"image\":{\"@id\":\"https:\/\/scales4u.pt\/es\/#\/schema\/logo\/image\/\"},\"sameAs\":[\"https:\/\/www.facebook.com\/scales4u.pt\/\",\"https:\/\/www.instagram.com\/scales4u.pt\/\"]}]}<\/script>\n<!-- \/ Yoast SEO plugin. -->","yoast_head_json":{"title":"Sobre nosotros - Scales4u","robots":{"index":"index","follow":"follow","max-snippet":"max-snippet:-1","max-image-preview":"max-image-preview:large","max-video-preview":"max-video-preview:-1"},"canonical":"https:\/\/scales4u.pt\/es\/sobre-nosotros\/","og_locale":"es_ES","og_type":"article","og_title":"Sobre nosotros - Scales4u","og_description":"Sobre nosotros HomeCasaHogar \/ Sobre nosotros La empresa Scales4u es una empresa din\u00e1mica que se enfoca en el suministro de equipos y accesorios de pesaje para diversas industrias, incluidas, entre otras: industrial, minorista, laboratorio, etc. Nuestro principal objetivo no es s\u00f3lo el suministro de nuestros productos de calidad superior a niveles de precios competitivos sino&hellip;","og_url":"https:\/\/scales4u.pt\/es\/sobre-nosotros\/","og_site_name":"Scales4u","article_publisher":"https:\/\/www.facebook.com\/scales4u.pt\/","article_modified_time":"2024-05-16T07:48:54+00:00","og_image":[{"url":"https:\/\/scales4u.pt\/wp-content\/uploads\/2024\/04\/about-scale4u.webp","type":"","width":"","height":""}],"twitter_card":"summary_large_image","twitter_misc":{"Tiempo de lectura":"1 minuto"},"schema":{"@context":"https:\/\/schema.org","@graph":[{"@type":"WebPage","@id":"https:\/\/scales4u.pt\/es\/sobre-nosotros\/","url":"https:\/\/scales4u.pt\/es\/sobre-nosotros\/","name":"Sobre nosotros - Scales4u","isPartOf":{"@id":"https:\/\/scales4u.pt\/es\/#website"},"primaryImageOfPage":{"@id":"https:\/\/scales4u.pt\/es\/sobre-nosotros\/#primaryimage"},"image":{"@id":"https:\/\/scales4u.pt\/es\/sobre-nosotros\/#primaryimage"},"thumbnailUrl":"https:\/\/scales4u.pt\/wp-content\/uploads\/2024\/04\/about-scale4u.webp","datePublished":"2024-04-27T09:20:05+00:00","dateModified":"2024-05-16T07:48:54+00:00","breadcrumb":{"@id":"https:\/\/scales4u.pt\/es\/sobre-nosotros\/#breadcrumb"},"inLanguage":"es","potentialAction":[{"@type":"ReadAction","target":["https:\/\/scales4u.pt\/es\/sobre-nosotros\/"]}]},{"@type":"ImageObject","inLanguage":"es","@id":"https:\/\/scales4u.pt\/es\/sobre-nosotros\/#primaryimage","url":"https:\/\/scales4u.pt\/wp-content\/uploads\/2024\/04\/about-scale4u.webp","contentUrl":"https:\/\/scales4u.pt\/wp-content\/uploads\/2024\/04\/about-scale4u.webp"},{"@type":"BreadcrumbList","@id":"https:\/\/scales4u.pt\/es\/sobre-nosotros\/#breadcrumb","itemListElement":[{"@type":"ListItem","position":1,"name":"HomeCasaHogar","item":"https:\/\/scales4u.pt\/es\/"},{"@type":"ListItem","position":2,"name":"Sobre nosotros"}]},{"@type":"WebSite","@id":"https:\/\/scales4u.pt\/es\/#website","url":"https:\/\/scales4u.pt\/es\/","name":"Scales4u","description":"Weighing Equipment &amp; Accessories","publisher":{"@id":"https:\/\/scales4u.pt\/es\/#organization"},"potentialAction":[{"@type":"SearchAction","target":{"@type":"EntryPoint","urlTemplate":"https:\/\/scales4u.pt\/es\/?s={search_term_string}"},"query-input":{"@type":"PropertyValueSpecification","valueRequired":true,"valueName":"search_term_string"}}],"inLanguage":"es"},{"@type":"Organization","@id":"https:\/\/scales4u.pt\/es\/#organization","name":"Scales4u","url":"https:\/\/scales4u.pt\/es\/","logo":{"@type":"ImageObject","inLanguage":"es","@id":"https:\/\/scales4u.pt\/es\/#\/schema\/logo\/image\/","url":"","contentUrl":"","caption":"Scales4u"},"image":{"@id":"https:\/\/scales4u.pt\/es\/#\/schema\/logo\/image\/"},"sameAs":["https:\/\/www.facebook.com\/scales4u.pt\/","https:\/\/www.instagram.com\/scales4u.pt\/"]}]}},"uagb_featured_image_src":{"full":false,"thumbnail":false,"medium":false,"medium_large":false,"large":false,"1536x1536":false,"2048x2048":false,"woocommerce_thumbnail":false,"woocommerce_single":false,"woocommerce_gallery_thumbnail":false},"uagb_author_info":{"display_name":"admin","author_link":"https:\/\/scales4u.pt\/es\/author\/admin\/"},"uagb_comment_info":0,"uagb_excerpt":"Sobre nosotros HomeCasaHogar \/ Sobre nosotros La empresa Scales4u es una empresa din\u00e1mica que se enfoca en el suministro de equipos y accesorios de pesaje para diversas industrias, incluidas, entre otras: industrial, minorista, laboratorio, etc. Nuestro principal objetivo no es s\u00f3lo el suministro de nuestros productos de calidad superior a niveles de precios competitivos sino&hellip;","_links":{"self":[{"href":"https:\/\/scales4u.pt\/es\/wp-json\/wp\/v2\/pages\/21559"}],"collection":[{"href":"https:\/\/scales4u.pt\/es\/wp-json\/wp\/v2\/pages"}],"about":[{"href":"https:\/\/scales4u.pt\/es\/wp-json\/wp\/v2\/types\/page"}],"author":[{"embeddable":true,"href":"https:\/\/scales4u.pt\/es\/wp-json\/wp\/v2\/users\/1"}],"replies":[{"embeddable":true,"href":"https:\/\/scales4u.pt\/es\/wp-json\/wp\/v2\/comments?post=21559"}],"version-history":[{"count":4,"href":"https:\/\/scales4u.pt\/es\/wp-json\/wp\/v2\/pages\/21559\/revisions"}],"predecessor-version":[{"id":22264,"href":"https:\/\/scales4u.pt\/es\/wp-json\/wp\/v2\/pages\/21559\/revisions\/22264"}],"wp:attachment":[{"href":"https:\/\/scales4u.pt\/es\/wp-json\/wp\/v2\/media?parent=21559"}],"curies":[{"name":"wp","href":"https:\/\/api.w.org\/{rel}","templated":true}]}}