{"id":21569,"date":"2024-04-29T05:08:03","date_gmt":"2024-04-29T05:08:03","guid":{"rendered":"https:\/\/scales4u.pt\/politica-de-devoluciones\/"},"modified":"2024-05-16T07:54:53","modified_gmt":"2024-05-16T07:54:53","slug":"politica-de-devoluciones","status":"publish","type":"page","link":"https:\/\/scales4u.pt\/es\/politica-de-devoluciones\/","title":{"rendered":"pol\u00edtica de devoluciones"},"content":{"rendered":"<h1>\n\t\tpol\u00edtica de devoluciones\n\t<\/h1>\n\t<nav id=\"breadcrumbs\" aria-label=\"Breadcrumbs\"><a href=\"https:\/\/scales4u.pt\/es\/\">HomeCasaHogar<\/a> \/ pol\u00edtica de devoluciones<\/nav><h2>\n\t\tpol\u00edtica de devoluciones\n\t<\/h2>\n\t<p>Pol\u00edtica de devoluciones de Joaquim Gabriel De Barros Rodrigues Unipessoal Lda (comercializando como Scales4u)<\/p>\n<p>Gracias por elegir Joaquim Gabriel De Barros Rodrigues Unipessoal Lda (que opera como Scales4u). Estamos comprometidos a garantizar su satisfacci\u00f3n con nuestros productos. Si, por alg\u00fan motivo, necesita devolver un art\u00edculo, lea atentamente nuestra pol\u00edtica de devoluciones.<\/p>\n<h5>\n\t\tCondiciones Generales de Devoluci\u00f3n:\n\t<\/h5>\n\t\t<ul>\n\t\t\t\t\t<li>\n\t\t\t\t\n\t\t<p><strong>a)<\/strong> El cliente tiene derecho a devolver cualquier art\u00edculo comprado a Joaquim Gabriel De Barros Rodrigues Unipessoal Lda (Scales4u) dentro de los 14 d\u00edas siguientes a la compra, de acuerdo con las leyes portuguesas de protecci\u00f3n al consumidor.<\/p>\t\t\t\n\t\t\t<\/li>\n\t\t\t\t\t<li>\n\t\t\t\t\n\t\t<p><strong>b)<\/strong> El producto debe devolverse en las mismas condiciones en que se recibi\u00f3, incluido el embalaje original, los manuales, los accesorios y cualquier elemento proporcionado con el producto.<\/p>\t\t\t\n\t\t\t<\/li>\n\t\t\t\t\t<li>\n\t\t\t\t\n\t\t<p><strong>c)<\/strong> No se aceptar\u00e1n devoluciones de productos da\u00f1ados por el cliente.<\/p>\t\t\t\n\t\t\t<\/li>\n\t\t\t\t\t<li>\n\t\t\t\t\n\t\t<p><strong>d)<\/strong> Los productos personalizados o hechos a pedido no son elegibles para devoluci\u00f3n a menos que existan defectos de fabricaci\u00f3n.<\/p>\t\t\t\n\t\t\t<\/li>\n\t\t\t\t<\/ul>\n<h5>\n\t\tProcedimiento de devoluci\u00f3n:\n\t<\/h5>\n\t\t<ul>\n\t\t\t\t\t<li>\n\t\t\t\t\n\t\t<p><strong>a)<\/strong> Para iniciar el proceso de devoluci\u00f3n, el cliente debe ponerse en contacto con nuestro servicio de atenci\u00f3n al cliente por correo electr\u00f3nico a <a href=\"mailto:geral@scales4u.pt\">geral@scales4u.pt<\/a> o por tel\u00e9fono al <a href=\"tel:+351962806686\">+351 962 806686<\/a> para obtener instrucciones sobre c\u00f3mo realizar<br \/>proceder.<\/p>\t\t\t\n\t\t\t<\/li>\n\t\t\t\t\t<li>\n\t\t\t\t\n\t\t<p><strong>b) <\/strong> El cliente ser\u00e1 responsable de los gastos de env\u00edo asociados a la devoluci\u00f3n del producto, excepto en los casos en que el producto sea devuelto por defectos de fabricaci\u00f3n.<\/p>\t\t\t\n\t\t\t<\/li>\n\t\t\t\t\t<li>\n\t\t\t\t\n\t\t<p><strong>c)<\/strong> Los reembolsos se procesar\u00e1n dentro de los 14 d\u00edas h\u00e1biles posteriores a la recepci\u00f3n del producto devuelto y la verificaci\u00f3n de su estado.<\/p>\n\t\t\t<\/li>\n\t\t\t\t<\/ul>\n<h5>\n\t\tReembolsos:\n\t<\/h5>\n\t\t<ul>\n\t\t\t\t\t<li>\n\t\t\t\t\n\t\t<p><strong>a)<\/strong> El reembolso se realizar\u00e1 mediante el mismo m\u00e9todo de pago utilizado para la compra original, a menos que se acuerde lo contrario con el cliente.<\/p>\n\t\t\t<\/li>\n\t\t\t\t\t<li>\n\t\t\t\t\n\t\t<p><strong>b)<\/strong> El importe a reembolsar ser\u00e1 el precio original del producto, excluyendo los posibles gastos de env\u00edo asociados a la compra.<\/p>\t\t\t\n\t\t\t<\/li>\n\t\t\t\t<\/ul>\n<h5>\n\t\tAtenci\u00f3n al cliente:\n\t<\/h5>\n\t<p>Para cualquier pregunta o asistencia adicional, comun\u00edquese con nuestro servicio de atenci\u00f3n al cliente por correo electr\u00f3nico a <a href=\"mailto:geral@scales4u.pt\">geral@scales4u.pt<\/a> o por tel\u00e9fono al <a href=\"tel:+351962806686\">+351 962 806686.<\/a><\/p>\n<p>Joaquim Gabriel De Barros Rodrigues Unipessoal Lda (Comercializando como Scales4u) se reserva el derecho de cambiar esta pol\u00edtica de devoluciones en cualquier momento sin previo aviso. Todos los cambios se publicar\u00e1n en esta p\u00e1gina.<\/p>\n<p>\u00daltima actualizaci\u00f3n: 03.04.2019<\/p>\n<p>Esta pol\u00edtica de devoluciones se rige por las leyes de Portugal.<\/p>\n<h2>\n\t\t\u00abL\u00edderes en Pesaje\u00bb\n\t<\/h2>\n\t<p>Explore nuestra colecci\u00f3n de b\u00e1sculas destacadas, elegidas para satisfacer sus necesidades de pesaje con precisi\u00f3n y durabilidad.<\/p>\n\t\t\t<a href=\"https:\/\/scales4u.pt\/es\/shop\/\" target=\"_self\" rel=\"noopener\">\n\t\t\t\t\t\t\tCompra ahora\n\t\t\t<\/a>","protected":false},"excerpt":{"rendered":"<p>pol\u00edtica de devoluciones HomeCasaHogar \/ pol\u00edtica de devoluciones pol\u00edtica de devoluciones Pol\u00edtica de devoluciones de Joaquim Gabriel De Barros Rodrigues Unipessoal Lda (comercializando como Scales4u) Gracias por elegir Joaquim Gabriel De Barros Rodrigues Unipessoal Lda (que opera como Scales4u). Estamos comprometidos a garantizar su satisfacci\u00f3n con nuestros productos. Si, por alg\u00fan motivo, necesita devolver un&hellip;<\/p>\n","protected":false},"author":1,"featured_media":0,"parent":0,"menu_order":0,"comment_status":"closed","ping_status":"closed","template":"","meta":{"_uag_custom_page_level_css":"","footnotes":""},"class_list":["post-21569","page","type-page","status-publish","hentry"],"yoast_head":"<!-- This site is optimized with the Yoast SEO plugin v24.2 - https:\/\/yoast.com\/wordpress\/plugins\/seo\/ -->\n<title>Pol\u00edtica de devoluciones | Escalas4u<\/title>\n<meta name=\"description\" content=\"Pol\u00edtica de devoluciones de Joaquim Gabriel De Barros Rodrigues Unipessoal Lda (Trading as Scales4u) Gracias por elegir Joaquim Gabriel De Barros\" \/>\n<meta name=\"robots\" content=\"index, follow, max-snippet:-1, max-image-preview:large, max-video-preview:-1\" \/>\n<link rel=\"canonical\" href=\"https:\/\/scales4u.pt\/es\/politica-de-devoluciones\/\" \/>\n<meta property=\"og:locale\" content=\"es_ES\" \/>\n<meta property=\"og:type\" content=\"article\" \/>\n<meta property=\"og:title\" content=\"Pol\u00edtica de devoluciones | Escalas4u\" \/>\n<meta property=\"og:description\" content=\"Pol\u00edtica de devoluciones de Joaquim Gabriel De Barros Rodrigues Unipessoal Lda (Trading as Scales4u) Gracias por elegir Joaquim Gabriel De Barros\" \/>\n<meta property=\"og:url\" content=\"https:\/\/scales4u.pt\/es\/politica-de-devoluciones\/\" \/>\n<meta property=\"og:site_name\" content=\"Scales4u\" \/>\n<meta property=\"article:publisher\" content=\"https:\/\/www.facebook.com\/scales4u.pt\/\" \/>\n<meta property=\"article:modified_time\" content=\"2024-05-16T07:54:53+00:00\" \/>\n<meta name=\"twitter:card\" content=\"summary_large_image\" \/>\n<meta name=\"twitter:label1\" content=\"Tiempo de lectura\" \/>\n\t<meta name=\"twitter:data1\" content=\"2 minutos\" \/>\n<script type=\"application\/ld+json\" class=\"yoast-schema-graph\">{\"@context\":\"https:\/\/schema.org\",\"@graph\":[{\"@type\":\"WebPage\",\"@id\":\"https:\/\/scales4u.pt\/es\/politica-de-devoluciones\/\",\"url\":\"https:\/\/scales4u.pt\/es\/politica-de-devoluciones\/\",\"name\":\"Pol\u00edtica de devoluciones | Escalas4u\",\"isPartOf\":{\"@id\":\"https:\/\/scales4u.pt\/es\/#website\"},\"datePublished\":\"2024-04-29T05:08:03+00:00\",\"dateModified\":\"2024-05-16T07:54:53+00:00\",\"description\":\"Pol\u00edtica de devoluciones de Joaquim Gabriel De Barros Rodrigues Unipessoal Lda (Trading as Scales4u) Gracias por elegir Joaquim Gabriel De Barros\",\"breadcrumb\":{\"@id\":\"https:\/\/scales4u.pt\/es\/politica-de-devoluciones\/#breadcrumb\"},\"inLanguage\":\"es\",\"potentialAction\":[{\"@type\":\"ReadAction\",\"target\":[\"https:\/\/scales4u.pt\/es\/politica-de-devoluciones\/\"]}]},{\"@type\":\"BreadcrumbList\",\"@id\":\"https:\/\/scales4u.pt\/es\/politica-de-devoluciones\/#breadcrumb\",\"itemListElement\":[{\"@type\":\"ListItem\",\"position\":1,\"name\":\"HomeCasaHogar\",\"item\":\"https:\/\/scales4u.pt\/es\/\"},{\"@type\":\"ListItem\",\"position\":2,\"name\":\"pol\u00edtica de devoluciones\"}]},{\"@type\":\"WebSite\",\"@id\":\"https:\/\/scales4u.pt\/es\/#website\",\"url\":\"https:\/\/scales4u.pt\/es\/\",\"name\":\"Scales4u\",\"description\":\"Weighing Equipment &amp; Accessories\",\"publisher\":{\"@id\":\"https:\/\/scales4u.pt\/es\/#organization\"},\"potentialAction\":[{\"@type\":\"SearchAction\",\"target\":{\"@type\":\"EntryPoint\",\"urlTemplate\":\"https:\/\/scales4u.pt\/es\/?s={search_term_string}\"},\"query-input\":{\"@type\":\"PropertyValueSpecification\",\"valueRequired\":true,\"valueName\":\"search_term_string\"}}],\"inLanguage\":\"es\"},{\"@type\":\"Organization\",\"@id\":\"https:\/\/scales4u.pt\/es\/#organization\",\"name\":\"Scales4u\",\"url\":\"https:\/\/scales4u.pt\/es\/\",\"logo\":{\"@type\":\"ImageObject\",\"inLanguage\":\"es\",\"@id\":\"https:\/\/scales4u.pt\/es\/#\/schema\/logo\/image\/\",\"url\":\"\",\"contentUrl\":\"\",\"caption\":\"Scales4u\"},\"image\":{\"@id\":\"https:\/\/scales4u.pt\/es\/#\/schema\/logo\/image\/\"},\"sameAs\":[\"https:\/\/www.facebook.com\/scales4u.pt\/\",\"https:\/\/www.instagram.com\/scales4u.pt\/\"]}]}<\/script>\n<!-- \/ Yoast SEO plugin. -->","yoast_head_json":{"title":"Pol\u00edtica de devoluciones | Escalas4u","description":"Pol\u00edtica de devoluciones de Joaquim Gabriel De Barros Rodrigues Unipessoal Lda (Trading as Scales4u) Gracias por elegir Joaquim Gabriel De Barros","robots":{"index":"index","follow":"follow","max-snippet":"max-snippet:-1","max-image-preview":"max-image-preview:large","max-video-preview":"max-video-preview:-1"},"canonical":"https:\/\/scales4u.pt\/es\/politica-de-devoluciones\/","og_locale":"es_ES","og_type":"article","og_title":"Pol\u00edtica de devoluciones | Escalas4u","og_description":"Pol\u00edtica de devoluciones de Joaquim Gabriel De Barros Rodrigues Unipessoal Lda (Trading as Scales4u) Gracias por elegir Joaquim Gabriel De Barros","og_url":"https:\/\/scales4u.pt\/es\/politica-de-devoluciones\/","og_site_name":"Scales4u","article_publisher":"https:\/\/www.facebook.com\/scales4u.pt\/","article_modified_time":"2024-05-16T07:54:53+00:00","twitter_card":"summary_large_image","twitter_misc":{"Tiempo de lectura":"2 minutos"},"schema":{"@context":"https:\/\/schema.org","@graph":[{"@type":"WebPage","@id":"https:\/\/scales4u.pt\/es\/politica-de-devoluciones\/","url":"https:\/\/scales4u.pt\/es\/politica-de-devoluciones\/","name":"Pol\u00edtica de devoluciones | Escalas4u","isPartOf":{"@id":"https:\/\/scales4u.pt\/es\/#website"},"datePublished":"2024-04-29T05:08:03+00:00","dateModified":"2024-05-16T07:54:53+00:00","description":"Pol\u00edtica de devoluciones de Joaquim Gabriel De Barros Rodrigues Unipessoal Lda (Trading as Scales4u) Gracias por elegir Joaquim Gabriel De Barros","breadcrumb":{"@id":"https:\/\/scales4u.pt\/es\/politica-de-devoluciones\/#breadcrumb"},"inLanguage":"es","potentialAction":[{"@type":"ReadAction","target":["https:\/\/scales4u.pt\/es\/politica-de-devoluciones\/"]}]},{"@type":"BreadcrumbList","@id":"https:\/\/scales4u.pt\/es\/politica-de-devoluciones\/#breadcrumb","itemListElement":[{"@type":"ListItem","position":1,"name":"HomeCasaHogar","item":"https:\/\/scales4u.pt\/es\/"},{"@type":"ListItem","position":2,"name":"pol\u00edtica de devoluciones"}]},{"@type":"WebSite","@id":"https:\/\/scales4u.pt\/es\/#website","url":"https:\/\/scales4u.pt\/es\/","name":"Scales4u","description":"Weighing Equipment &amp; Accessories","publisher":{"@id":"https:\/\/scales4u.pt\/es\/#organization"},"potentialAction":[{"@type":"SearchAction","target":{"@type":"EntryPoint","urlTemplate":"https:\/\/scales4u.pt\/es\/?s={search_term_string}"},"query-input":{"@type":"PropertyValueSpecification","valueRequired":true,"valueName":"search_term_string"}}],"inLanguage":"es"},{"@type":"Organization","@id":"https:\/\/scales4u.pt\/es\/#organization","name":"Scales4u","url":"https:\/\/scales4u.pt\/es\/","logo":{"@type":"ImageObject","inLanguage":"es","@id":"https:\/\/scales4u.pt\/es\/#\/schema\/logo\/image\/","url":"","contentUrl":"","caption":"Scales4u"},"image":{"@id":"https:\/\/scales4u.pt\/es\/#\/schema\/logo\/image\/"},"sameAs":["https:\/\/www.facebook.com\/scales4u.pt\/","https:\/\/www.instagram.com\/scales4u.pt\/"]}]}},"uagb_featured_image_src":{"full":false,"thumbnail":false,"medium":false,"medium_large":false,"large":false,"1536x1536":false,"2048x2048":false,"woocommerce_thumbnail":false,"woocommerce_single":false,"woocommerce_gallery_thumbnail":false},"uagb_author_info":{"display_name":"admin","author_link":"https:\/\/scales4u.pt\/es\/author\/admin\/"},"uagb_comment_info":0,"uagb_excerpt":"pol\u00edtica de devoluciones HomeCasaHogar \/ pol\u00edtica de devoluciones pol\u00edtica de devoluciones Pol\u00edtica de devoluciones de Joaquim Gabriel De Barros Rodrigues Unipessoal Lda (comercializando como Scales4u) Gracias por elegir Joaquim Gabriel De Barros Rodrigues Unipessoal Lda (que opera como Scales4u). Estamos comprometidos a garantizar su satisfacci\u00f3n con nuestros productos. Si, por alg\u00fan motivo, necesita devolver un&hellip;","_links":{"self":[{"href":"https:\/\/scales4u.pt\/es\/wp-json\/wp\/v2\/pages\/21569"}],"collection":[{"href":"https:\/\/scales4u.pt\/es\/wp-json\/wp\/v2\/pages"}],"about":[{"href":"https:\/\/scales4u.pt\/es\/wp-json\/wp\/v2\/types\/page"}],"author":[{"embeddable":true,"href":"https:\/\/scales4u.pt\/es\/wp-json\/wp\/v2\/users\/1"}],"replies":[{"embeddable":true,"href":"https:\/\/scales4u.pt\/es\/wp-json\/wp\/v2\/comments?post=21569"}],"version-history":[{"count":5,"href":"https:\/\/scales4u.pt\/es\/wp-json\/wp\/v2\/pages\/21569\/revisions"}],"predecessor-version":[{"id":22269,"href":"https:\/\/scales4u.pt\/es\/wp-json\/wp\/v2\/pages\/21569\/revisions\/22269"}],"wp:attachment":[{"href":"https:\/\/scales4u.pt\/es\/wp-json\/wp\/v2\/media?parent=21569"}],"curies":[{"name":"wp","href":"https:\/\/api.w.org\/{rel}","templated":true}]}}