{"id":17964,"date":"2019-11-27T10:27:38","date_gmt":"2021-01-27T10:44:38","guid":{"rendered":"https:\/\/scales4u.pt\/product\/micro-balanza-top-pan\/"},"modified":"2023-08-04T09:47:55","modified_gmt":"2023-08-04T09:47:55","slug":"balanza-de-precision-micro-top-pan","status":"publish","type":"product","link":"https:\/\/scales4u.pt\/es\/producto\/balanza-de-precision-micro-top-pan\/","title":{"rendered":"Balanza de precisi\u00f3n Micro Top pan"},"content":{"rendered":"<p>Caracteristicas:<\/p>\n<ul>\n<li>Varias capacidades disponibles<\/li>\n<li>Funciones: Pesaje porcentual, recuento y acumulaci\u00f3n<\/li>\n<li>LCD de 16,5 mm con retroiluminaci\u00f3n LED blanca<\/li>\n<li>Bajo pesaje, modo continuo RS232<\/li>\n<li>Parabrisas (Modelos NHB150 \/ NHB600)<\/li>\n<li>Alimentaci\u00f3n: Bater\u00eda recargable \/ Adaptador de CA<\/li>\n<li>Varias unidades de pesaje<\/li>\n<li>Placa superior de acero inoxidable : NHB150 (80mm Di\u00e1metro)<\/li>\n<li>Placa superior de acero inoxidable : NHB600 (120mm Di\u00e1metro)<\/li>\n<li>Placa superior de acero inoxidable : NHB6000 (140mm x 150mm)<\/li>\n<\/ul>\n","protected":false},"excerpt":{"rendered":"<p>Caracteristicas: Varias capacidades disponibles Funciones: Pesaje porcentual, recuento y acumulaci\u00f3n LCD de 16,5 mm con retroiluminaci\u00f3n LED blanca Bajo pesaje, modo continuo RS232 Parabrisas (Modelos NHB150 \/ NHB600) Alimentaci\u00f3n: Bater\u00eda recargable \/ Adaptador de CA Varias unidades de pesaje Placa superior de acero inoxidable : NHB150 (80mm Di\u00e1metro) Placa superior de acero inoxidable : NHB600&hellip;<\/p>\n","protected":false},"featured_media":17965,"template":"","meta":{"_uag_custom_page_level_css":""},"product_brand":[],"product_cat":[266],"product_tag":[309,310,291],"class_list":{"0":"post-17964","1":"product","2":"type-product","3":"status-publish","4":"has-post-thumbnail","6":"product_cat-balanzas-de-precision","7":"product_tag-balanza-de-laboratorio","8":"product_tag-gama-nhb-es","9":"product_tag-micro-escala-es","11":"first","12":"instock","13":"taxable","14":"shipping-taxable","15":"purchasable","16":"product-type-variable"},"supplier_id":null,"supplier_sku":"","barcode":null,"atum_controlled":true,"out_stock_date":null,"out_stock_threshold":null,"inheritable":true,"inbound_stock":null,"stock_on_hold":0,"sold_today":0,"sales_last_days":0,"reserved_stock":0,"customer_returns":0,"warehouse_damage":0,"lost_in_post":0,"other_logs":0,"out_stock_days":0,"lost_sales":0,"has_location":false,"update_date":"2026-05-05T18:41:10","atum_locations":[],"atum_stock_status":"instock","restock_status":false,"low_stock_amount":"","sales_update_date":"2026-05-05T18:41:10","calc_backorders":null,"linked_bom":[],"sync_purchase_price":false,"bom_sellable":null,"minimum_threshold":null,"available_to_purchase":null,"selling_priority":null,"calculated_stock":null,"is_bom":false,"yoast_head":"<!-- This site is optimized with the Yoast SEO plugin v24.2 - https:\/\/yoast.com\/wordpress\/plugins\/seo\/ -->\n<title>Balanza de precisi\u00f3n Micro Top pan - Scales4u<\/title>\n<meta name=\"description\" content=\"Nuestra gama de balanzas de precisi\u00f3n Micro est\u00e1 disponible en varias capacidades. Esta gama es adecuada para laboratorios, ya que dispone de una funci\u00f3n de pesaje por defecto.\" \/>\n<meta name=\"robots\" content=\"index, follow, max-snippet:-1, max-image-preview:large, max-video-preview:-1\" \/>\n<link rel=\"canonical\" href=\"https:\/\/scales4u.pt\/es\/producto\/balanza-de-precision-micro-top-pan\/\" \/>\n<meta property=\"og:locale\" content=\"es_ES\" \/>\n<meta property=\"og:type\" content=\"article\" \/>\n<meta property=\"og:title\" content=\"Balanza de precisi\u00f3n Micro Top pan - Scales4u\" \/>\n<meta property=\"og:description\" content=\"Nuestra gama de balanzas de precisi\u00f3n Micro est\u00e1 disponible en varias capacidades. Esta gama es adecuada para laboratorios, ya que dispone de una funci\u00f3n de pesaje por defecto.\" \/>\n<meta property=\"og:url\" content=\"https:\/\/scales4u.pt\/es\/producto\/balanza-de-precision-micro-top-pan\/\" \/>\n<meta property=\"og:site_name\" content=\"Scales4u\" \/>\n<meta property=\"article:publisher\" content=\"https:\/\/www.facebook.com\/scales4u.pt\/\" \/>\n<meta property=\"article:modified_time\" content=\"2023-08-04T09:47:55+00:00\" \/>\n<meta property=\"og:image\" content=\"https:\/\/scales4u.pt\/wp-content\/uploads\/2019\/11\/NHB150-thumbnail.jpg\" \/>\n\t<meta property=\"og:image:width\" content=\"750\" \/>\n\t<meta property=\"og:image:height\" content=\"900\" \/>\n\t<meta property=\"og:image:type\" content=\"image\/jpeg\" \/>\n<meta name=\"twitter:card\" content=\"summary_large_image\" \/>\n<script type=\"application\/ld+json\" class=\"yoast-schema-graph\">{\"@context\":\"https:\/\/schema.org\",\"@graph\":[{\"@type\":\"WebPage\",\"@id\":\"https:\/\/scales4u.pt\/es\/producto\/balanza-de-precision-micro-top-pan\/\",\"url\":\"https:\/\/scales4u.pt\/es\/producto\/balanza-de-precision-micro-top-pan\/\",\"name\":\"Balanza de precisi\u00f3n Micro Top pan - Scales4u\",\"isPartOf\":{\"@id\":\"https:\/\/scales4u.pt\/es\/#website\"},\"primaryImageOfPage\":{\"@id\":\"https:\/\/scales4u.pt\/es\/producto\/balanza-de-precision-micro-top-pan\/#primaryimage\"},\"image\":{\"@id\":\"https:\/\/scales4u.pt\/es\/producto\/balanza-de-precision-micro-top-pan\/#primaryimage\"},\"thumbnailUrl\":\"https:\/\/scales4u.pt\/wp-content\/uploads\/2019\/11\/NHB150-thumbnail.jpg\",\"datePublished\":\"2021-01-27T10:44:38+00:00\",\"dateModified\":\"2023-08-04T09:47:55+00:00\",\"description\":\"Nuestra gama de balanzas de precisi\u00f3n Micro est\u00e1 disponible en varias capacidades. Esta gama es adecuada para laboratorios, ya que dispone de una funci\u00f3n de pesaje por defecto.\",\"breadcrumb\":{\"@id\":\"https:\/\/scales4u.pt\/es\/producto\/balanza-de-precision-micro-top-pan\/#breadcrumb\"},\"inLanguage\":\"es\",\"potentialAction\":[{\"@type\":\"ReadAction\",\"target\":[\"https:\/\/scales4u.pt\/es\/producto\/balanza-de-precision-micro-top-pan\/\"]}]},{\"@type\":\"ImageObject\",\"inLanguage\":\"es\",\"@id\":\"https:\/\/scales4u.pt\/es\/producto\/balanza-de-precision-micro-top-pan\/#primaryimage\",\"url\":\"https:\/\/scales4u.pt\/wp-content\/uploads\/2019\/11\/NHB150-thumbnail.jpg\",\"contentUrl\":\"https:\/\/scales4u.pt\/wp-content\/uploads\/2019\/11\/NHB150-thumbnail.jpg\",\"width\":750,\"height\":900,\"caption\":\"Micro Balanza Top Pan\"},{\"@type\":\"BreadcrumbList\",\"@id\":\"https:\/\/scales4u.pt\/es\/producto\/balanza-de-precision-micro-top-pan\/#breadcrumb\",\"itemListElement\":[{\"@type\":\"ListItem\",\"position\":1,\"name\":\"HomeCasaHogar\",\"item\":\"https:\/\/scales4u.pt\/es\/\"},{\"@type\":\"ListItem\",\"position\":2,\"name\":\"Tienda\",\"item\":\"https:\/\/scales4u.pt\/es\/tienda\/\"},{\"@type\":\"ListItem\",\"position\":3,\"name\":\"Balanza de precisi\u00f3n Micro Top pan\"}]},{\"@type\":\"WebSite\",\"@id\":\"https:\/\/scales4u.pt\/es\/#website\",\"url\":\"https:\/\/scales4u.pt\/es\/\",\"name\":\"Scales4u\",\"description\":\"Weighing Equipment &amp; Accessories\",\"publisher\":{\"@id\":\"https:\/\/scales4u.pt\/es\/#organization\"},\"potentialAction\":[{\"@type\":\"SearchAction\",\"target\":{\"@type\":\"EntryPoint\",\"urlTemplate\":\"https:\/\/scales4u.pt\/es\/?s={search_term_string}\"},\"query-input\":{\"@type\":\"PropertyValueSpecification\",\"valueRequired\":true,\"valueName\":\"search_term_string\"}}],\"inLanguage\":\"es\"},{\"@type\":\"Organization\",\"@id\":\"https:\/\/scales4u.pt\/es\/#organization\",\"name\":\"Scales4u\",\"url\":\"https:\/\/scales4u.pt\/es\/\",\"logo\":{\"@type\":\"ImageObject\",\"inLanguage\":\"es\",\"@id\":\"https:\/\/scales4u.pt\/es\/#\/schema\/logo\/image\/\",\"url\":\"\",\"contentUrl\":\"\",\"caption\":\"Scales4u\"},\"image\":{\"@id\":\"https:\/\/scales4u.pt\/es\/#\/schema\/logo\/image\/\"},\"sameAs\":[\"https:\/\/www.facebook.com\/scales4u.pt\/\",\"https:\/\/www.instagram.com\/scales4u.pt\/\"]}]}<\/script>\n<!-- \/ Yoast SEO plugin. -->","yoast_head_json":{"title":"Balanza de precisi\u00f3n Micro Top pan - Scales4u","description":"Nuestra gama de balanzas de precisi\u00f3n Micro est\u00e1 disponible en varias capacidades. Esta gama es adecuada para laboratorios, ya que dispone de una funci\u00f3n de pesaje por defecto.","robots":{"index":"index","follow":"follow","max-snippet":"max-snippet:-1","max-image-preview":"max-image-preview:large","max-video-preview":"max-video-preview:-1"},"canonical":"https:\/\/scales4u.pt\/es\/producto\/balanza-de-precision-micro-top-pan\/","og_locale":"es_ES","og_type":"article","og_title":"Balanza de precisi\u00f3n Micro Top pan - Scales4u","og_description":"Nuestra gama de balanzas de precisi\u00f3n Micro est\u00e1 disponible en varias capacidades. Esta gama es adecuada para laboratorios, ya que dispone de una funci\u00f3n de pesaje por defecto.","og_url":"https:\/\/scales4u.pt\/es\/producto\/balanza-de-precision-micro-top-pan\/","og_site_name":"Scales4u","article_publisher":"https:\/\/www.facebook.com\/scales4u.pt\/","article_modified_time":"2023-08-04T09:47:55+00:00","og_image":[{"width":750,"height":900,"url":"https:\/\/scales4u.pt\/wp-content\/uploads\/2019\/11\/NHB150-thumbnail.jpg","type":"image\/jpeg"}],"twitter_card":"summary_large_image","schema":{"@context":"https:\/\/schema.org","@graph":[{"@type":"WebPage","@id":"https:\/\/scales4u.pt\/es\/producto\/balanza-de-precision-micro-top-pan\/","url":"https:\/\/scales4u.pt\/es\/producto\/balanza-de-precision-micro-top-pan\/","name":"Balanza de precisi\u00f3n Micro Top pan - Scales4u","isPartOf":{"@id":"https:\/\/scales4u.pt\/es\/#website"},"primaryImageOfPage":{"@id":"https:\/\/scales4u.pt\/es\/producto\/balanza-de-precision-micro-top-pan\/#primaryimage"},"image":{"@id":"https:\/\/scales4u.pt\/es\/producto\/balanza-de-precision-micro-top-pan\/#primaryimage"},"thumbnailUrl":"https:\/\/scales4u.pt\/wp-content\/uploads\/2019\/11\/NHB150-thumbnail.jpg","datePublished":"2021-01-27T10:44:38+00:00","dateModified":"2023-08-04T09:47:55+00:00","description":"Nuestra gama de balanzas de precisi\u00f3n Micro est\u00e1 disponible en varias capacidades. Esta gama es adecuada para laboratorios, ya que dispone de una funci\u00f3n de pesaje por defecto.","breadcrumb":{"@id":"https:\/\/scales4u.pt\/es\/producto\/balanza-de-precision-micro-top-pan\/#breadcrumb"},"inLanguage":"es","potentialAction":[{"@type":"ReadAction","target":["https:\/\/scales4u.pt\/es\/producto\/balanza-de-precision-micro-top-pan\/"]}]},{"@type":"ImageObject","inLanguage":"es","@id":"https:\/\/scales4u.pt\/es\/producto\/balanza-de-precision-micro-top-pan\/#primaryimage","url":"https:\/\/scales4u.pt\/wp-content\/uploads\/2019\/11\/NHB150-thumbnail.jpg","contentUrl":"https:\/\/scales4u.pt\/wp-content\/uploads\/2019\/11\/NHB150-thumbnail.jpg","width":750,"height":900,"caption":"Micro Balanza Top Pan"},{"@type":"BreadcrumbList","@id":"https:\/\/scales4u.pt\/es\/producto\/balanza-de-precision-micro-top-pan\/#breadcrumb","itemListElement":[{"@type":"ListItem","position":1,"name":"HomeCasaHogar","item":"https:\/\/scales4u.pt\/es\/"},{"@type":"ListItem","position":2,"name":"Tienda","item":"https:\/\/scales4u.pt\/es\/tienda\/"},{"@type":"ListItem","position":3,"name":"Balanza de precisi\u00f3n Micro Top pan"}]},{"@type":"WebSite","@id":"https:\/\/scales4u.pt\/es\/#website","url":"https:\/\/scales4u.pt\/es\/","name":"Scales4u","description":"Weighing Equipment &amp; Accessories","publisher":{"@id":"https:\/\/scales4u.pt\/es\/#organization"},"potentialAction":[{"@type":"SearchAction","target":{"@type":"EntryPoint","urlTemplate":"https:\/\/scales4u.pt\/es\/?s={search_term_string}"},"query-input":{"@type":"PropertyValueSpecification","valueRequired":true,"valueName":"search_term_string"}}],"inLanguage":"es"},{"@type":"Organization","@id":"https:\/\/scales4u.pt\/es\/#organization","name":"Scales4u","url":"https:\/\/scales4u.pt\/es\/","logo":{"@type":"ImageObject","inLanguage":"es","@id":"https:\/\/scales4u.pt\/es\/#\/schema\/logo\/image\/","url":"","contentUrl":"","caption":"Scales4u"},"image":{"@id":"https:\/\/scales4u.pt\/es\/#\/schema\/logo\/image\/"},"sameAs":["https:\/\/www.facebook.com\/scales4u.pt\/","https:\/\/www.instagram.com\/scales4u.pt\/"]}]}},"uagb_featured_image_src":{"full":["https:\/\/scales4u.pt\/wp-content\/uploads\/2019\/11\/NHB150-thumbnail.jpg",750,900,false],"thumbnail":["https:\/\/scales4u.pt\/wp-content\/uploads\/2019\/11\/NHB150-thumbnail-150x150.jpg",150,150,true],"medium":["https:\/\/scales4u.pt\/wp-content\/uploads\/2019\/11\/NHB150-thumbnail-250x300.jpg",250,300,true],"medium_large":["https:\/\/scales4u.pt\/wp-content\/uploads\/2019\/11\/NHB150-thumbnail.jpg",750,900,false],"large":["https:\/\/scales4u.pt\/wp-content\/uploads\/2019\/11\/NHB150-thumbnail.jpg",750,900,false],"1536x1536":["https:\/\/scales4u.pt\/wp-content\/uploads\/2019\/11\/NHB150-thumbnail.jpg",750,900,false],"2048x2048":["https:\/\/scales4u.pt\/wp-content\/uploads\/2019\/11\/NHB150-thumbnail.jpg",750,900,false],"woocommerce_thumbnail":["https:\/\/scales4u.pt\/wp-content\/uploads\/2019\/11\/NHB150-thumbnail-300x360.jpg",300,360,true],"woocommerce_single":["https:\/\/scales4u.pt\/wp-content\/uploads\/2019\/11\/NHB150-thumbnail-600x720.jpg",600,720,true],"woocommerce_gallery_thumbnail":["https:\/\/scales4u.pt\/wp-content\/uploads\/2019\/11\/NHB150-thumbnail-100x100.jpg",100,100,true]},"uagb_author_info":{"display_name":"admin","author_link":"https:\/\/scales4u.pt\/es\/author\/"},"uagb_comment_info":0,"uagb_excerpt":"Caracteristicas: Varias capacidades disponibles Funciones: Pesaje porcentual, recuento y acumulaci\u00f3n LCD de 16,5 mm con retroiluminaci\u00f3n LED blanca Bajo pesaje, modo continuo RS232 Parabrisas (Modelos NHB150 \/ NHB600) Alimentaci\u00f3n: Bater\u00eda recargable \/ Adaptador de CA Varias unidades de pesaje Placa superior de acero inoxidable : NHB150 (80mm Di\u00e1metro) Placa superior de acero inoxidable : NHB600&hellip;","_links":{"self":[{"href":"https:\/\/scales4u.pt\/es\/wp-json\/wp\/v2\/product\/17964"}],"collection":[{"href":"https:\/\/scales4u.pt\/es\/wp-json\/wp\/v2\/product"}],"about":[{"href":"https:\/\/scales4u.pt\/es\/wp-json\/wp\/v2\/types\/product"}],"wp:featuredmedia":[{"embeddable":true,"href":"https:\/\/scales4u.pt\/es\/wp-json\/wp\/v2\/media\/17965"}],"wp:attachment":[{"href":"https:\/\/scales4u.pt\/es\/wp-json\/wp\/v2\/media?parent=17964"}],"wp:term":[{"taxonomy":"product_brand","embeddable":true,"href":"https:\/\/scales4u.pt\/es\/wp-json\/wp\/v2\/product_brand?post=17964"},{"taxonomy":"product_cat","embeddable":true,"href":"https:\/\/scales4u.pt\/es\/wp-json\/wp\/v2\/product_cat?post=17964"},{"taxonomy":"product_tag","embeddable":true,"href":"https:\/\/scales4u.pt\/es\/wp-json\/wp\/v2\/product_tag?post=17964"}],"curies":[{"name":"wp","href":"https:\/\/api.w.org\/{rel}","templated":true}]}}