{"id":17977,"date":"2019-11-12T16:39:49","date_gmt":"2021-01-27T10:53:56","guid":{"rendered":"https:\/\/scales4u.pt\/product\/balanza-cuentapiezas-de-mesa-micro-zhc\/"},"modified":"2024-09-01T00:01:52","modified_gmt":"2024-09-01T00:01:52","slug":"balanza-cuentapiezas-demesa-micro-zhc","status":"publish","type":"product","link":"https:\/\/scales4u.pt\/es\/producto\/balanza-cuentapiezas-demesa-micro-zhc\/","title":{"rendered":"Balanza Cuentapiezas De Mesa Micro ZHC"},"content":{"rendered":"<p>Caracteristicas<\/p>\n<ul>\n<li>Pantalla LCD de 15 cm con retroiluminaci\u00f3n LED blanca<\/li>\n<li>Cuentapiezas<\/li>\n<li>Funci\u00f3n de acumulaci\u00f3n, tara y cero<\/li>\n<li>Caja de ABS<\/li>\n<li>Alarma de cantidad<\/li>\n<li>Placa superior de acero inoxidable: 205mm x 263mm<\/li>\n<li>Energ\u00eda: Bater\u00eda recargable \/ adaptador de CA<\/li>\n<\/ul>\n","protected":false},"excerpt":{"rendered":"<p>Caracteristicas Pantalla LCD de 15 cm con retroiluminaci\u00f3n LED blanca Cuentapiezas Funci\u00f3n de acumulaci\u00f3n, tara y cero Caja de ABS Alarma de cantidad Placa superior de acero inoxidable: 205mm x 263mm Energ\u00eda: Bater\u00eda recargable \/ adaptador de CA<\/p>\n","protected":false},"featured_media":22624,"template":"","meta":{"_uag_custom_page_level_css":""},"product_brand":[],"product_cat":[261,251],"product_tag":[311,290,312,291],"class_list":{"0":"post-17977","1":"product","2":"type-product","3":"status-publish","4":"has-post-thumbnail","6":"product_cat-balanzas-cuentapiezas","7":"product_cat-balanzas-solo-peso","8":"product_tag-balanza-cuentapiezas","9":"product_tag-balanza-de-mesa","10":"product_tag-cuentapiezas","11":"product_tag-micro-escala-es","13":"first","14":"instock","15":"taxable","16":"shipping-taxable","17":"purchasable","18":"product-type-variable"},"supplier_id":null,"supplier_sku":"","barcode":null,"atum_controlled":true,"out_stock_date":"2020-03-25 09:24:12","out_stock_threshold":null,"inheritable":true,"inbound_stock":null,"stock_on_hold":0,"sold_today":0,"sales_last_days":0,"reserved_stock":0,"customer_returns":0,"warehouse_damage":0,"lost_in_post":0,"other_logs":0,"out_stock_days":2206,"lost_sales":0,"has_location":false,"update_date":"2026-04-09T17:30:49","atum_locations":[],"atum_stock_status":"instock","restock_status":false,"low_stock_amount":"","sales_update_date":"2026-04-09T17:30:49","calc_backorders":null,"linked_bom":[],"sync_purchase_price":false,"bom_sellable":null,"minimum_threshold":null,"available_to_purchase":null,"selling_priority":null,"calculated_stock":null,"is_bom":false,"yoast_head":"<!-- This site is optimized with the Yoast SEO plugin v24.2 - https:\/\/yoast.com\/wordpress\/plugins\/seo\/ -->\n<title>Balanza Cuentapiezas De Mesa Micro ZHC - Scales4u<\/title>\n<meta name=\"description\" content=\"La balanza de conteo de mesa Micro ZHC est\u00e1 disponible en varias capacidades, lo que facilita mucho el conteo de art\u00edculos. Esta balanza puede contar varios objetos.\" \/>\n<meta name=\"robots\" content=\"index, follow, max-snippet:-1, max-image-preview:large, max-video-preview:-1\" \/>\n<link rel=\"canonical\" href=\"https:\/\/scales4u.pt\/es\/producto\/balanza-cuentapiezas-demesa-micro-zhc\/\" \/>\n<meta property=\"og:locale\" content=\"es_ES\" \/>\n<meta property=\"og:type\" content=\"article\" \/>\n<meta property=\"og:title\" content=\"Balanza Cuentapiezas De Mesa Micro ZHC - Scales4u\" \/>\n<meta property=\"og:description\" content=\"La balanza de conteo de mesa Micro ZHC est\u00e1 disponible en varias capacidades, lo que facilita mucho el conteo de art\u00edculos. Esta balanza puede contar varios objetos.\" \/>\n<meta property=\"og:url\" content=\"https:\/\/scales4u.pt\/es\/producto\/balanza-cuentapiezas-demesa-micro-zhc\/\" \/>\n<meta property=\"og:site_name\" content=\"Scales4u\" \/>\n<meta property=\"article:publisher\" content=\"https:\/\/www.facebook.com\/scales4u.pt\/\" \/>\n<meta property=\"article:modified_time\" content=\"2024-09-01T00:01:52+00:00\" \/>\n<meta property=\"og:image\" content=\"https:\/\/scales4u.pt\/wp-content\/uploads\/2019\/11\/Scale4u-ZHC-side-1.webp\" \/>\n\t<meta property=\"og:image:width\" content=\"1200\" \/>\n\t<meta property=\"og:image:height\" content=\"1200\" \/>\n\t<meta property=\"og:image:type\" content=\"image\/webp\" \/>\n<meta name=\"twitter:card\" content=\"summary_large_image\" \/>\n<meta name=\"twitter:label1\" content=\"Tiempo de lectura\" \/>\n\t<meta name=\"twitter:data1\" content=\"1 minuto\" \/>\n<script type=\"application\/ld+json\" class=\"yoast-schema-graph\">{\"@context\":\"https:\/\/schema.org\",\"@graph\":[{\"@type\":\"WebPage\",\"@id\":\"https:\/\/scales4u.pt\/es\/producto\/balanza-cuentapiezas-demesa-micro-zhc\/\",\"url\":\"https:\/\/scales4u.pt\/es\/producto\/balanza-cuentapiezas-demesa-micro-zhc\/\",\"name\":\"Balanza Cuentapiezas De Mesa Micro ZHC - Scales4u\",\"isPartOf\":{\"@id\":\"https:\/\/scales4u.pt\/es\/#website\"},\"primaryImageOfPage\":{\"@id\":\"https:\/\/scales4u.pt\/es\/producto\/balanza-cuentapiezas-demesa-micro-zhc\/#primaryimage\"},\"image\":{\"@id\":\"https:\/\/scales4u.pt\/es\/producto\/balanza-cuentapiezas-demesa-micro-zhc\/#primaryimage\"},\"thumbnailUrl\":\"https:\/\/scales4u.pt\/wp-content\/uploads\/2019\/11\/Scale4u-ZHC-side-1.webp\",\"datePublished\":\"2021-01-27T10:53:56+00:00\",\"dateModified\":\"2024-09-01T00:01:52+00:00\",\"description\":\"La balanza de conteo de mesa Micro ZHC est\u00e1 disponible en varias capacidades, lo que facilita mucho el conteo de art\u00edculos. Esta balanza puede contar varios objetos.\",\"breadcrumb\":{\"@id\":\"https:\/\/scales4u.pt\/es\/producto\/balanza-cuentapiezas-demesa-micro-zhc\/#breadcrumb\"},\"inLanguage\":\"es\",\"potentialAction\":[{\"@type\":\"ReadAction\",\"target\":[\"https:\/\/scales4u.pt\/es\/producto\/balanza-cuentapiezas-demesa-micro-zhc\/\"]}]},{\"@type\":\"ImageObject\",\"inLanguage\":\"es\",\"@id\":\"https:\/\/scales4u.pt\/es\/producto\/balanza-cuentapiezas-demesa-micro-zhc\/#primaryimage\",\"url\":\"https:\/\/scales4u.pt\/wp-content\/uploads\/2019\/11\/Scale4u-ZHC-side-1.webp\",\"contentUrl\":\"https:\/\/scales4u.pt\/wp-content\/uploads\/2019\/11\/Scale4u-ZHC-side-1.webp\",\"width\":1200,\"height\":1200,\"caption\":\"Scale4u-ZHC-side-1\"},{\"@type\":\"BreadcrumbList\",\"@id\":\"https:\/\/scales4u.pt\/es\/producto\/balanza-cuentapiezas-demesa-micro-zhc\/#breadcrumb\",\"itemListElement\":[{\"@type\":\"ListItem\",\"position\":1,\"name\":\"HomeCasaHogar\",\"item\":\"https:\/\/scales4u.pt\/es\/\"},{\"@type\":\"ListItem\",\"position\":2,\"name\":\"Tienda\",\"item\":\"https:\/\/scales4u.pt\/es\/tienda\/\"},{\"@type\":\"ListItem\",\"position\":3,\"name\":\"Balanza Cuentapiezas De Mesa Micro ZHC\"}]},{\"@type\":\"WebSite\",\"@id\":\"https:\/\/scales4u.pt\/es\/#website\",\"url\":\"https:\/\/scales4u.pt\/es\/\",\"name\":\"Scales4u\",\"description\":\"Weighing Equipment &amp; Accessories\",\"publisher\":{\"@id\":\"https:\/\/scales4u.pt\/es\/#organization\"},\"potentialAction\":[{\"@type\":\"SearchAction\",\"target\":{\"@type\":\"EntryPoint\",\"urlTemplate\":\"https:\/\/scales4u.pt\/es\/?s={search_term_string}\"},\"query-input\":{\"@type\":\"PropertyValueSpecification\",\"valueRequired\":true,\"valueName\":\"search_term_string\"}}],\"inLanguage\":\"es\"},{\"@type\":\"Organization\",\"@id\":\"https:\/\/scales4u.pt\/es\/#organization\",\"name\":\"Scales4u\",\"url\":\"https:\/\/scales4u.pt\/es\/\",\"logo\":{\"@type\":\"ImageObject\",\"inLanguage\":\"es\",\"@id\":\"https:\/\/scales4u.pt\/es\/#\/schema\/logo\/image\/\",\"url\":\"\",\"contentUrl\":\"\",\"caption\":\"Scales4u\"},\"image\":{\"@id\":\"https:\/\/scales4u.pt\/es\/#\/schema\/logo\/image\/\"},\"sameAs\":[\"https:\/\/www.facebook.com\/scales4u.pt\/\",\"https:\/\/www.instagram.com\/scales4u.pt\/\"]}]}<\/script>\n<!-- \/ Yoast SEO plugin. -->","yoast_head_json":{"title":"Balanza Cuentapiezas De Mesa Micro ZHC - Scales4u","description":"La balanza de conteo de mesa Micro ZHC est\u00e1 disponible en varias capacidades, lo que facilita mucho el conteo de art\u00edculos. Esta balanza puede contar varios objetos.","robots":{"index":"index","follow":"follow","max-snippet":"max-snippet:-1","max-image-preview":"max-image-preview:large","max-video-preview":"max-video-preview:-1"},"canonical":"https:\/\/scales4u.pt\/es\/producto\/balanza-cuentapiezas-demesa-micro-zhc\/","og_locale":"es_ES","og_type":"article","og_title":"Balanza Cuentapiezas De Mesa Micro ZHC - Scales4u","og_description":"La balanza de conteo de mesa Micro ZHC est\u00e1 disponible en varias capacidades, lo que facilita mucho el conteo de art\u00edculos. Esta balanza puede contar varios objetos.","og_url":"https:\/\/scales4u.pt\/es\/producto\/balanza-cuentapiezas-demesa-micro-zhc\/","og_site_name":"Scales4u","article_publisher":"https:\/\/www.facebook.com\/scales4u.pt\/","article_modified_time":"2024-09-01T00:01:52+00:00","og_image":[{"width":1200,"height":1200,"url":"https:\/\/scales4u.pt\/wp-content\/uploads\/2019\/11\/Scale4u-ZHC-side-1.webp","type":"image\/webp"}],"twitter_card":"summary_large_image","twitter_misc":{"Tiempo de lectura":"1 minuto"},"schema":{"@context":"https:\/\/schema.org","@graph":[{"@type":"WebPage","@id":"https:\/\/scales4u.pt\/es\/producto\/balanza-cuentapiezas-demesa-micro-zhc\/","url":"https:\/\/scales4u.pt\/es\/producto\/balanza-cuentapiezas-demesa-micro-zhc\/","name":"Balanza Cuentapiezas De Mesa Micro ZHC - Scales4u","isPartOf":{"@id":"https:\/\/scales4u.pt\/es\/#website"},"primaryImageOfPage":{"@id":"https:\/\/scales4u.pt\/es\/producto\/balanza-cuentapiezas-demesa-micro-zhc\/#primaryimage"},"image":{"@id":"https:\/\/scales4u.pt\/es\/producto\/balanza-cuentapiezas-demesa-micro-zhc\/#primaryimage"},"thumbnailUrl":"https:\/\/scales4u.pt\/wp-content\/uploads\/2019\/11\/Scale4u-ZHC-side-1.webp","datePublished":"2021-01-27T10:53:56+00:00","dateModified":"2024-09-01T00:01:52+00:00","description":"La balanza de conteo de mesa Micro ZHC est\u00e1 disponible en varias capacidades, lo que facilita mucho el conteo de art\u00edculos. Esta balanza puede contar varios objetos.","breadcrumb":{"@id":"https:\/\/scales4u.pt\/es\/producto\/balanza-cuentapiezas-demesa-micro-zhc\/#breadcrumb"},"inLanguage":"es","potentialAction":[{"@type":"ReadAction","target":["https:\/\/scales4u.pt\/es\/producto\/balanza-cuentapiezas-demesa-micro-zhc\/"]}]},{"@type":"ImageObject","inLanguage":"es","@id":"https:\/\/scales4u.pt\/es\/producto\/balanza-cuentapiezas-demesa-micro-zhc\/#primaryimage","url":"https:\/\/scales4u.pt\/wp-content\/uploads\/2019\/11\/Scale4u-ZHC-side-1.webp","contentUrl":"https:\/\/scales4u.pt\/wp-content\/uploads\/2019\/11\/Scale4u-ZHC-side-1.webp","width":1200,"height":1200,"caption":"Scale4u-ZHC-side-1"},{"@type":"BreadcrumbList","@id":"https:\/\/scales4u.pt\/es\/producto\/balanza-cuentapiezas-demesa-micro-zhc\/#breadcrumb","itemListElement":[{"@type":"ListItem","position":1,"name":"HomeCasaHogar","item":"https:\/\/scales4u.pt\/es\/"},{"@type":"ListItem","position":2,"name":"Tienda","item":"https:\/\/scales4u.pt\/es\/tienda\/"},{"@type":"ListItem","position":3,"name":"Balanza Cuentapiezas De Mesa Micro ZHC"}]},{"@type":"WebSite","@id":"https:\/\/scales4u.pt\/es\/#website","url":"https:\/\/scales4u.pt\/es\/","name":"Scales4u","description":"Weighing Equipment &amp; Accessories","publisher":{"@id":"https:\/\/scales4u.pt\/es\/#organization"},"potentialAction":[{"@type":"SearchAction","target":{"@type":"EntryPoint","urlTemplate":"https:\/\/scales4u.pt\/es\/?s={search_term_string}"},"query-input":{"@type":"PropertyValueSpecification","valueRequired":true,"valueName":"search_term_string"}}],"inLanguage":"es"},{"@type":"Organization","@id":"https:\/\/scales4u.pt\/es\/#organization","name":"Scales4u","url":"https:\/\/scales4u.pt\/es\/","logo":{"@type":"ImageObject","inLanguage":"es","@id":"https:\/\/scales4u.pt\/es\/#\/schema\/logo\/image\/","url":"","contentUrl":"","caption":"Scales4u"},"image":{"@id":"https:\/\/scales4u.pt\/es\/#\/schema\/logo\/image\/"},"sameAs":["https:\/\/www.facebook.com\/scales4u.pt\/","https:\/\/www.instagram.com\/scales4u.pt\/"]}]}},"uagb_featured_image_src":{"full":["https:\/\/scales4u.pt\/wp-content\/uploads\/2019\/11\/Scale4u-ZHC-side-1.webp",1200,1200,false],"thumbnail":["https:\/\/scales4u.pt\/wp-content\/uploads\/2019\/11\/Scale4u-ZHC-side-1-150x150.webp",150,150,true],"medium":["https:\/\/scales4u.pt\/wp-content\/uploads\/2019\/11\/Scale4u-ZHC-side-1-300x300.webp",300,300,true],"medium_large":["https:\/\/scales4u.pt\/wp-content\/uploads\/2019\/11\/Scale4u-ZHC-side-1-768x768.webp",768,768,true],"large":["https:\/\/scales4u.pt\/wp-content\/uploads\/2019\/11\/Scale4u-ZHC-side-1-1024x1024.webp",1024,1024,true],"1536x1536":["https:\/\/scales4u.pt\/wp-content\/uploads\/2019\/11\/Scale4u-ZHC-side-1.webp",1200,1200,false],"2048x2048":["https:\/\/scales4u.pt\/wp-content\/uploads\/2019\/11\/Scale4u-ZHC-side-1.webp",1200,1200,false],"woocommerce_thumbnail":["https:\/\/scales4u.pt\/wp-content\/uploads\/2019\/11\/Scale4u-ZHC-side-1-300x300.webp",300,300,true],"woocommerce_single":["https:\/\/scales4u.pt\/wp-content\/uploads\/2019\/11\/Scale4u-ZHC-side-1-600x600.webp",600,600,true],"woocommerce_gallery_thumbnail":["https:\/\/scales4u.pt\/wp-content\/uploads\/2019\/11\/Scale4u-ZHC-side-1-100x100.webp",100,100,true]},"uagb_author_info":{"display_name":"admin","author_link":"https:\/\/scales4u.pt\/es\/author\/"},"uagb_comment_info":0,"uagb_excerpt":"Caracteristicas Pantalla LCD de 15 cm con retroiluminaci\u00f3n LED blanca Cuentapiezas Funci\u00f3n de acumulaci\u00f3n, tara y cero Caja de ABS Alarma de cantidad Placa superior de acero inoxidable: 205mm x 263mm Energ\u00eda: Bater\u00eda recargable \/ adaptador de CA","_links":{"self":[{"href":"https:\/\/scales4u.pt\/es\/wp-json\/wp\/v2\/product\/17977"}],"collection":[{"href":"https:\/\/scales4u.pt\/es\/wp-json\/wp\/v2\/product"}],"about":[{"href":"https:\/\/scales4u.pt\/es\/wp-json\/wp\/v2\/types\/product"}],"wp:featuredmedia":[{"embeddable":true,"href":"https:\/\/scales4u.pt\/es\/wp-json\/wp\/v2\/media\/22624"}],"wp:attachment":[{"href":"https:\/\/scales4u.pt\/es\/wp-json\/wp\/v2\/media?parent=17977"}],"wp:term":[{"taxonomy":"product_brand","embeddable":true,"href":"https:\/\/scales4u.pt\/es\/wp-json\/wp\/v2\/product_brand?post=17977"},{"taxonomy":"product_cat","embeddable":true,"href":"https:\/\/scales4u.pt\/es\/wp-json\/wp\/v2\/product_cat?post=17977"},{"taxonomy":"product_tag","embeddable":true,"href":"https:\/\/scales4u.pt\/es\/wp-json\/wp\/v2\/product_tag?post=17977"}],"curies":[{"name":"wp","href":"https:\/\/api.w.org\/{rel}","templated":true}]}}