{"id":18411,"date":"2021-07-13T10:58:11","date_gmt":"2021-07-23T09:48:54","guid":{"rendered":"https:\/\/scales4u.pt\/product\/basculas-para-silla-de-ruedas-ms-verificada\/"},"modified":"2023-02-09T10:00:50","modified_gmt":"2023-02-09T10:00:50","slug":"basculas-para-silla-de-ruedas-ms","status":"publish","type":"product","link":"https:\/\/scales4u.pt\/es\/producto\/basculas-para-silla-de-ruedas-ms\/","title":{"rendered":"B\u00e1sculas para silla de ruedas MS (Verificada)"},"content":{"rendered":"<p>Caracteristicas:<\/p>\n<ul>\n<li>Capacidad m\u00e1xima: 300 kg<\/li>\n<li>Divisi\u00f3n: 100g<\/li>\n<li>Dimensiones totales: 1150 (D) x 800 (A) x 66 (Al) mm<\/li>\n<li>Dimensiones de la plataforma: 900 x 740 mm<\/li>\n<li>Fuente de alimentaci\u00f3n: paquete de bater\u00edas recargables \/ bater\u00edas AA * 6<br \/>\n\/ Adaptador de corriente<\/li>\n<li>Funci\u00f3n IMC (\u00edndice de masa corporal)<\/li>\n<li>Caracter\u00edsticas: retenci\u00f3n, tara, pre-tara, luz de fondo<\/li>\n<li>Pasamanos incluido<\/li>\n<\/ul>\n","protected":false},"excerpt":{"rendered":"<p>Caracteristicas: Capacidad m\u00e1xima: 300 kg Divisi\u00f3n: 100g Dimensiones totales: 1150 (D) x 800 (A) x 66 (Al) mm Dimensiones de la plataforma: 900 x 740 mm Fuente de alimentaci\u00f3n: paquete de bater\u00edas recargables \/ bater\u00edas AA * 6 \/ Adaptador de corriente Funci\u00f3n IMC (\u00edndice de masa corporal) Caracter\u00edsticas: retenci\u00f3n, tara, pre-tara, luz de fondo&hellip;<\/p>\n","protected":false},"featured_media":20241,"template":"","meta":{"_uag_custom_page_level_css":""},"product_brand":[],"product_cat":[244,245],"product_tag":[],"class_list":{"0":"post-18411","1":"product","2":"type-product","3":"status-publish","4":"has-post-thumbnail","6":"product_cat-basculas-medicas","7":"product_cat-basculas-para-adultos","9":"first","10":"instock","11":"featured","12":"taxable","13":"shipping-taxable","14":"purchasable","15":"product-type-simple"},"supplier_id":null,"supplier_sku":"","barcode":null,"atum_controlled":true,"out_stock_date":null,"out_stock_threshold":null,"inheritable":false,"inbound_stock":0,"stock_on_hold":0,"sold_today":0,"sales_last_days":0,"reserved_stock":0,"customer_returns":0,"warehouse_damage":0,"lost_in_post":0,"other_logs":0,"out_stock_days":0,"lost_sales":0,"has_location":false,"update_date":"2026-04-11T17:34:23","atum_locations":[],"atum_stock_status":"instock","restock_status":false,"low_stock_amount":0,"sales_update_date":"2026-04-11T17:34:23","calc_backorders":0,"linked_bom":[],"sync_purchase_price":false,"bom_sellable":null,"minimum_threshold":null,"available_to_purchase":null,"selling_priority":null,"calculated_stock":null,"is_bom":false,"yoast_head":"<!-- This site is optimized with the Yoast SEO plugin v24.2 - https:\/\/yoast.com\/wordpress\/plugins\/seo\/ -->\n<title>B\u00e1sculas para silla de ruedas MS (Verificada) - Scales4u<\/title>\n<meta name=\"robots\" content=\"index, follow, max-snippet:-1, max-image-preview:large, max-video-preview:-1\" \/>\n<link rel=\"canonical\" href=\"https:\/\/scales4u.pt\/es\/producto\/basculas-para-silla-de-ruedas-ms\/\" \/>\n<meta property=\"og:locale\" content=\"es_ES\" \/>\n<meta property=\"og:type\" content=\"article\" \/>\n<meta property=\"og:title\" content=\"B\u00e1sculas para silla de ruedas MS (Verificada) - Scales4u\" \/>\n<meta property=\"og:description\" content=\"Caracteristicas: Capacidad m\u00e1xima: 300 kg Divisi\u00f3n: 100g Dimensiones totales: 1150 (D) x 800 (A) x 66 (Al) mm Dimensiones de la plataforma: 900 x 740 mm Fuente de alimentaci\u00f3n: paquete de bater\u00edas recargables \/ bater\u00edas AA * 6 \/ Adaptador de corriente Funci\u00f3n IMC (\u00edndice de masa corporal) Caracter\u00edsticas: retenci\u00f3n, tara, pre-tara, luz de fondo&hellip;\" \/>\n<meta property=\"og:url\" content=\"https:\/\/scales4u.pt\/es\/producto\/basculas-para-silla-de-ruedas-ms\/\" \/>\n<meta property=\"og:site_name\" content=\"Scales4u\" \/>\n<meta property=\"article:publisher\" content=\"https:\/\/www.facebook.com\/scales4u.pt\/\" \/>\n<meta property=\"article:modified_time\" content=\"2023-02-09T10:00:50+00:00\" \/>\n<meta property=\"og:image\" content=\"https:\/\/scales4u.pt\/wp-content\/uploads\/2021\/07\/MS-Wheelchair-Scale-1-scaled.jpg\" \/>\n\t<meta property=\"og:image:width\" content=\"2560\" \/>\n\t<meta property=\"og:image:height\" content=\"2425\" \/>\n\t<meta property=\"og:image:type\" content=\"image\/jpeg\" \/>\n<meta name=\"twitter:card\" content=\"summary_large_image\" \/>\n<script type=\"application\/ld+json\" class=\"yoast-schema-graph\">{\"@context\":\"https:\/\/schema.org\",\"@graph\":[{\"@type\":\"WebPage\",\"@id\":\"https:\/\/scales4u.pt\/es\/producto\/basculas-para-silla-de-ruedas-ms\/\",\"url\":\"https:\/\/scales4u.pt\/es\/producto\/basculas-para-silla-de-ruedas-ms\/\",\"name\":\"B\u00e1sculas para silla de ruedas MS (Verificada) - Scales4u\",\"isPartOf\":{\"@id\":\"https:\/\/scales4u.pt\/es\/#website\"},\"primaryImageOfPage\":{\"@id\":\"https:\/\/scales4u.pt\/es\/producto\/basculas-para-silla-de-ruedas-ms\/#primaryimage\"},\"image\":{\"@id\":\"https:\/\/scales4u.pt\/es\/producto\/basculas-para-silla-de-ruedas-ms\/#primaryimage\"},\"thumbnailUrl\":\"https:\/\/scales4u.pt\/wp-content\/uploads\/2021\/07\/Balanca-Para-cadeira-de-rodas-MS.jpg\",\"datePublished\":\"2021-07-23T09:48:54+00:00\",\"dateModified\":\"2023-02-09T10:00:50+00:00\",\"breadcrumb\":{\"@id\":\"https:\/\/scales4u.pt\/es\/producto\/basculas-para-silla-de-ruedas-ms\/#breadcrumb\"},\"inLanguage\":\"es\",\"potentialAction\":[{\"@type\":\"ReadAction\",\"target\":[\"https:\/\/scales4u.pt\/es\/producto\/basculas-para-silla-de-ruedas-ms\/\"]}]},{\"@type\":\"ImageObject\",\"inLanguage\":\"es\",\"@id\":\"https:\/\/scales4u.pt\/es\/producto\/basculas-para-silla-de-ruedas-ms\/#primaryimage\",\"url\":\"https:\/\/scales4u.pt\/wp-content\/uploads\/2021\/07\/Balanca-Para-cadeira-de-rodas-MS.jpg\",\"contentUrl\":\"https:\/\/scales4u.pt\/wp-content\/uploads\/2021\/07\/Balanca-Para-cadeira-de-rodas-MS.jpg\",\"width\":800,\"height\":800},{\"@type\":\"BreadcrumbList\",\"@id\":\"https:\/\/scales4u.pt\/es\/producto\/basculas-para-silla-de-ruedas-ms\/#breadcrumb\",\"itemListElement\":[{\"@type\":\"ListItem\",\"position\":1,\"name\":\"HomeCasaHogar\",\"item\":\"https:\/\/scales4u.pt\/es\/\"},{\"@type\":\"ListItem\",\"position\":2,\"name\":\"Tienda\",\"item\":\"https:\/\/scales4u.pt\/es\/tienda\/\"},{\"@type\":\"ListItem\",\"position\":3,\"name\":\"B\u00e1sculas para silla de ruedas MS (Verificada)\"}]},{\"@type\":\"WebSite\",\"@id\":\"https:\/\/scales4u.pt\/es\/#website\",\"url\":\"https:\/\/scales4u.pt\/es\/\",\"name\":\"Scales4u\",\"description\":\"Weighing Equipment &amp; Accessories\",\"publisher\":{\"@id\":\"https:\/\/scales4u.pt\/es\/#organization\"},\"potentialAction\":[{\"@type\":\"SearchAction\",\"target\":{\"@type\":\"EntryPoint\",\"urlTemplate\":\"https:\/\/scales4u.pt\/es\/?s={search_term_string}\"},\"query-input\":{\"@type\":\"PropertyValueSpecification\",\"valueRequired\":true,\"valueName\":\"search_term_string\"}}],\"inLanguage\":\"es\"},{\"@type\":\"Organization\",\"@id\":\"https:\/\/scales4u.pt\/es\/#organization\",\"name\":\"Scales4u\",\"url\":\"https:\/\/scales4u.pt\/es\/\",\"logo\":{\"@type\":\"ImageObject\",\"inLanguage\":\"es\",\"@id\":\"https:\/\/scales4u.pt\/es\/#\/schema\/logo\/image\/\",\"url\":\"\",\"contentUrl\":\"\",\"caption\":\"Scales4u\"},\"image\":{\"@id\":\"https:\/\/scales4u.pt\/es\/#\/schema\/logo\/image\/\"},\"sameAs\":[\"https:\/\/www.facebook.com\/scales4u.pt\/\",\"https:\/\/www.instagram.com\/scales4u.pt\/\"]}]}<\/script>\n<!-- \/ Yoast SEO plugin. -->","yoast_head_json":{"title":"B\u00e1sculas para silla de ruedas MS (Verificada) - Scales4u","robots":{"index":"index","follow":"follow","max-snippet":"max-snippet:-1","max-image-preview":"max-image-preview:large","max-video-preview":"max-video-preview:-1"},"canonical":"https:\/\/scales4u.pt\/es\/producto\/basculas-para-silla-de-ruedas-ms\/","og_locale":"es_ES","og_type":"article","og_title":"B\u00e1sculas para silla de ruedas MS (Verificada) - Scales4u","og_description":"Caracteristicas: Capacidad m\u00e1xima: 300 kg Divisi\u00f3n: 100g Dimensiones totales: 1150 (D) x 800 (A) x 66 (Al) mm Dimensiones de la plataforma: 900 x 740 mm Fuente de alimentaci\u00f3n: paquete de bater\u00edas recargables \/ bater\u00edas AA * 6 \/ Adaptador de corriente Funci\u00f3n IMC (\u00edndice de masa corporal) Caracter\u00edsticas: retenci\u00f3n, tara, pre-tara, luz de fondo&hellip;","og_url":"https:\/\/scales4u.pt\/es\/producto\/basculas-para-silla-de-ruedas-ms\/","og_site_name":"Scales4u","article_publisher":"https:\/\/www.facebook.com\/scales4u.pt\/","article_modified_time":"2023-02-09T10:00:50+00:00","og_image":[{"width":2560,"height":2425,"url":"https:\/\/scales4u.pt\/wp-content\/uploads\/2021\/07\/MS-Wheelchair-Scale-1-scaled.jpg","type":"image\/jpeg"}],"twitter_card":"summary_large_image","schema":{"@context":"https:\/\/schema.org","@graph":[{"@type":"WebPage","@id":"https:\/\/scales4u.pt\/es\/producto\/basculas-para-silla-de-ruedas-ms\/","url":"https:\/\/scales4u.pt\/es\/producto\/basculas-para-silla-de-ruedas-ms\/","name":"B\u00e1sculas para silla de ruedas MS (Verificada) - Scales4u","isPartOf":{"@id":"https:\/\/scales4u.pt\/es\/#website"},"primaryImageOfPage":{"@id":"https:\/\/scales4u.pt\/es\/producto\/basculas-para-silla-de-ruedas-ms\/#primaryimage"},"image":{"@id":"https:\/\/scales4u.pt\/es\/producto\/basculas-para-silla-de-ruedas-ms\/#primaryimage"},"thumbnailUrl":"https:\/\/scales4u.pt\/wp-content\/uploads\/2021\/07\/Balanca-Para-cadeira-de-rodas-MS.jpg","datePublished":"2021-07-23T09:48:54+00:00","dateModified":"2023-02-09T10:00:50+00:00","breadcrumb":{"@id":"https:\/\/scales4u.pt\/es\/producto\/basculas-para-silla-de-ruedas-ms\/#breadcrumb"},"inLanguage":"es","potentialAction":[{"@type":"ReadAction","target":["https:\/\/scales4u.pt\/es\/producto\/basculas-para-silla-de-ruedas-ms\/"]}]},{"@type":"ImageObject","inLanguage":"es","@id":"https:\/\/scales4u.pt\/es\/producto\/basculas-para-silla-de-ruedas-ms\/#primaryimage","url":"https:\/\/scales4u.pt\/wp-content\/uploads\/2021\/07\/Balanca-Para-cadeira-de-rodas-MS.jpg","contentUrl":"https:\/\/scales4u.pt\/wp-content\/uploads\/2021\/07\/Balanca-Para-cadeira-de-rodas-MS.jpg","width":800,"height":800},{"@type":"BreadcrumbList","@id":"https:\/\/scales4u.pt\/es\/producto\/basculas-para-silla-de-ruedas-ms\/#breadcrumb","itemListElement":[{"@type":"ListItem","position":1,"name":"HomeCasaHogar","item":"https:\/\/scales4u.pt\/es\/"},{"@type":"ListItem","position":2,"name":"Tienda","item":"https:\/\/scales4u.pt\/es\/tienda\/"},{"@type":"ListItem","position":3,"name":"B\u00e1sculas para silla de ruedas MS (Verificada)"}]},{"@type":"WebSite","@id":"https:\/\/scales4u.pt\/es\/#website","url":"https:\/\/scales4u.pt\/es\/","name":"Scales4u","description":"Weighing Equipment &amp; Accessories","publisher":{"@id":"https:\/\/scales4u.pt\/es\/#organization"},"potentialAction":[{"@type":"SearchAction","target":{"@type":"EntryPoint","urlTemplate":"https:\/\/scales4u.pt\/es\/?s={search_term_string}"},"query-input":{"@type":"PropertyValueSpecification","valueRequired":true,"valueName":"search_term_string"}}],"inLanguage":"es"},{"@type":"Organization","@id":"https:\/\/scales4u.pt\/es\/#organization","name":"Scales4u","url":"https:\/\/scales4u.pt\/es\/","logo":{"@type":"ImageObject","inLanguage":"es","@id":"https:\/\/scales4u.pt\/es\/#\/schema\/logo\/image\/","url":"","contentUrl":"","caption":"Scales4u"},"image":{"@id":"https:\/\/scales4u.pt\/es\/#\/schema\/logo\/image\/"},"sameAs":["https:\/\/www.facebook.com\/scales4u.pt\/","https:\/\/www.instagram.com\/scales4u.pt\/"]}]}},"uagb_featured_image_src":{"full":["https:\/\/scales4u.pt\/wp-content\/uploads\/2021\/07\/Balanca-Para-cadeira-de-rodas-MS.jpg",800,800,false],"thumbnail":["https:\/\/scales4u.pt\/wp-content\/uploads\/2021\/07\/Balanca-Para-cadeira-de-rodas-MS-150x150.jpg",150,150,true],"medium":["https:\/\/scales4u.pt\/wp-content\/uploads\/2021\/07\/Balanca-Para-cadeira-de-rodas-MS-300x300.jpg",300,300,true],"medium_large":["https:\/\/scales4u.pt\/wp-content\/uploads\/2021\/07\/Balanca-Para-cadeira-de-rodas-MS-768x768.jpg",768,768,true],"large":["https:\/\/scales4u.pt\/wp-content\/uploads\/2021\/07\/Balanca-Para-cadeira-de-rodas-MS.jpg",800,800,false],"1536x1536":["https:\/\/scales4u.pt\/wp-content\/uploads\/2021\/07\/Balanca-Para-cadeira-de-rodas-MS.jpg",800,800,false],"2048x2048":["https:\/\/scales4u.pt\/wp-content\/uploads\/2021\/07\/Balanca-Para-cadeira-de-rodas-MS.jpg",800,800,false],"woocommerce_thumbnail":["https:\/\/scales4u.pt\/wp-content\/uploads\/2021\/07\/Balanca-Para-cadeira-de-rodas-MS-300x300.jpg",300,300,true],"woocommerce_single":["https:\/\/scales4u.pt\/wp-content\/uploads\/2021\/07\/Balanca-Para-cadeira-de-rodas-MS-600x600.jpg",600,600,true],"woocommerce_gallery_thumbnail":["https:\/\/scales4u.pt\/wp-content\/uploads\/2021\/07\/Balanca-Para-cadeira-de-rodas-MS-100x100.jpg",100,100,true]},"uagb_author_info":{"display_name":"admin","author_link":"https:\/\/scales4u.pt\/es\/author\/"},"uagb_comment_info":0,"uagb_excerpt":"Caracteristicas: Capacidad m\u00e1xima: 300 kg Divisi\u00f3n: 100g Dimensiones totales: 1150 (D) x 800 (A) x 66 (Al) mm Dimensiones de la plataforma: 900 x 740 mm Fuente de alimentaci\u00f3n: paquete de bater\u00edas recargables \/ bater\u00edas AA * 6 \/ Adaptador de corriente Funci\u00f3n IMC (\u00edndice de masa corporal) Caracter\u00edsticas: retenci\u00f3n, tara, pre-tara, luz de fondo&hellip;","_links":{"self":[{"href":"https:\/\/scales4u.pt\/es\/wp-json\/wp\/v2\/product\/18411"}],"collection":[{"href":"https:\/\/scales4u.pt\/es\/wp-json\/wp\/v2\/product"}],"about":[{"href":"https:\/\/scales4u.pt\/es\/wp-json\/wp\/v2\/types\/product"}],"wp:featuredmedia":[{"embeddable":true,"href":"https:\/\/scales4u.pt\/es\/wp-json\/wp\/v2\/media\/20241"}],"wp:attachment":[{"href":"https:\/\/scales4u.pt\/es\/wp-json\/wp\/v2\/media?parent=18411"}],"wp:term":[{"taxonomy":"product_brand","embeddable":true,"href":"https:\/\/scales4u.pt\/es\/wp-json\/wp\/v2\/product_brand?post=18411"},{"taxonomy":"product_cat","embeddable":true,"href":"https:\/\/scales4u.pt\/es\/wp-json\/wp\/v2\/product_cat?post=18411"},{"taxonomy":"product_tag","embeddable":true,"href":"https:\/\/scales4u.pt\/es\/wp-json\/wp\/v2\/product_tag?post=18411"}],"curies":[{"name":"wp","href":"https:\/\/api.w.org\/{rel}","templated":true}]}}