{"id":18471,"date":"2021-06-23T10:52:10","date_gmt":"2021-08-11T11:32:34","guid":{"rendered":"https:\/\/scales4u.pt\/product\/bascula-de-plataforma-digital-micro-pwe\/"},"modified":"2024-05-20T05:10:07","modified_gmt":"2024-05-20T05:10:07","slug":"bascula-de-plataforma-digital-micro-pwe","status":"publish","type":"product","link":"https:\/\/scales4u.pt\/es\/producto\/bascula-de-plataforma-digital-micro-pwe\/","title":{"rendered":"B\u00e1scula de plataforma digital Micro PWE"},"content":{"rendered":"<ul>\n<li>Funciones: Tara, puesta a cero e impresi\u00f3n<\/li>\n<li>Pantalla LED roja de 6 d\u00edgitos<\/li>\n<li>Energ\u00eda: bater\u00eda recargable \/ adaptador de 12V<\/li>\n<li>Rollo de conteo t\u00e9rmico<\/li>\n<li>Imprime: fecha, hora, peso bruto, peso tara, peso neto y total acumulativo<\/li>\n<li>Configuraci\u00f3n de varias capacidades<\/li>\n<li>Varios tama\u00f1os de plataforma disponibles<\/li>\n<li>Placa superior de acero inoxidable a prueba de \u00f3xido<\/li>\n<li>Celda de carga con protecci\u00f3n ambiental<\/li>\n<li><a href=\"https:\/\/scales4u.pt\/en\/product\/castor-wheels\/\">Ruedas<\/a>opcionales<\/li>\n<li>Opcionales <a href=\"https:\/\/scales4u.pt\/produto\/rolos-termicos-57x40x11\/\">Rollo de conteo t\u00e9rmico<\/a><\/li>\n<\/ul>\n","protected":false},"excerpt":{"rendered":"<p>Funciones: Tara, puesta a cero e impresi\u00f3n Pantalla LED roja de 6 d\u00edgitos Energ\u00eda: bater\u00eda recargable \/ adaptador de 12V Rollo de conteo t\u00e9rmico Imprime: fecha, hora, peso bruto, peso tara, peso neto y total acumulativo Configuraci\u00f3n de varias capacidades Varios tama\u00f1os de plataforma disponibles Placa superior de acero inoxidable a prueba de \u00f3xido Celda&hellip;<\/p>\n","protected":false},"featured_media":22727,"template":"","meta":{"_uag_custom_page_level_css":""},"product_brand":[],"product_cat":[255,253],"product_tag":[],"class_list":{"0":"post-18471","1":"product","2":"type-product","3":"status-publish","4":"has-post-thumbnail","6":"product_cat-basculas-de-plataforma-digital","7":"product_cat-basculas-industriales","8":"pa_platform-size-300mmx300mm-es","9":"pa_platform-size-300mmx400mm-es","10":"pa_platform-size-400mmx500mm-es","11":"pa_platform-size-500mmx600mm-es","12":"pa_platform-size-600mmx800mm-es","14":"first","15":"instock","16":"taxable","17":"shipping-taxable","18":"purchasable","19":"product-type-variable"},"supplier_id":null,"supplier_sku":"","barcode":null,"atum_controlled":true,"out_stock_date":null,"out_stock_threshold":null,"inheritable":true,"inbound_stock":0,"stock_on_hold":1,"sold_today":0,"sales_last_days":1,"reserved_stock":0,"customer_returns":0,"warehouse_damage":0,"lost_in_post":0,"other_logs":0,"out_stock_days":0,"lost_sales":0,"has_location":false,"update_date":"2026-04-09T17:31:03","atum_locations":[],"atum_stock_status":"instock","restock_status":false,"low_stock_amount":"","sales_update_date":"2026-04-09T17:31:03","calc_backorders":null,"linked_bom":[],"sync_purchase_price":false,"bom_sellable":null,"minimum_threshold":null,"available_to_purchase":null,"selling_priority":null,"calculated_stock":null,"is_bom":false,"yoast_head":"<!-- This site is optimized with the Yoast SEO plugin v24.2 - https:\/\/yoast.com\/wordpress\/plugins\/seo\/ -->\n<title>B\u00e1scula de plataforma digital Micro PWE - Scales4u<\/title>\n<meta name=\"robots\" content=\"index, follow, max-snippet:-1, max-image-preview:large, max-video-preview:-1\" \/>\n<link rel=\"canonical\" href=\"https:\/\/scales4u.pt\/es\/producto\/bascula-de-plataforma-digital-micro-pwe\/\" \/>\n<meta property=\"og:locale\" content=\"es_ES\" \/>\n<meta property=\"og:type\" content=\"article\" \/>\n<meta property=\"og:title\" content=\"B\u00e1scula de plataforma digital Micro PWE - Scales4u\" \/>\n<meta property=\"og:description\" content=\"Funciones: Tara, puesta a cero e impresi\u00f3n Pantalla LED roja de 6 d\u00edgitos Energ\u00eda: bater\u00eda recargable \/ adaptador de 12V Rollo de conteo t\u00e9rmico Imprime: fecha, hora, peso bruto, peso tara, peso neto y total acumulativo Configuraci\u00f3n de varias capacidades Varios tama\u00f1os de plataforma disponibles Placa superior de acero inoxidable a prueba de \u00f3xido Celda&hellip;\" \/>\n<meta property=\"og:url\" content=\"https:\/\/scales4u.pt\/es\/producto\/bascula-de-plataforma-digital-micro-pwe\/\" \/>\n<meta property=\"og:site_name\" content=\"Scales4u\" \/>\n<meta property=\"article:publisher\" content=\"https:\/\/www.facebook.com\/scales4u.pt\/\" \/>\n<meta property=\"article:modified_time\" content=\"2024-05-20T05:10:07+00:00\" \/>\n<meta property=\"og:image\" content=\"https:\/\/scales4u.pt\/wp-content\/uploads\/2021\/06\/scale4u-PWE-Plataforma-digital.webp\" \/>\n\t<meta property=\"og:image:width\" content=\"1200\" \/>\n\t<meta property=\"og:image:height\" content=\"1200\" \/>\n\t<meta property=\"og:image:type\" content=\"image\/webp\" \/>\n<meta name=\"twitter:card\" content=\"summary_large_image\" \/>\n<meta name=\"twitter:label1\" content=\"Tiempo de lectura\" \/>\n\t<meta name=\"twitter:data1\" content=\"1 minuto\" \/>\n<script type=\"application\/ld+json\" class=\"yoast-schema-graph\">{\"@context\":\"https:\/\/schema.org\",\"@graph\":[{\"@type\":\"WebPage\",\"@id\":\"https:\/\/scales4u.pt\/es\/producto\/bascula-de-plataforma-digital-micro-pwe\/\",\"url\":\"https:\/\/scales4u.pt\/es\/producto\/bascula-de-plataforma-digital-micro-pwe\/\",\"name\":\"B\u00e1scula de plataforma digital Micro PWE - Scales4u\",\"isPartOf\":{\"@id\":\"https:\/\/scales4u.pt\/es\/#website\"},\"primaryImageOfPage\":{\"@id\":\"https:\/\/scales4u.pt\/es\/producto\/bascula-de-plataforma-digital-micro-pwe\/#primaryimage\"},\"image\":{\"@id\":\"https:\/\/scales4u.pt\/es\/producto\/bascula-de-plataforma-digital-micro-pwe\/#primaryimage\"},\"thumbnailUrl\":\"https:\/\/scales4u.pt\/wp-content\/uploads\/2021\/06\/scale4u-PWE-Plataforma-digital.webp\",\"datePublished\":\"2021-08-11T11:32:34+00:00\",\"dateModified\":\"2024-05-20T05:10:07+00:00\",\"breadcrumb\":{\"@id\":\"https:\/\/scales4u.pt\/es\/producto\/bascula-de-plataforma-digital-micro-pwe\/#breadcrumb\"},\"inLanguage\":\"es\",\"potentialAction\":[{\"@type\":\"ReadAction\",\"target\":[\"https:\/\/scales4u.pt\/es\/producto\/bascula-de-plataforma-digital-micro-pwe\/\"]}]},{\"@type\":\"ImageObject\",\"inLanguage\":\"es\",\"@id\":\"https:\/\/scales4u.pt\/es\/producto\/bascula-de-plataforma-digital-micro-pwe\/#primaryimage\",\"url\":\"https:\/\/scales4u.pt\/wp-content\/uploads\/2021\/06\/scale4u-PWE-Plataforma-digital.webp\",\"contentUrl\":\"https:\/\/scales4u.pt\/wp-content\/uploads\/2021\/06\/scale4u-PWE-Plataforma-digital.webp\",\"width\":1200,\"height\":1200,\"caption\":\"scale4u-PWE-Plataforma-digital\"},{\"@type\":\"BreadcrumbList\",\"@id\":\"https:\/\/scales4u.pt\/es\/producto\/bascula-de-plataforma-digital-micro-pwe\/#breadcrumb\",\"itemListElement\":[{\"@type\":\"ListItem\",\"position\":1,\"name\":\"HomeCasaHogar\",\"item\":\"https:\/\/scales4u.pt\/es\/\"},{\"@type\":\"ListItem\",\"position\":2,\"name\":\"Tienda\",\"item\":\"https:\/\/scales4u.pt\/es\/tienda\/\"},{\"@type\":\"ListItem\",\"position\":3,\"name\":\"B\u00e1scula de plataforma digital Micro PWE\"}]},{\"@type\":\"WebSite\",\"@id\":\"https:\/\/scales4u.pt\/es\/#website\",\"url\":\"https:\/\/scales4u.pt\/es\/\",\"name\":\"Scales4u\",\"description\":\"Weighing Equipment &amp; Accessories\",\"publisher\":{\"@id\":\"https:\/\/scales4u.pt\/es\/#organization\"},\"potentialAction\":[{\"@type\":\"SearchAction\",\"target\":{\"@type\":\"EntryPoint\",\"urlTemplate\":\"https:\/\/scales4u.pt\/es\/?s={search_term_string}\"},\"query-input\":{\"@type\":\"PropertyValueSpecification\",\"valueRequired\":true,\"valueName\":\"search_term_string\"}}],\"inLanguage\":\"es\"},{\"@type\":\"Organization\",\"@id\":\"https:\/\/scales4u.pt\/es\/#organization\",\"name\":\"Scales4u\",\"url\":\"https:\/\/scales4u.pt\/es\/\",\"logo\":{\"@type\":\"ImageObject\",\"inLanguage\":\"es\",\"@id\":\"https:\/\/scales4u.pt\/es\/#\/schema\/logo\/image\/\",\"url\":\"\",\"contentUrl\":\"\",\"caption\":\"Scales4u\"},\"image\":{\"@id\":\"https:\/\/scales4u.pt\/es\/#\/schema\/logo\/image\/\"},\"sameAs\":[\"https:\/\/www.facebook.com\/scales4u.pt\/\",\"https:\/\/www.instagram.com\/scales4u.pt\/\"]}]}<\/script>\n<!-- \/ Yoast SEO plugin. -->","yoast_head_json":{"title":"B\u00e1scula de plataforma digital Micro PWE - Scales4u","robots":{"index":"index","follow":"follow","max-snippet":"max-snippet:-1","max-image-preview":"max-image-preview:large","max-video-preview":"max-video-preview:-1"},"canonical":"https:\/\/scales4u.pt\/es\/producto\/bascula-de-plataforma-digital-micro-pwe\/","og_locale":"es_ES","og_type":"article","og_title":"B\u00e1scula de plataforma digital Micro PWE - Scales4u","og_description":"Funciones: Tara, puesta a cero e impresi\u00f3n Pantalla LED roja de 6 d\u00edgitos Energ\u00eda: bater\u00eda recargable \/ adaptador de 12V Rollo de conteo t\u00e9rmico Imprime: fecha, hora, peso bruto, peso tara, peso neto y total acumulativo Configuraci\u00f3n de varias capacidades Varios tama\u00f1os de plataforma disponibles Placa superior de acero inoxidable a prueba de \u00f3xido Celda&hellip;","og_url":"https:\/\/scales4u.pt\/es\/producto\/bascula-de-plataforma-digital-micro-pwe\/","og_site_name":"Scales4u","article_publisher":"https:\/\/www.facebook.com\/scales4u.pt\/","article_modified_time":"2024-05-20T05:10:07+00:00","og_image":[{"width":1200,"height":1200,"url":"https:\/\/scales4u.pt\/wp-content\/uploads\/2021\/06\/scale4u-PWE-Plataforma-digital.webp","type":"image\/webp"}],"twitter_card":"summary_large_image","twitter_misc":{"Tiempo de lectura":"1 minuto"},"schema":{"@context":"https:\/\/schema.org","@graph":[{"@type":"WebPage","@id":"https:\/\/scales4u.pt\/es\/producto\/bascula-de-plataforma-digital-micro-pwe\/","url":"https:\/\/scales4u.pt\/es\/producto\/bascula-de-plataforma-digital-micro-pwe\/","name":"B\u00e1scula de plataforma digital Micro PWE - Scales4u","isPartOf":{"@id":"https:\/\/scales4u.pt\/es\/#website"},"primaryImageOfPage":{"@id":"https:\/\/scales4u.pt\/es\/producto\/bascula-de-plataforma-digital-micro-pwe\/#primaryimage"},"image":{"@id":"https:\/\/scales4u.pt\/es\/producto\/bascula-de-plataforma-digital-micro-pwe\/#primaryimage"},"thumbnailUrl":"https:\/\/scales4u.pt\/wp-content\/uploads\/2021\/06\/scale4u-PWE-Plataforma-digital.webp","datePublished":"2021-08-11T11:32:34+00:00","dateModified":"2024-05-20T05:10:07+00:00","breadcrumb":{"@id":"https:\/\/scales4u.pt\/es\/producto\/bascula-de-plataforma-digital-micro-pwe\/#breadcrumb"},"inLanguage":"es","potentialAction":[{"@type":"ReadAction","target":["https:\/\/scales4u.pt\/es\/producto\/bascula-de-plataforma-digital-micro-pwe\/"]}]},{"@type":"ImageObject","inLanguage":"es","@id":"https:\/\/scales4u.pt\/es\/producto\/bascula-de-plataforma-digital-micro-pwe\/#primaryimage","url":"https:\/\/scales4u.pt\/wp-content\/uploads\/2021\/06\/scale4u-PWE-Plataforma-digital.webp","contentUrl":"https:\/\/scales4u.pt\/wp-content\/uploads\/2021\/06\/scale4u-PWE-Plataforma-digital.webp","width":1200,"height":1200,"caption":"scale4u-PWE-Plataforma-digital"},{"@type":"BreadcrumbList","@id":"https:\/\/scales4u.pt\/es\/producto\/bascula-de-plataforma-digital-micro-pwe\/#breadcrumb","itemListElement":[{"@type":"ListItem","position":1,"name":"HomeCasaHogar","item":"https:\/\/scales4u.pt\/es\/"},{"@type":"ListItem","position":2,"name":"Tienda","item":"https:\/\/scales4u.pt\/es\/tienda\/"},{"@type":"ListItem","position":3,"name":"B\u00e1scula de plataforma digital Micro PWE"}]},{"@type":"WebSite","@id":"https:\/\/scales4u.pt\/es\/#website","url":"https:\/\/scales4u.pt\/es\/","name":"Scales4u","description":"Weighing Equipment &amp; Accessories","publisher":{"@id":"https:\/\/scales4u.pt\/es\/#organization"},"potentialAction":[{"@type":"SearchAction","target":{"@type":"EntryPoint","urlTemplate":"https:\/\/scales4u.pt\/es\/?s={search_term_string}"},"query-input":{"@type":"PropertyValueSpecification","valueRequired":true,"valueName":"search_term_string"}}],"inLanguage":"es"},{"@type":"Organization","@id":"https:\/\/scales4u.pt\/es\/#organization","name":"Scales4u","url":"https:\/\/scales4u.pt\/es\/","logo":{"@type":"ImageObject","inLanguage":"es","@id":"https:\/\/scales4u.pt\/es\/#\/schema\/logo\/image\/","url":"","contentUrl":"","caption":"Scales4u"},"image":{"@id":"https:\/\/scales4u.pt\/es\/#\/schema\/logo\/image\/"},"sameAs":["https:\/\/www.facebook.com\/scales4u.pt\/","https:\/\/www.instagram.com\/scales4u.pt\/"]}]}},"uagb_featured_image_src":{"full":["https:\/\/scales4u.pt\/wp-content\/uploads\/2021\/06\/scale4u-PWE-Plataforma-digital.webp",1200,1200,false],"thumbnail":["https:\/\/scales4u.pt\/wp-content\/uploads\/2021\/06\/scale4u-PWE-Plataforma-digital-150x150.webp",150,150,true],"medium":["https:\/\/scales4u.pt\/wp-content\/uploads\/2021\/06\/scale4u-PWE-Plataforma-digital-300x300.webp",300,300,true],"medium_large":["https:\/\/scales4u.pt\/wp-content\/uploads\/2021\/06\/scale4u-PWE-Plataforma-digital-768x768.webp",768,768,true],"large":["https:\/\/scales4u.pt\/wp-content\/uploads\/2021\/06\/scale4u-PWE-Plataforma-digital-1024x1024.webp",1024,1024,true],"1536x1536":["https:\/\/scales4u.pt\/wp-content\/uploads\/2021\/06\/scale4u-PWE-Plataforma-digital.webp",1200,1200,false],"2048x2048":["https:\/\/scales4u.pt\/wp-content\/uploads\/2021\/06\/scale4u-PWE-Plataforma-digital.webp",1200,1200,false],"woocommerce_thumbnail":["https:\/\/scales4u.pt\/wp-content\/uploads\/2021\/06\/scale4u-PWE-Plataforma-digital-300x300.webp",300,300,true],"woocommerce_single":["https:\/\/scales4u.pt\/wp-content\/uploads\/2021\/06\/scale4u-PWE-Plataforma-digital-600x600.webp",600,600,true],"woocommerce_gallery_thumbnail":["https:\/\/scales4u.pt\/wp-content\/uploads\/2021\/06\/scale4u-PWE-Plataforma-digital-100x100.webp",100,100,true]},"uagb_author_info":{"display_name":"admin","author_link":"https:\/\/scales4u.pt\/es\/author\/"},"uagb_comment_info":0,"uagb_excerpt":"Funciones: Tara, puesta a cero e impresi\u00f3n Pantalla LED roja de 6 d\u00edgitos Energ\u00eda: bater\u00eda recargable \/ adaptador de 12V Rollo de conteo t\u00e9rmico Imprime: fecha, hora, peso bruto, peso tara, peso neto y total acumulativo Configuraci\u00f3n de varias capacidades Varios tama\u00f1os de plataforma disponibles Placa superior de acero inoxidable a prueba de \u00f3xido Celda&hellip;","_links":{"self":[{"href":"https:\/\/scales4u.pt\/es\/wp-json\/wp\/v2\/product\/18471"}],"collection":[{"href":"https:\/\/scales4u.pt\/es\/wp-json\/wp\/v2\/product"}],"about":[{"href":"https:\/\/scales4u.pt\/es\/wp-json\/wp\/v2\/types\/product"}],"wp:featuredmedia":[{"embeddable":true,"href":"https:\/\/scales4u.pt\/es\/wp-json\/wp\/v2\/media\/22727"}],"wp:attachment":[{"href":"https:\/\/scales4u.pt\/es\/wp-json\/wp\/v2\/media?parent=18471"}],"wp:term":[{"taxonomy":"product_brand","embeddable":true,"href":"https:\/\/scales4u.pt\/es\/wp-json\/wp\/v2\/product_brand?post=18471"},{"taxonomy":"product_cat","embeddable":true,"href":"https:\/\/scales4u.pt\/es\/wp-json\/wp\/v2\/product_cat?post=18471"},{"taxonomy":"product_tag","embeddable":true,"href":"https:\/\/scales4u.pt\/es\/wp-json\/wp\/v2\/product_tag?post=18471"}],"curies":[{"name":"wp","href":"https:\/\/api.w.org\/{rel}","templated":true}]}}