{"id":19206,"date":"2022-11-08T11:49:45","date_gmt":"2022-11-08T12:29:40","guid":{"rendered":"https:\/\/scales4u.pt\/product\/bascula-de-cafe-mini\/"},"modified":"2023-01-11T12:46:05","modified_gmt":"2023-01-11T12:46:05","slug":"bascula-de-cafe-mini","status":"publish","type":"product","link":"https:\/\/scales4u.pt\/es\/producto\/bascula-de-cafe-mini\/","title":{"rendered":"B\u00e1scula De Caf\u00e9 Mini"},"content":{"rendered":"<p>Especificaciones:<\/p>\n<ul>\n<li>Capacidad m\u00e1xima: 2kg<\/li>\n<li>Divisi\u00f3n: 0.1g<\/li>\n<li>Bater\u00eda: bater\u00eda recargable con tipo C &#8211; cable USB<\/li>\n<li>Temporizador<\/li>\n<li>Almohadilla de silicona aislada e impermeable<\/li>\n<li>100mm x 95mm<\/li>\n<li>Modo espresso autom\u00e1tico y modo manual<\/li>\n<\/ul>\n","protected":false},"excerpt":{"rendered":"<p>Especificaciones: Capacidad m\u00e1xima: 2kg Divisi\u00f3n: 0.1g Bater\u00eda: bater\u00eda recargable con tipo C &#8211; cable USB Temporizador Almohadilla de silicona aislada e impermeable 100mm x 95mm Modo espresso autom\u00e1tico y modo manual<\/p>\n","protected":false},"featured_media":20142,"template":"","meta":{"_uag_custom_page_level_css":""},"product_brand":[],"product_cat":[249,266,251],"product_tag":[],"class_list":{"0":"post-19206","1":"product","2":"type-product","3":"status-publish","4":"has-post-thumbnail","6":"product_cat-balanzas-comerciales","7":"product_cat-balanzas-de-precision","8":"product_cat-balanzas-solo-peso","10":"first","11":"instock","12":"taxable","13":"shipping-taxable","14":"purchasable","15":"product-type-simple"},"supplier_id":null,"supplier_sku":"","barcode":null,"atum_controlled":true,"out_stock_date":null,"out_stock_threshold":null,"inheritable":false,"inbound_stock":0,"stock_on_hold":0,"sold_today":0,"sales_last_days":0,"reserved_stock":0,"customer_returns":0,"warehouse_damage":0,"lost_in_post":0,"other_logs":0,"out_stock_days":0,"lost_sales":0,"has_location":false,"update_date":"2026-04-09T17:30:46","atum_locations":[],"atum_stock_status":"instock","restock_status":false,"low_stock_amount":"","sales_update_date":"2026-04-09T17:30:46","calc_backorders":0,"linked_bom":[],"sync_purchase_price":false,"bom_sellable":null,"minimum_threshold":null,"available_to_purchase":null,"selling_priority":null,"calculated_stock":null,"is_bom":false,"yoast_head":"<!-- This site is optimized with the Yoast SEO plugin v24.2 - https:\/\/yoast.com\/wordpress\/plugins\/seo\/ -->\n<title>B\u00e1scula De Caf\u00e9 Mini - Scales4u<\/title>\n<meta name=\"robots\" content=\"index, follow, max-snippet:-1, max-image-preview:large, max-video-preview:-1\" \/>\n<link rel=\"canonical\" href=\"https:\/\/scales4u.pt\/es\/producto\/bascula-de-cafe-mini\/\" \/>\n<meta property=\"og:locale\" content=\"es_ES\" \/>\n<meta property=\"og:type\" content=\"article\" \/>\n<meta property=\"og:title\" content=\"B\u00e1scula De Caf\u00e9 Mini - Scales4u\" \/>\n<meta property=\"og:description\" content=\"Especificaciones: Capacidad m\u00e1xima: 2kg Divisi\u00f3n: 0.1g Bater\u00eda: bater\u00eda recargable con tipo C &#8211; cable USB Temporizador Almohadilla de silicona aislada e impermeable 100mm x 95mm Modo espresso autom\u00e1tico y modo manual\" \/>\n<meta property=\"og:url\" content=\"https:\/\/scales4u.pt\/es\/producto\/bascula-de-cafe-mini\/\" \/>\n<meta property=\"og:site_name\" content=\"Scales4u\" \/>\n<meta property=\"article:publisher\" content=\"https:\/\/www.facebook.com\/scales4u.pt\/\" \/>\n<meta property=\"article:modified_time\" content=\"2023-01-11T12:46:05+00:00\" \/>\n<meta property=\"og:image\" content=\"https:\/\/scales4u.pt\/wp-content\/uploads\/2022\/11\/Coffee-Scale-web-2.jpg\" \/>\n\t<meta property=\"og:image:width\" content=\"1666\" \/>\n\t<meta property=\"og:image:height\" content=\"1531\" \/>\n\t<meta property=\"og:image:type\" content=\"image\/jpeg\" \/>\n<meta name=\"twitter:card\" content=\"summary_large_image\" \/>\n<script type=\"application\/ld+json\" class=\"yoast-schema-graph\">{\"@context\":\"https:\/\/schema.org\",\"@graph\":[{\"@type\":\"WebPage\",\"@id\":\"https:\/\/scales4u.pt\/es\/producto\/bascula-de-cafe-mini\/\",\"url\":\"https:\/\/scales4u.pt\/es\/producto\/bascula-de-cafe-mini\/\",\"name\":\"B\u00e1scula De Caf\u00e9 Mini - Scales4u\",\"isPartOf\":{\"@id\":\"https:\/\/scales4u.pt\/es\/#website\"},\"primaryImageOfPage\":{\"@id\":\"https:\/\/scales4u.pt\/es\/producto\/bascula-de-cafe-mini\/#primaryimage\"},\"image\":{\"@id\":\"https:\/\/scales4u.pt\/es\/producto\/bascula-de-cafe-mini\/#primaryimage\"},\"thumbnailUrl\":\"https:\/\/scales4u.pt\/wp-content\/uploads\/2022\/11\/Balanca-Coffee-1.jpg\",\"datePublished\":\"2022-11-08T12:29:40+00:00\",\"dateModified\":\"2023-01-11T12:46:05+00:00\",\"breadcrumb\":{\"@id\":\"https:\/\/scales4u.pt\/es\/producto\/bascula-de-cafe-mini\/#breadcrumb\"},\"inLanguage\":\"es\",\"potentialAction\":[{\"@type\":\"ReadAction\",\"target\":[\"https:\/\/scales4u.pt\/es\/producto\/bascula-de-cafe-mini\/\"]}]},{\"@type\":\"ImageObject\",\"inLanguage\":\"es\",\"@id\":\"https:\/\/scales4u.pt\/es\/producto\/bascula-de-cafe-mini\/#primaryimage\",\"url\":\"https:\/\/scales4u.pt\/wp-content\/uploads\/2022\/11\/Balanca-Coffee-1.jpg\",\"contentUrl\":\"https:\/\/scales4u.pt\/wp-content\/uploads\/2022\/11\/Balanca-Coffee-1.jpg\",\"width\":800,\"height\":800,\"caption\":\"Balan\u00e7a Coffee Mini Smart\"},{\"@type\":\"BreadcrumbList\",\"@id\":\"https:\/\/scales4u.pt\/es\/producto\/bascula-de-cafe-mini\/#breadcrumb\",\"itemListElement\":[{\"@type\":\"ListItem\",\"position\":1,\"name\":\"HomeCasaHogar\",\"item\":\"https:\/\/scales4u.pt\/es\/\"},{\"@type\":\"ListItem\",\"position\":2,\"name\":\"Tienda\",\"item\":\"https:\/\/scales4u.pt\/es\/tienda\/\"},{\"@type\":\"ListItem\",\"position\":3,\"name\":\"B\u00e1scula De Caf\u00e9 Mini\"}]},{\"@type\":\"WebSite\",\"@id\":\"https:\/\/scales4u.pt\/es\/#website\",\"url\":\"https:\/\/scales4u.pt\/es\/\",\"name\":\"Scales4u\",\"description\":\"Weighing Equipment &amp; Accessories\",\"publisher\":{\"@id\":\"https:\/\/scales4u.pt\/es\/#organization\"},\"potentialAction\":[{\"@type\":\"SearchAction\",\"target\":{\"@type\":\"EntryPoint\",\"urlTemplate\":\"https:\/\/scales4u.pt\/es\/?s={search_term_string}\"},\"query-input\":{\"@type\":\"PropertyValueSpecification\",\"valueRequired\":true,\"valueName\":\"search_term_string\"}}],\"inLanguage\":\"es\"},{\"@type\":\"Organization\",\"@id\":\"https:\/\/scales4u.pt\/es\/#organization\",\"name\":\"Scales4u\",\"url\":\"https:\/\/scales4u.pt\/es\/\",\"logo\":{\"@type\":\"ImageObject\",\"inLanguage\":\"es\",\"@id\":\"https:\/\/scales4u.pt\/es\/#\/schema\/logo\/image\/\",\"url\":\"\",\"contentUrl\":\"\",\"caption\":\"Scales4u\"},\"image\":{\"@id\":\"https:\/\/scales4u.pt\/es\/#\/schema\/logo\/image\/\"},\"sameAs\":[\"https:\/\/www.facebook.com\/scales4u.pt\/\",\"https:\/\/www.instagram.com\/scales4u.pt\/\"]}]}<\/script>\n<!-- \/ Yoast SEO plugin. -->","yoast_head_json":{"title":"B\u00e1scula De Caf\u00e9 Mini - Scales4u","robots":{"index":"index","follow":"follow","max-snippet":"max-snippet:-1","max-image-preview":"max-image-preview:large","max-video-preview":"max-video-preview:-1"},"canonical":"https:\/\/scales4u.pt\/es\/producto\/bascula-de-cafe-mini\/","og_locale":"es_ES","og_type":"article","og_title":"B\u00e1scula De Caf\u00e9 Mini - Scales4u","og_description":"Especificaciones: Capacidad m\u00e1xima: 2kg Divisi\u00f3n: 0.1g Bater\u00eda: bater\u00eda recargable con tipo C &#8211; cable USB Temporizador Almohadilla de silicona aislada e impermeable 100mm x 95mm Modo espresso autom\u00e1tico y modo manual","og_url":"https:\/\/scales4u.pt\/es\/producto\/bascula-de-cafe-mini\/","og_site_name":"Scales4u","article_publisher":"https:\/\/www.facebook.com\/scales4u.pt\/","article_modified_time":"2023-01-11T12:46:05+00:00","og_image":[{"width":1666,"height":1531,"url":"https:\/\/scales4u.pt\/wp-content\/uploads\/2022\/11\/Coffee-Scale-web-2.jpg","type":"image\/jpeg"}],"twitter_card":"summary_large_image","schema":{"@context":"https:\/\/schema.org","@graph":[{"@type":"WebPage","@id":"https:\/\/scales4u.pt\/es\/producto\/bascula-de-cafe-mini\/","url":"https:\/\/scales4u.pt\/es\/producto\/bascula-de-cafe-mini\/","name":"B\u00e1scula De Caf\u00e9 Mini - Scales4u","isPartOf":{"@id":"https:\/\/scales4u.pt\/es\/#website"},"primaryImageOfPage":{"@id":"https:\/\/scales4u.pt\/es\/producto\/bascula-de-cafe-mini\/#primaryimage"},"image":{"@id":"https:\/\/scales4u.pt\/es\/producto\/bascula-de-cafe-mini\/#primaryimage"},"thumbnailUrl":"https:\/\/scales4u.pt\/wp-content\/uploads\/2022\/11\/Balanca-Coffee-1.jpg","datePublished":"2022-11-08T12:29:40+00:00","dateModified":"2023-01-11T12:46:05+00:00","breadcrumb":{"@id":"https:\/\/scales4u.pt\/es\/producto\/bascula-de-cafe-mini\/#breadcrumb"},"inLanguage":"es","potentialAction":[{"@type":"ReadAction","target":["https:\/\/scales4u.pt\/es\/producto\/bascula-de-cafe-mini\/"]}]},{"@type":"ImageObject","inLanguage":"es","@id":"https:\/\/scales4u.pt\/es\/producto\/bascula-de-cafe-mini\/#primaryimage","url":"https:\/\/scales4u.pt\/wp-content\/uploads\/2022\/11\/Balanca-Coffee-1.jpg","contentUrl":"https:\/\/scales4u.pt\/wp-content\/uploads\/2022\/11\/Balanca-Coffee-1.jpg","width":800,"height":800,"caption":"Balan\u00e7a Coffee Mini Smart"},{"@type":"BreadcrumbList","@id":"https:\/\/scales4u.pt\/es\/producto\/bascula-de-cafe-mini\/#breadcrumb","itemListElement":[{"@type":"ListItem","position":1,"name":"HomeCasaHogar","item":"https:\/\/scales4u.pt\/es\/"},{"@type":"ListItem","position":2,"name":"Tienda","item":"https:\/\/scales4u.pt\/es\/tienda\/"},{"@type":"ListItem","position":3,"name":"B\u00e1scula De Caf\u00e9 Mini"}]},{"@type":"WebSite","@id":"https:\/\/scales4u.pt\/es\/#website","url":"https:\/\/scales4u.pt\/es\/","name":"Scales4u","description":"Weighing Equipment &amp; Accessories","publisher":{"@id":"https:\/\/scales4u.pt\/es\/#organization"},"potentialAction":[{"@type":"SearchAction","target":{"@type":"EntryPoint","urlTemplate":"https:\/\/scales4u.pt\/es\/?s={search_term_string}"},"query-input":{"@type":"PropertyValueSpecification","valueRequired":true,"valueName":"search_term_string"}}],"inLanguage":"es"},{"@type":"Organization","@id":"https:\/\/scales4u.pt\/es\/#organization","name":"Scales4u","url":"https:\/\/scales4u.pt\/es\/","logo":{"@type":"ImageObject","inLanguage":"es","@id":"https:\/\/scales4u.pt\/es\/#\/schema\/logo\/image\/","url":"","contentUrl":"","caption":"Scales4u"},"image":{"@id":"https:\/\/scales4u.pt\/es\/#\/schema\/logo\/image\/"},"sameAs":["https:\/\/www.facebook.com\/scales4u.pt\/","https:\/\/www.instagram.com\/scales4u.pt\/"]}]}},"uagb_featured_image_src":{"full":["https:\/\/scales4u.pt\/wp-content\/uploads\/2022\/11\/Balanca-Coffee-1.jpg",800,800,false],"thumbnail":["https:\/\/scales4u.pt\/wp-content\/uploads\/2022\/11\/Balanca-Coffee-1-150x150.jpg",150,150,true],"medium":["https:\/\/scales4u.pt\/wp-content\/uploads\/2022\/11\/Balanca-Coffee-1-300x300.jpg",300,300,true],"medium_large":["https:\/\/scales4u.pt\/wp-content\/uploads\/2022\/11\/Balanca-Coffee-1-768x768.jpg",768,768,true],"large":["https:\/\/scales4u.pt\/wp-content\/uploads\/2022\/11\/Balanca-Coffee-1.jpg",800,800,false],"1536x1536":["https:\/\/scales4u.pt\/wp-content\/uploads\/2022\/11\/Balanca-Coffee-1.jpg",800,800,false],"2048x2048":["https:\/\/scales4u.pt\/wp-content\/uploads\/2022\/11\/Balanca-Coffee-1.jpg",800,800,false],"woocommerce_thumbnail":["https:\/\/scales4u.pt\/wp-content\/uploads\/2022\/11\/Balanca-Coffee-1-300x300.jpg",300,300,true],"woocommerce_single":["https:\/\/scales4u.pt\/wp-content\/uploads\/2022\/11\/Balanca-Coffee-1-600x600.jpg",600,600,true],"woocommerce_gallery_thumbnail":["https:\/\/scales4u.pt\/wp-content\/uploads\/2022\/11\/Balanca-Coffee-1-100x100.jpg",100,100,true]},"uagb_author_info":{"display_name":"admin","author_link":"https:\/\/scales4u.pt\/es\/author\/"},"uagb_comment_info":0,"uagb_excerpt":"Especificaciones: Capacidad m\u00e1xima: 2kg Divisi\u00f3n: 0.1g Bater\u00eda: bater\u00eda recargable con tipo C &#8211; cable USB Temporizador Almohadilla de silicona aislada e impermeable 100mm x 95mm Modo espresso autom\u00e1tico y modo manual","_links":{"self":[{"href":"https:\/\/scales4u.pt\/es\/wp-json\/wp\/v2\/product\/19206"}],"collection":[{"href":"https:\/\/scales4u.pt\/es\/wp-json\/wp\/v2\/product"}],"about":[{"href":"https:\/\/scales4u.pt\/es\/wp-json\/wp\/v2\/types\/product"}],"wp:featuredmedia":[{"embeddable":true,"href":"https:\/\/scales4u.pt\/es\/wp-json\/wp\/v2\/media\/20142"}],"wp:attachment":[{"href":"https:\/\/scales4u.pt\/es\/wp-json\/wp\/v2\/media?parent=19206"}],"wp:term":[{"taxonomy":"product_brand","embeddable":true,"href":"https:\/\/scales4u.pt\/es\/wp-json\/wp\/v2\/product_brand?post=19206"},{"taxonomy":"product_cat","embeddable":true,"href":"https:\/\/scales4u.pt\/es\/wp-json\/wp\/v2\/product_cat?post=19206"},{"taxonomy":"product_tag","embeddable":true,"href":"https:\/\/scales4u.pt\/es\/wp-json\/wp\/v2\/product_tag?post=19206"}],"curies":[{"name":"wp","href":"https:\/\/api.w.org\/{rel}","templated":true}]}}