{"id":19351,"date":"2020-07-29T10:21:26","date_gmt":"2023-01-06T13:01:29","guid":{"rendered":"https:\/\/scales4u.pt\/product\/bascula-medica-mecanica-micro-pesos-deslizantes\/"},"modified":"2023-01-06T13:01:29","modified_gmt":"2023-01-06T13:01:29","slug":"bascula-medica-mecanica-micro-peso-deslizantes","status":"publish","type":"product","link":"https:\/\/scales4u.pt\/es\/producto\/bascula-medica-mecanica-micro-peso-deslizantes\/","title":{"rendered":"B\u00e1scula M\u00e9dica Mec\u00e1nica Micro (Pesos Deslizantes)"},"content":{"rendered":"<p>Caracteristicas:<\/p>\n<ul>\n<li>Capacidad m\u00e1xima: 180 kg<\/li>\n<li>Divisi\u00f3n: 100g<\/li>\n<li>Viga de hierro met\u00e1lico, aluminio sobre inserto negro<\/li>\n<li>Barra de altura hasta 2000m<\/li>\n<li>Tama\u00f1o de la plataforma: 370 mm x 270 mm<\/li>\n<\/ul>\n","protected":false},"excerpt":{"rendered":"<p>Caracteristicas: Capacidad m\u00e1xima: 180 kg Divisi\u00f3n: 100g Viga de hierro met\u00e1lico, aluminio sobre inserto negro Barra de altura hasta 2000m Tama\u00f1o de la plataforma: 370 mm x 270 mm<\/p>\n","protected":false},"featured_media":22446,"template":"","meta":{"_uag_custom_page_level_css":""},"product_brand":[],"product_cat":[244,245],"product_tag":[],"class_list":{"0":"post-19351","1":"product","2":"type-product","3":"status-publish","4":"has-post-thumbnail","6":"product_cat-basculas-medicas","7":"product_cat-basculas-para-adultos","9":"first","10":"instock","11":"taxable","12":"shipping-taxable","13":"purchasable","14":"product-type-simple"},"supplier_id":null,"supplier_sku":"","barcode":null,"atum_controlled":true,"out_stock_date":null,"out_stock_threshold":null,"inheritable":false,"inbound_stock":0,"stock_on_hold":0,"sold_today":0,"sales_last_days":0,"reserved_stock":0,"customer_returns":0,"warehouse_damage":0,"lost_in_post":0,"other_logs":1,"out_stock_days":0,"lost_sales":0,"has_location":false,"update_date":"2026-04-11T17:34:32","atum_locations":[],"atum_stock_status":"instock","restock_status":false,"low_stock_amount":0,"sales_update_date":"2026-04-11T17:34:32","calc_backorders":0,"linked_bom":[],"sync_purchase_price":false,"bom_sellable":null,"minimum_threshold":null,"available_to_purchase":null,"selling_priority":null,"calculated_stock":null,"is_bom":false,"yoast_head":"<!-- This site is optimized with the Yoast SEO plugin v24.2 - https:\/\/yoast.com\/wordpress\/plugins\/seo\/ -->\n<title>B\u00e1scula M\u00e9dica Mec\u00e1nica Micro (Pesos Deslizantes) - Scales4u<\/title>\n<meta name=\"robots\" content=\"index, follow, max-snippet:-1, max-image-preview:large, max-video-preview:-1\" \/>\n<link rel=\"canonical\" href=\"https:\/\/scales4u.pt\/es\/producto\/bascula-medica-mecanica-micro-peso-deslizantes\/\" \/>\n<meta property=\"og:locale\" content=\"es_ES\" \/>\n<meta property=\"og:type\" content=\"article\" \/>\n<meta property=\"og:title\" content=\"B\u00e1scula M\u00e9dica Mec\u00e1nica Micro (Pesos Deslizantes) - Scales4u\" \/>\n<meta property=\"og:description\" content=\"Caracteristicas: Capacidad m\u00e1xima: 180 kg Divisi\u00f3n: 100g Viga de hierro met\u00e1lico, aluminio sobre inserto negro Barra de altura hasta 2000m Tama\u00f1o de la plataforma: 370 mm x 270 mm\" \/>\n<meta property=\"og:url\" content=\"https:\/\/scales4u.pt\/es\/producto\/bascula-medica-mecanica-micro-peso-deslizantes\/\" \/>\n<meta property=\"og:site_name\" content=\"Scales4u\" \/>\n<meta property=\"article:publisher\" content=\"https:\/\/www.facebook.com\/scales4u.pt\/\" \/>\n<meta property=\"og:image\" content=\"https:\/\/scales4u.pt\/wp-content\/uploads\/2020\/07\/Micro-Mechanical-Physician-Scale.jpg\" \/>\n\t<meta property=\"og:image:width\" content=\"960\" \/>\n\t<meta property=\"og:image:height\" content=\"1280\" \/>\n\t<meta property=\"og:image:type\" content=\"image\/jpeg\" \/>\n<meta name=\"twitter:card\" content=\"summary_large_image\" \/>\n<script type=\"application\/ld+json\" class=\"yoast-schema-graph\">{\"@context\":\"https:\/\/schema.org\",\"@graph\":[{\"@type\":\"WebPage\",\"@id\":\"https:\/\/scales4u.pt\/es\/producto\/bascula-medica-mecanica-micro-peso-deslizantes\/\",\"url\":\"https:\/\/scales4u.pt\/es\/producto\/bascula-medica-mecanica-micro-peso-deslizantes\/\",\"name\":\"B\u00e1scula M\u00e9dica Mec\u00e1nica Micro (Pesos Deslizantes) - Scales4u\",\"isPartOf\":{\"@id\":\"https:\/\/scales4u.pt\/es\/#website\"},\"primaryImageOfPage\":{\"@id\":\"https:\/\/scales4u.pt\/es\/producto\/bascula-medica-mecanica-micro-peso-deslizantes\/#primaryimage\"},\"image\":{\"@id\":\"https:\/\/scales4u.pt\/es\/producto\/bascula-medica-mecanica-micro-peso-deslizantes\/#primaryimage\"},\"thumbnailUrl\":\"https:\/\/scales4u.pt\/wp-content\/uploads\/2020\/07\/Scale4u-Mecanica-Medica-Micro.webp\",\"datePublished\":\"2023-01-06T13:01:29+00:00\",\"dateModified\":\"2023-01-06T13:01:29+00:00\",\"breadcrumb\":{\"@id\":\"https:\/\/scales4u.pt\/es\/producto\/bascula-medica-mecanica-micro-peso-deslizantes\/#breadcrumb\"},\"inLanguage\":\"es\",\"potentialAction\":[{\"@type\":\"ReadAction\",\"target\":[\"https:\/\/scales4u.pt\/es\/producto\/bascula-medica-mecanica-micro-peso-deslizantes\/\"]}]},{\"@type\":\"ImageObject\",\"inLanguage\":\"es\",\"@id\":\"https:\/\/scales4u.pt\/es\/producto\/bascula-medica-mecanica-micro-peso-deslizantes\/#primaryimage\",\"url\":\"https:\/\/scales4u.pt\/wp-content\/uploads\/2020\/07\/Scale4u-Mecanica-Medica-Micro.webp\",\"contentUrl\":\"https:\/\/scales4u.pt\/wp-content\/uploads\/2020\/07\/Scale4u-Mecanica-Medica-Micro.webp\",\"width\":1200,\"height\":1200,\"caption\":\"Scale4u-Mecanica-Medica-Micro\"},{\"@type\":\"BreadcrumbList\",\"@id\":\"https:\/\/scales4u.pt\/es\/producto\/bascula-medica-mecanica-micro-peso-deslizantes\/#breadcrumb\",\"itemListElement\":[{\"@type\":\"ListItem\",\"position\":1,\"name\":\"HomeCasaHogar\",\"item\":\"https:\/\/scales4u.pt\/es\/\"},{\"@type\":\"ListItem\",\"position\":2,\"name\":\"Tienda\",\"item\":\"https:\/\/scales4u.pt\/es\/tienda\/\"},{\"@type\":\"ListItem\",\"position\":3,\"name\":\"B\u00e1scula M\u00e9dica Mec\u00e1nica Micro (Pesos Deslizantes)\"}]},{\"@type\":\"WebSite\",\"@id\":\"https:\/\/scales4u.pt\/es\/#website\",\"url\":\"https:\/\/scales4u.pt\/es\/\",\"name\":\"Scales4u\",\"description\":\"Weighing Equipment &amp; Accessories\",\"publisher\":{\"@id\":\"https:\/\/scales4u.pt\/es\/#organization\"},\"potentialAction\":[{\"@type\":\"SearchAction\",\"target\":{\"@type\":\"EntryPoint\",\"urlTemplate\":\"https:\/\/scales4u.pt\/es\/?s={search_term_string}\"},\"query-input\":{\"@type\":\"PropertyValueSpecification\",\"valueRequired\":true,\"valueName\":\"search_term_string\"}}],\"inLanguage\":\"es\"},{\"@type\":\"Organization\",\"@id\":\"https:\/\/scales4u.pt\/es\/#organization\",\"name\":\"Scales4u\",\"url\":\"https:\/\/scales4u.pt\/es\/\",\"logo\":{\"@type\":\"ImageObject\",\"inLanguage\":\"es\",\"@id\":\"https:\/\/scales4u.pt\/es\/#\/schema\/logo\/image\/\",\"url\":\"\",\"contentUrl\":\"\",\"caption\":\"Scales4u\"},\"image\":{\"@id\":\"https:\/\/scales4u.pt\/es\/#\/schema\/logo\/image\/\"},\"sameAs\":[\"https:\/\/www.facebook.com\/scales4u.pt\/\",\"https:\/\/www.instagram.com\/scales4u.pt\/\"]}]}<\/script>\n<!-- \/ Yoast SEO plugin. -->","yoast_head_json":{"title":"B\u00e1scula M\u00e9dica Mec\u00e1nica Micro (Pesos Deslizantes) - Scales4u","robots":{"index":"index","follow":"follow","max-snippet":"max-snippet:-1","max-image-preview":"max-image-preview:large","max-video-preview":"max-video-preview:-1"},"canonical":"https:\/\/scales4u.pt\/es\/producto\/bascula-medica-mecanica-micro-peso-deslizantes\/","og_locale":"es_ES","og_type":"article","og_title":"B\u00e1scula M\u00e9dica Mec\u00e1nica Micro (Pesos Deslizantes) - Scales4u","og_description":"Caracteristicas: Capacidad m\u00e1xima: 180 kg Divisi\u00f3n: 100g Viga de hierro met\u00e1lico, aluminio sobre inserto negro Barra de altura hasta 2000m Tama\u00f1o de la plataforma: 370 mm x 270 mm","og_url":"https:\/\/scales4u.pt\/es\/producto\/bascula-medica-mecanica-micro-peso-deslizantes\/","og_site_name":"Scales4u","article_publisher":"https:\/\/www.facebook.com\/scales4u.pt\/","og_image":[{"width":960,"height":1280,"url":"https:\/\/scales4u.pt\/wp-content\/uploads\/2020\/07\/Micro-Mechanical-Physician-Scale.jpg","type":"image\/jpeg"}],"twitter_card":"summary_large_image","schema":{"@context":"https:\/\/schema.org","@graph":[{"@type":"WebPage","@id":"https:\/\/scales4u.pt\/es\/producto\/bascula-medica-mecanica-micro-peso-deslizantes\/","url":"https:\/\/scales4u.pt\/es\/producto\/bascula-medica-mecanica-micro-peso-deslizantes\/","name":"B\u00e1scula M\u00e9dica Mec\u00e1nica Micro (Pesos Deslizantes) - Scales4u","isPartOf":{"@id":"https:\/\/scales4u.pt\/es\/#website"},"primaryImageOfPage":{"@id":"https:\/\/scales4u.pt\/es\/producto\/bascula-medica-mecanica-micro-peso-deslizantes\/#primaryimage"},"image":{"@id":"https:\/\/scales4u.pt\/es\/producto\/bascula-medica-mecanica-micro-peso-deslizantes\/#primaryimage"},"thumbnailUrl":"https:\/\/scales4u.pt\/wp-content\/uploads\/2020\/07\/Scale4u-Mecanica-Medica-Micro.webp","datePublished":"2023-01-06T13:01:29+00:00","dateModified":"2023-01-06T13:01:29+00:00","breadcrumb":{"@id":"https:\/\/scales4u.pt\/es\/producto\/bascula-medica-mecanica-micro-peso-deslizantes\/#breadcrumb"},"inLanguage":"es","potentialAction":[{"@type":"ReadAction","target":["https:\/\/scales4u.pt\/es\/producto\/bascula-medica-mecanica-micro-peso-deslizantes\/"]}]},{"@type":"ImageObject","inLanguage":"es","@id":"https:\/\/scales4u.pt\/es\/producto\/bascula-medica-mecanica-micro-peso-deslizantes\/#primaryimage","url":"https:\/\/scales4u.pt\/wp-content\/uploads\/2020\/07\/Scale4u-Mecanica-Medica-Micro.webp","contentUrl":"https:\/\/scales4u.pt\/wp-content\/uploads\/2020\/07\/Scale4u-Mecanica-Medica-Micro.webp","width":1200,"height":1200,"caption":"Scale4u-Mecanica-Medica-Micro"},{"@type":"BreadcrumbList","@id":"https:\/\/scales4u.pt\/es\/producto\/bascula-medica-mecanica-micro-peso-deslizantes\/#breadcrumb","itemListElement":[{"@type":"ListItem","position":1,"name":"HomeCasaHogar","item":"https:\/\/scales4u.pt\/es\/"},{"@type":"ListItem","position":2,"name":"Tienda","item":"https:\/\/scales4u.pt\/es\/tienda\/"},{"@type":"ListItem","position":3,"name":"B\u00e1scula M\u00e9dica Mec\u00e1nica Micro (Pesos Deslizantes)"}]},{"@type":"WebSite","@id":"https:\/\/scales4u.pt\/es\/#website","url":"https:\/\/scales4u.pt\/es\/","name":"Scales4u","description":"Weighing Equipment &amp; Accessories","publisher":{"@id":"https:\/\/scales4u.pt\/es\/#organization"},"potentialAction":[{"@type":"SearchAction","target":{"@type":"EntryPoint","urlTemplate":"https:\/\/scales4u.pt\/es\/?s={search_term_string}"},"query-input":{"@type":"PropertyValueSpecification","valueRequired":true,"valueName":"search_term_string"}}],"inLanguage":"es"},{"@type":"Organization","@id":"https:\/\/scales4u.pt\/es\/#organization","name":"Scales4u","url":"https:\/\/scales4u.pt\/es\/","logo":{"@type":"ImageObject","inLanguage":"es","@id":"https:\/\/scales4u.pt\/es\/#\/schema\/logo\/image\/","url":"","contentUrl":"","caption":"Scales4u"},"image":{"@id":"https:\/\/scales4u.pt\/es\/#\/schema\/logo\/image\/"},"sameAs":["https:\/\/www.facebook.com\/scales4u.pt\/","https:\/\/www.instagram.com\/scales4u.pt\/"]}]}},"uagb_featured_image_src":{"full":["https:\/\/scales4u.pt\/wp-content\/uploads\/2020\/07\/Scale4u-Mecanica-Medica-Micro.webp",1200,1200,false],"thumbnail":["https:\/\/scales4u.pt\/wp-content\/uploads\/2020\/07\/Scale4u-Mecanica-Medica-Micro-150x150.webp",150,150,true],"medium":["https:\/\/scales4u.pt\/wp-content\/uploads\/2020\/07\/Scale4u-Mecanica-Medica-Micro-300x300.webp",300,300,true],"medium_large":["https:\/\/scales4u.pt\/wp-content\/uploads\/2020\/07\/Scale4u-Mecanica-Medica-Micro-768x768.webp",768,768,true],"large":["https:\/\/scales4u.pt\/wp-content\/uploads\/2020\/07\/Scale4u-Mecanica-Medica-Micro-1024x1024.webp",1024,1024,true],"1536x1536":["https:\/\/scales4u.pt\/wp-content\/uploads\/2020\/07\/Scale4u-Mecanica-Medica-Micro.webp",1200,1200,false],"2048x2048":["https:\/\/scales4u.pt\/wp-content\/uploads\/2020\/07\/Scale4u-Mecanica-Medica-Micro.webp",1200,1200,false],"woocommerce_thumbnail":["https:\/\/scales4u.pt\/wp-content\/uploads\/2020\/07\/Scale4u-Mecanica-Medica-Micro-300x300.webp",300,300,true],"woocommerce_single":["https:\/\/scales4u.pt\/wp-content\/uploads\/2020\/07\/Scale4u-Mecanica-Medica-Micro-600x600.webp",600,600,true],"woocommerce_gallery_thumbnail":["https:\/\/scales4u.pt\/wp-content\/uploads\/2020\/07\/Scale4u-Mecanica-Medica-Micro-100x100.webp",100,100,true]},"uagb_author_info":{"display_name":"admin","author_link":"https:\/\/scales4u.pt\/es\/author\/"},"uagb_comment_info":0,"uagb_excerpt":"Caracteristicas: Capacidad m\u00e1xima: 180 kg Divisi\u00f3n: 100g Viga de hierro met\u00e1lico, aluminio sobre inserto negro Barra de altura hasta 2000m Tama\u00f1o de la plataforma: 370 mm x 270 mm","_links":{"self":[{"href":"https:\/\/scales4u.pt\/es\/wp-json\/wp\/v2\/product\/19351"}],"collection":[{"href":"https:\/\/scales4u.pt\/es\/wp-json\/wp\/v2\/product"}],"about":[{"href":"https:\/\/scales4u.pt\/es\/wp-json\/wp\/v2\/types\/product"}],"wp:featuredmedia":[{"embeddable":true,"href":"https:\/\/scales4u.pt\/es\/wp-json\/wp\/v2\/media\/22446"}],"wp:attachment":[{"href":"https:\/\/scales4u.pt\/es\/wp-json\/wp\/v2\/media?parent=19351"}],"wp:term":[{"taxonomy":"product_brand","embeddable":true,"href":"https:\/\/scales4u.pt\/es\/wp-json\/wp\/v2\/product_brand?post=19351"},{"taxonomy":"product_cat","embeddable":true,"href":"https:\/\/scales4u.pt\/es\/wp-json\/wp\/v2\/product_cat?post=19351"},{"taxonomy":"product_tag","embeddable":true,"href":"https:\/\/scales4u.pt\/es\/wp-json\/wp\/v2\/product_tag?post=19351"}],"curies":[{"name":"wp","href":"https:\/\/api.w.org\/{rel}","templated":true}]}}