{"id":19414,"date":"2021-10-11T10:24:33","date_gmt":"2023-01-12T14:29:08","guid":{"rendered":"https:\/\/scales4u.pt\/product\/bascula-de-jaula-digital-para-ganado\/"},"modified":"2023-01-12T14:29:08","modified_gmt":"2023-01-12T14:29:08","slug":"bascula-de-jaula-digital-para-ganado","status":"publish","type":"product","link":"https:\/\/scales4u.pt\/es\/producto\/bascula-de-jaula-digital-para-ganado\/","title":{"rendered":"B\u00e1scula de jaula digital para ganado"},"content":{"rendered":"<ul>\n<li>Modo de pesaje de animales<\/li>\n<li>Construcci\u00f3n de acero dulce<\/li>\n<li>Indicador: bater\u00eda recargable \/ red<\/li>\n<li>Dimensiones de la jaula: Largo &#8211; 124 cm, alto &#8211; 112 cm, ancho &#8211; 70 cm<\/li>\n<li>Capacidad m\u00e1xima: 1000kg x 500g<\/li>\n<\/ul>\n<p>Por favor, p\u00f3ngase en contacto con nosotros para el costo de env\u00edo<\/p>\n","protected":false},"excerpt":{"rendered":"<p>Modo de pesaje de animales Construcci\u00f3n de acero dulce Indicador: bater\u00eda recargable \/ red Dimensiones de la jaula: Largo &#8211; 124 cm, alto &#8211; 112 cm, ancho &#8211; 70 cm Capacidad m\u00e1xima: 1000kg x 500g Por favor, p\u00f3ngase en contacto con nosotros para el costo de env\u00edo<\/p>\n","protected":false},"featured_media":18600,"template":"","meta":{"_uag_custom_page_level_css":""},"product_brand":[],"product_cat":[267,269],"product_tag":[],"class_list":{"0":"post-19414","1":"product","2":"type-product","3":"status-publish","4":"has-post-thumbnail","6":"product_cat-bascula-animales","7":"product_cat-basculas-para-agricultura","9":"first","10":"instock","11":"taxable","12":"shipping-taxable","13":"purchasable","14":"product-type-simple"},"supplier_id":null,"supplier_sku":"","barcode":null,"atum_controlled":true,"out_stock_date":null,"out_stock_threshold":null,"inheritable":false,"inbound_stock":0,"stock_on_hold":0,"sold_today":0,"sales_last_days":0,"reserved_stock":0,"customer_returns":0,"warehouse_damage":0,"lost_in_post":0,"other_logs":0,"out_stock_days":0,"lost_sales":0,"has_location":false,"update_date":"2026-04-24T18:03:40","atum_locations":[],"atum_stock_status":"instock","restock_status":false,"low_stock_amount":"","sales_update_date":"2026-04-24T18:03:40","calc_backorders":null,"linked_bom":[{"bom_id":10654,"bom_type":"product_part","qty":1,"measure_unit":null}],"sync_purchase_price":false,"bom_sellable":null,"minimum_threshold":null,"available_to_purchase":null,"selling_priority":null,"calculated_stock":null,"is_bom":false,"yoast_head":"<!-- This site is optimized with the Yoast SEO plugin v24.2 - https:\/\/yoast.com\/wordpress\/plugins\/seo\/ -->\n<title>B\u00e1scula de jaula digital para ganado - Scales4u<\/title>\n<meta name=\"robots\" content=\"index, follow, max-snippet:-1, max-image-preview:large, max-video-preview:-1\" \/>\n<link rel=\"canonical\" href=\"https:\/\/scales4u.pt\/es\/producto\/bascula-de-jaula-digital-para-ganado\/\" \/>\n<meta property=\"og:locale\" content=\"es_ES\" \/>\n<meta property=\"og:type\" content=\"article\" \/>\n<meta property=\"og:title\" content=\"B\u00e1scula de jaula digital para ganado - Scales4u\" \/>\n<meta property=\"og:description\" content=\"Modo de pesaje de animales Construcci\u00f3n de acero dulce Indicador: bater\u00eda recargable \/ red Dimensiones de la jaula: Largo &#8211; 124 cm, alto &#8211; 112 cm, ancho &#8211; 70 cm Capacidad m\u00e1xima: 1000kg x 500g Por favor, p\u00f3ngase en contacto con nosotros para el costo de env\u00edo\" \/>\n<meta property=\"og:url\" content=\"https:\/\/scales4u.pt\/es\/producto\/bascula-de-jaula-digital-para-ganado\/\" \/>\n<meta property=\"og:site_name\" content=\"Scales4u\" \/>\n<meta property=\"article:publisher\" content=\"https:\/\/www.facebook.com\/scales4u.pt\/\" \/>\n<meta property=\"og:image\" content=\"https:\/\/scales4u.pt\/wp-content\/uploads\/2021\/10\/T7E-CAGE-SCALE-small.jpg\" \/>\n\t<meta property=\"og:image:width\" content=\"2365\" \/>\n\t<meta property=\"og:image:height\" content=\"2208\" \/>\n\t<meta property=\"og:image:type\" content=\"image\/jpeg\" \/>\n<meta name=\"twitter:card\" content=\"summary_large_image\" \/>\n<script type=\"application\/ld+json\" class=\"yoast-schema-graph\">{\"@context\":\"https:\/\/schema.org\",\"@graph\":[{\"@type\":\"WebPage\",\"@id\":\"https:\/\/scales4u.pt\/es\/producto\/bascula-de-jaula-digital-para-ganado\/\",\"url\":\"https:\/\/scales4u.pt\/es\/producto\/bascula-de-jaula-digital-para-ganado\/\",\"name\":\"B\u00e1scula de jaula digital para ganado - Scales4u\",\"isPartOf\":{\"@id\":\"https:\/\/scales4u.pt\/es\/#website\"},\"primaryImageOfPage\":{\"@id\":\"https:\/\/scales4u.pt\/es\/producto\/bascula-de-jaula-digital-para-ganado\/#primaryimage\"},\"image\":{\"@id\":\"https:\/\/scales4u.pt\/es\/producto\/bascula-de-jaula-digital-para-ganado\/#primaryimage\"},\"thumbnailUrl\":\"https:\/\/scales4u.pt\/wp-content\/uploads\/2021\/10\/T7E-CAGE-SCALE-small.jpg\",\"datePublished\":\"2023-01-12T14:29:08+00:00\",\"dateModified\":\"2023-01-12T14:29:08+00:00\",\"breadcrumb\":{\"@id\":\"https:\/\/scales4u.pt\/es\/producto\/bascula-de-jaula-digital-para-ganado\/#breadcrumb\"},\"inLanguage\":\"es\",\"potentialAction\":[{\"@type\":\"ReadAction\",\"target\":[\"https:\/\/scales4u.pt\/es\/producto\/bascula-de-jaula-digital-para-ganado\/\"]}]},{\"@type\":\"ImageObject\",\"inLanguage\":\"es\",\"@id\":\"https:\/\/scales4u.pt\/es\/producto\/bascula-de-jaula-digital-para-ganado\/#primaryimage\",\"url\":\"https:\/\/scales4u.pt\/wp-content\/uploads\/2021\/10\/T7E-CAGE-SCALE-small.jpg\",\"contentUrl\":\"https:\/\/scales4u.pt\/wp-content\/uploads\/2021\/10\/T7E-CAGE-SCALE-small.jpg\",\"width\":2365,\"height\":2208},{\"@type\":\"BreadcrumbList\",\"@id\":\"https:\/\/scales4u.pt\/es\/producto\/bascula-de-jaula-digital-para-ganado\/#breadcrumb\",\"itemListElement\":[{\"@type\":\"ListItem\",\"position\":1,\"name\":\"HomeCasaHogar\",\"item\":\"https:\/\/scales4u.pt\/es\/\"},{\"@type\":\"ListItem\",\"position\":2,\"name\":\"Tienda\",\"item\":\"https:\/\/scales4u.pt\/es\/tienda\/\"},{\"@type\":\"ListItem\",\"position\":3,\"name\":\"B\u00e1scula de jaula digital para ganado\"}]},{\"@type\":\"WebSite\",\"@id\":\"https:\/\/scales4u.pt\/es\/#website\",\"url\":\"https:\/\/scales4u.pt\/es\/\",\"name\":\"Scales4u\",\"description\":\"Weighing Equipment &amp; Accessories\",\"publisher\":{\"@id\":\"https:\/\/scales4u.pt\/es\/#organization\"},\"potentialAction\":[{\"@type\":\"SearchAction\",\"target\":{\"@type\":\"EntryPoint\",\"urlTemplate\":\"https:\/\/scales4u.pt\/es\/?s={search_term_string}\"},\"query-input\":{\"@type\":\"PropertyValueSpecification\",\"valueRequired\":true,\"valueName\":\"search_term_string\"}}],\"inLanguage\":\"es\"},{\"@type\":\"Organization\",\"@id\":\"https:\/\/scales4u.pt\/es\/#organization\",\"name\":\"Scales4u\",\"url\":\"https:\/\/scales4u.pt\/es\/\",\"logo\":{\"@type\":\"ImageObject\",\"inLanguage\":\"es\",\"@id\":\"https:\/\/scales4u.pt\/es\/#\/schema\/logo\/image\/\",\"url\":\"\",\"contentUrl\":\"\",\"caption\":\"Scales4u\"},\"image\":{\"@id\":\"https:\/\/scales4u.pt\/es\/#\/schema\/logo\/image\/\"},\"sameAs\":[\"https:\/\/www.facebook.com\/scales4u.pt\/\",\"https:\/\/www.instagram.com\/scales4u.pt\/\"]}]}<\/script>\n<!-- \/ Yoast SEO plugin. -->","yoast_head_json":{"title":"B\u00e1scula de jaula digital para ganado - Scales4u","robots":{"index":"index","follow":"follow","max-snippet":"max-snippet:-1","max-image-preview":"max-image-preview:large","max-video-preview":"max-video-preview:-1"},"canonical":"https:\/\/scales4u.pt\/es\/producto\/bascula-de-jaula-digital-para-ganado\/","og_locale":"es_ES","og_type":"article","og_title":"B\u00e1scula de jaula digital para ganado - Scales4u","og_description":"Modo de pesaje de animales Construcci\u00f3n de acero dulce Indicador: bater\u00eda recargable \/ red Dimensiones de la jaula: Largo &#8211; 124 cm, alto &#8211; 112 cm, ancho &#8211; 70 cm Capacidad m\u00e1xima: 1000kg x 500g Por favor, p\u00f3ngase en contacto con nosotros para el costo de env\u00edo","og_url":"https:\/\/scales4u.pt\/es\/producto\/bascula-de-jaula-digital-para-ganado\/","og_site_name":"Scales4u","article_publisher":"https:\/\/www.facebook.com\/scales4u.pt\/","og_image":[{"width":2365,"height":2208,"url":"https:\/\/scales4u.pt\/wp-content\/uploads\/2021\/10\/T7E-CAGE-SCALE-small.jpg","type":"image\/jpeg"}],"twitter_card":"summary_large_image","schema":{"@context":"https:\/\/schema.org","@graph":[{"@type":"WebPage","@id":"https:\/\/scales4u.pt\/es\/producto\/bascula-de-jaula-digital-para-ganado\/","url":"https:\/\/scales4u.pt\/es\/producto\/bascula-de-jaula-digital-para-ganado\/","name":"B\u00e1scula de jaula digital para ganado - Scales4u","isPartOf":{"@id":"https:\/\/scales4u.pt\/es\/#website"},"primaryImageOfPage":{"@id":"https:\/\/scales4u.pt\/es\/producto\/bascula-de-jaula-digital-para-ganado\/#primaryimage"},"image":{"@id":"https:\/\/scales4u.pt\/es\/producto\/bascula-de-jaula-digital-para-ganado\/#primaryimage"},"thumbnailUrl":"https:\/\/scales4u.pt\/wp-content\/uploads\/2021\/10\/T7E-CAGE-SCALE-small.jpg","datePublished":"2023-01-12T14:29:08+00:00","dateModified":"2023-01-12T14:29:08+00:00","breadcrumb":{"@id":"https:\/\/scales4u.pt\/es\/producto\/bascula-de-jaula-digital-para-ganado\/#breadcrumb"},"inLanguage":"es","potentialAction":[{"@type":"ReadAction","target":["https:\/\/scales4u.pt\/es\/producto\/bascula-de-jaula-digital-para-ganado\/"]}]},{"@type":"ImageObject","inLanguage":"es","@id":"https:\/\/scales4u.pt\/es\/producto\/bascula-de-jaula-digital-para-ganado\/#primaryimage","url":"https:\/\/scales4u.pt\/wp-content\/uploads\/2021\/10\/T7E-CAGE-SCALE-small.jpg","contentUrl":"https:\/\/scales4u.pt\/wp-content\/uploads\/2021\/10\/T7E-CAGE-SCALE-small.jpg","width":2365,"height":2208},{"@type":"BreadcrumbList","@id":"https:\/\/scales4u.pt\/es\/producto\/bascula-de-jaula-digital-para-ganado\/#breadcrumb","itemListElement":[{"@type":"ListItem","position":1,"name":"HomeCasaHogar","item":"https:\/\/scales4u.pt\/es\/"},{"@type":"ListItem","position":2,"name":"Tienda","item":"https:\/\/scales4u.pt\/es\/tienda\/"},{"@type":"ListItem","position":3,"name":"B\u00e1scula de jaula digital para ganado"}]},{"@type":"WebSite","@id":"https:\/\/scales4u.pt\/es\/#website","url":"https:\/\/scales4u.pt\/es\/","name":"Scales4u","description":"Weighing Equipment &amp; Accessories","publisher":{"@id":"https:\/\/scales4u.pt\/es\/#organization"},"potentialAction":[{"@type":"SearchAction","target":{"@type":"EntryPoint","urlTemplate":"https:\/\/scales4u.pt\/es\/?s={search_term_string}"},"query-input":{"@type":"PropertyValueSpecification","valueRequired":true,"valueName":"search_term_string"}}],"inLanguage":"es"},{"@type":"Organization","@id":"https:\/\/scales4u.pt\/es\/#organization","name":"Scales4u","url":"https:\/\/scales4u.pt\/es\/","logo":{"@type":"ImageObject","inLanguage":"es","@id":"https:\/\/scales4u.pt\/es\/#\/schema\/logo\/image\/","url":"","contentUrl":"","caption":"Scales4u"},"image":{"@id":"https:\/\/scales4u.pt\/es\/#\/schema\/logo\/image\/"},"sameAs":["https:\/\/www.facebook.com\/scales4u.pt\/","https:\/\/www.instagram.com\/scales4u.pt\/"]}]}},"uagb_featured_image_src":{"full":["https:\/\/scales4u.pt\/wp-content\/uploads\/2021\/10\/T7E-CAGE-SCALE-small.jpg",2365,2208,false],"thumbnail":["https:\/\/scales4u.pt\/wp-content\/uploads\/2021\/10\/T7E-CAGE-SCALE-small-150x150.jpg",150,150,true],"medium":["https:\/\/scales4u.pt\/wp-content\/uploads\/2021\/10\/T7E-CAGE-SCALE-small-300x280.jpg",300,280,true],"medium_large":["https:\/\/scales4u.pt\/wp-content\/uploads\/2021\/10\/T7E-CAGE-SCALE-small-768x717.jpg",768,717,true],"large":["https:\/\/scales4u.pt\/wp-content\/uploads\/2021\/10\/T7E-CAGE-SCALE-small-1024x956.jpg",1024,956,true],"1536x1536":["https:\/\/scales4u.pt\/wp-content\/uploads\/2021\/10\/T7E-CAGE-SCALE-small-1536x1434.jpg",1536,1434,true],"2048x2048":["https:\/\/scales4u.pt\/wp-content\/uploads\/2021\/10\/T7E-CAGE-SCALE-small-2048x1912.jpg",2048,1912,true],"woocommerce_thumbnail":["https:\/\/scales4u.pt\/wp-content\/uploads\/2021\/10\/T7E-CAGE-SCALE-small-300x280.jpg",300,280,true],"woocommerce_single":["https:\/\/scales4u.pt\/wp-content\/uploads\/2021\/10\/T7E-CAGE-SCALE-small-600x560.jpg",600,560,true],"woocommerce_gallery_thumbnail":["https:\/\/scales4u.pt\/wp-content\/uploads\/2021\/10\/T7E-CAGE-SCALE-small-100x100.jpg",100,100,true]},"uagb_author_info":{"display_name":"admin","author_link":"https:\/\/scales4u.pt\/es\/author\/"},"uagb_comment_info":0,"uagb_excerpt":"Modo de pesaje de animales Construcci\u00f3n de acero dulce Indicador: bater\u00eda recargable \/ red Dimensiones de la jaula: Largo &#8211; 124 cm, alto &#8211; 112 cm, ancho &#8211; 70 cm Capacidad m\u00e1xima: 1000kg x 500g Por favor, p\u00f3ngase en contacto con nosotros para el costo de env\u00edo","_links":{"self":[{"href":"https:\/\/scales4u.pt\/es\/wp-json\/wp\/v2\/product\/19414"}],"collection":[{"href":"https:\/\/scales4u.pt\/es\/wp-json\/wp\/v2\/product"}],"about":[{"href":"https:\/\/scales4u.pt\/es\/wp-json\/wp\/v2\/types\/product"}],"wp:featuredmedia":[{"embeddable":true,"href":"https:\/\/scales4u.pt\/es\/wp-json\/wp\/v2\/media\/18600"}],"wp:attachment":[{"href":"https:\/\/scales4u.pt\/es\/wp-json\/wp\/v2\/media?parent=19414"}],"wp:term":[{"taxonomy":"product_brand","embeddable":true,"href":"https:\/\/scales4u.pt\/es\/wp-json\/wp\/v2\/product_brand?post=19414"},{"taxonomy":"product_cat","embeddable":true,"href":"https:\/\/scales4u.pt\/es\/wp-json\/wp\/v2\/product_cat?post=19414"},{"taxonomy":"product_tag","embeddable":true,"href":"https:\/\/scales4u.pt\/es\/wp-json\/wp\/v2\/product_tag?post=19414"}],"curies":[{"name":"wp","href":"https:\/\/api.w.org\/{rel}","templated":true}]}}