{"id":22605,"date":"2019-11-25T09:15:54","date_gmt":"2019-11-25T09:15:54","guid":{"rendered":"https:\/\/scales4u.pt\/product\/bascula-de-plataforma-de-conteo-digital-micro-kc\/"},"modified":"2024-05-18T07:26:35","modified_gmt":"2024-05-18T07:26:35","slug":"bascula-de-plataforma-de-conteo-digital-micro-kc","status":"publish","type":"product","link":"https:\/\/scales4u.pt\/es\/producto\/bascula-de-plataforma-de-conteo-digital-micro-kc\/","title":{"rendered":"B\u00e1scula de plataforma de conteo digital Micro KC"},"content":{"rendered":"<p>Caracter\u00edsticas:<\/p>\n<ul>\n<li>Visualizaci\u00f3n instant\u00e1nea de cantidad, peso unitario y peso total<\/li>\n<li>Potencia del indicador: bater\u00eda recargable\/red el\u00e9ctrica<\/li>\n<li>Placa superior de acero inoxidable<\/li>\n<li>Pantalla LCD de 20 mm con retroiluminaci\u00f3n<\/li>\n<li>Promedio autom\u00e1tico del peso unitario<\/li>\n<li>Alarma audible para peso preestablecido<\/li>\n<li>Funciones: Auto Cero, Tara Preestablecida, Acumulaci\u00f3n, Alarma de Comprobaci\u00f3n de Piezas y Conversi\u00f3n de Unidades<\/li>\n<\/ul>\n<p>&nbsp;<\/p>\n","protected":false},"excerpt":{"rendered":"<p>Caracter\u00edsticas: Visualizaci\u00f3n instant\u00e1nea de cantidad, peso unitario y peso total Potencia del indicador: bater\u00eda recargable\/red el\u00e9ctrica Placa superior de acero inoxidable Pantalla LCD de 20 mm con retroiluminaci\u00f3n Promedio autom\u00e1tico del peso unitario Alarma audible para peso preestablecido Funciones: Auto Cero, Tara Preestablecida, Acumulaci\u00f3n, Alarma de Comprobaci\u00f3n de Piezas y Conversi\u00f3n de Unidades &nbsp;<\/p>\n","protected":false},"featured_media":22603,"template":"","meta":{"_uag_custom_page_level_css":""},"product_brand":[],"product_cat":[261,255],"product_tag":[311,293,295,291,361,360,299],"class_list":{"0":"post-22605","1":"product","2":"type-product","3":"status-publish","4":"has-post-thumbnail","6":"product_cat-balanzas-cuentapiezas","7":"product_cat-basculas-de-plataforma-digital","8":"product_tag-balanza-cuentapiezas","9":"product_tag-bascula","10":"product_tag-bascula-de-plataforma","11":"product_tag-micro-escala-es","12":"product_tag-micro-kc-es","13":"product_tag-plataforma-de-recuento","14":"product_tag-receiving-scale-es","15":"pa_platform-size-300mmx300mm-es","16":"pa_platform-size-300mmx400mm-es","17":"pa_platform-size-400mmx500mm-es","18":"pa_platform-size-500mmx600mm-es","20":"first","21":"instock","22":"taxable","23":"shipping-taxable","24":"purchasable","25":"product-type-variable"},"supplier_id":null,"supplier_sku":"","barcode":null,"atum_controlled":true,"out_stock_date":null,"out_stock_threshold":null,"inheritable":true,"inbound_stock":null,"stock_on_hold":0,"sold_today":0,"sales_last_days":0,"reserved_stock":null,"customer_returns":null,"warehouse_damage":null,"lost_in_post":null,"other_logs":null,"out_stock_days":0,"lost_sales":0,"has_location":false,"update_date":"2026-04-09T17:31:00","atum_locations":[],"atum_stock_status":"instock","restock_status":false,"low_stock_amount":"","sales_update_date":"2026-04-09T17:31:00","calc_backorders":null,"linked_bom":[],"sync_purchase_price":false,"bom_sellable":null,"minimum_threshold":null,"available_to_purchase":null,"selling_priority":null,"calculated_stock":null,"is_bom":false,"yoast_head":"<!-- This site is optimized with the Yoast SEO plugin v24.2 - https:\/\/yoast.com\/wordpress\/plugins\/seo\/ -->\n<title>B\u00e1scula de plataforma de conteo digital Micro KC - Scales4u<\/title>\n<meta name=\"description\" content=\"Nuestras b\u00e1sculas de plataforma digital de conteo son un gran activo para contar varios art\u00edculos. \u00a1Con el peso unitario y el peso total, hace que contar sea f\u00e1cil!\" \/>\n<meta name=\"robots\" content=\"index, follow, max-snippet:-1, max-image-preview:large, max-video-preview:-1\" \/>\n<link rel=\"canonical\" href=\"https:\/\/scales4u.pt\/es\/producto\/bascula-de-plataforma-de-conteo-digital-micro-kc\/\" \/>\n<meta property=\"og:locale\" content=\"es_ES\" \/>\n<meta property=\"og:type\" content=\"article\" \/>\n<meta property=\"og:title\" content=\"B\u00e1scula de plataforma de conteo digital Micro KC - Scales4u\" \/>\n<meta property=\"og:description\" content=\"Nuestras b\u00e1sculas de plataforma digital de conteo son un gran activo para contar varios art\u00edculos. \u00a1Con el peso unitario y el peso total, hace que contar sea f\u00e1cil!\" \/>\n<meta property=\"og:url\" content=\"https:\/\/scales4u.pt\/es\/producto\/bascula-de-plataforma-de-conteo-digital-micro-kc\/\" \/>\n<meta property=\"og:site_name\" content=\"Scales4u\" \/>\n<meta property=\"article:publisher\" content=\"https:\/\/www.facebook.com\/scales4u.pt\/\" \/>\n<meta property=\"article:modified_time\" content=\"2024-05-18T07:26:35+00:00\" \/>\n<meta property=\"og:image\" content=\"https:\/\/scales4u.pt\/wp-content\/uploads\/2019\/11\/Scale4u-KC-Plataforma-digital.webp\" \/>\n\t<meta property=\"og:image:width\" content=\"1200\" \/>\n\t<meta property=\"og:image:height\" content=\"1200\" \/>\n\t<meta property=\"og:image:type\" content=\"image\/webp\" \/>\n<meta name=\"twitter:card\" content=\"summary_large_image\" \/>\n<meta name=\"twitter:label1\" content=\"Tiempo de lectura\" \/>\n\t<meta name=\"twitter:data1\" content=\"1 minuto\" \/>\n<script type=\"application\/ld+json\" class=\"yoast-schema-graph\">{\"@context\":\"https:\/\/schema.org\",\"@graph\":[{\"@type\":\"WebPage\",\"@id\":\"https:\/\/scales4u.pt\/es\/producto\/bascula-de-plataforma-de-conteo-digital-micro-kc\/\",\"url\":\"https:\/\/scales4u.pt\/es\/producto\/bascula-de-plataforma-de-conteo-digital-micro-kc\/\",\"name\":\"B\u00e1scula de plataforma de conteo digital Micro KC - Scales4u\",\"isPartOf\":{\"@id\":\"https:\/\/scales4u.pt\/es\/#website\"},\"primaryImageOfPage\":{\"@id\":\"https:\/\/scales4u.pt\/es\/producto\/bascula-de-plataforma-de-conteo-digital-micro-kc\/#primaryimage\"},\"image\":{\"@id\":\"https:\/\/scales4u.pt\/es\/producto\/bascula-de-plataforma-de-conteo-digital-micro-kc\/#primaryimage\"},\"thumbnailUrl\":\"https:\/\/scales4u.pt\/wp-content\/uploads\/2019\/11\/Scale4u-KC-Plataforma-digital.webp\",\"datePublished\":\"2019-11-25T09:15:54+00:00\",\"dateModified\":\"2024-05-18T07:26:35+00:00\",\"description\":\"Nuestras b\u00e1sculas de plataforma digital de conteo son un gran activo para contar varios art\u00edculos. \u00a1Con el peso unitario y el peso total, hace que contar sea f\u00e1cil!\",\"breadcrumb\":{\"@id\":\"https:\/\/scales4u.pt\/es\/producto\/bascula-de-plataforma-de-conteo-digital-micro-kc\/#breadcrumb\"},\"inLanguage\":\"es\",\"potentialAction\":[{\"@type\":\"ReadAction\",\"target\":[\"https:\/\/scales4u.pt\/es\/producto\/bascula-de-plataforma-de-conteo-digital-micro-kc\/\"]}]},{\"@type\":\"ImageObject\",\"inLanguage\":\"es\",\"@id\":\"https:\/\/scales4u.pt\/es\/producto\/bascula-de-plataforma-de-conteo-digital-micro-kc\/#primaryimage\",\"url\":\"https:\/\/scales4u.pt\/wp-content\/uploads\/2019\/11\/Scale4u-KC-Plataforma-digital.webp\",\"contentUrl\":\"https:\/\/scales4u.pt\/wp-content\/uploads\/2019\/11\/Scale4u-KC-Plataforma-digital.webp\",\"width\":1200,\"height\":1200,\"caption\":\"Scale4u-KC-Plataforma-digital\"},{\"@type\":\"BreadcrumbList\",\"@id\":\"https:\/\/scales4u.pt\/es\/producto\/bascula-de-plataforma-de-conteo-digital-micro-kc\/#breadcrumb\",\"itemListElement\":[{\"@type\":\"ListItem\",\"position\":1,\"name\":\"HomeCasaHogar\",\"item\":\"https:\/\/scales4u.pt\/es\/\"},{\"@type\":\"ListItem\",\"position\":2,\"name\":\"Tienda\",\"item\":\"https:\/\/scales4u.pt\/es\/tienda\/\"},{\"@type\":\"ListItem\",\"position\":3,\"name\":\"B\u00e1scula de plataforma de conteo digital Micro KC\"}]},{\"@type\":\"WebSite\",\"@id\":\"https:\/\/scales4u.pt\/es\/#website\",\"url\":\"https:\/\/scales4u.pt\/es\/\",\"name\":\"Scales4u\",\"description\":\"Weighing Equipment &amp; Accessories\",\"publisher\":{\"@id\":\"https:\/\/scales4u.pt\/es\/#organization\"},\"potentialAction\":[{\"@type\":\"SearchAction\",\"target\":{\"@type\":\"EntryPoint\",\"urlTemplate\":\"https:\/\/scales4u.pt\/es\/?s={search_term_string}\"},\"query-input\":{\"@type\":\"PropertyValueSpecification\",\"valueRequired\":true,\"valueName\":\"search_term_string\"}}],\"inLanguage\":\"es\"},{\"@type\":\"Organization\",\"@id\":\"https:\/\/scales4u.pt\/es\/#organization\",\"name\":\"Scales4u\",\"url\":\"https:\/\/scales4u.pt\/es\/\",\"logo\":{\"@type\":\"ImageObject\",\"inLanguage\":\"es\",\"@id\":\"https:\/\/scales4u.pt\/es\/#\/schema\/logo\/image\/\",\"url\":\"\",\"contentUrl\":\"\",\"caption\":\"Scales4u\"},\"image\":{\"@id\":\"https:\/\/scales4u.pt\/es\/#\/schema\/logo\/image\/\"},\"sameAs\":[\"https:\/\/www.facebook.com\/scales4u.pt\/\",\"https:\/\/www.instagram.com\/scales4u.pt\/\"]}]}<\/script>\n<!-- \/ Yoast SEO plugin. -->","yoast_head_json":{"title":"B\u00e1scula de plataforma de conteo digital Micro KC - Scales4u","description":"Nuestras b\u00e1sculas de plataforma digital de conteo son un gran activo para contar varios art\u00edculos. \u00a1Con el peso unitario y el peso total, hace que contar sea f\u00e1cil!","robots":{"index":"index","follow":"follow","max-snippet":"max-snippet:-1","max-image-preview":"max-image-preview:large","max-video-preview":"max-video-preview:-1"},"canonical":"https:\/\/scales4u.pt\/es\/producto\/bascula-de-plataforma-de-conteo-digital-micro-kc\/","og_locale":"es_ES","og_type":"article","og_title":"B\u00e1scula de plataforma de conteo digital Micro KC - Scales4u","og_description":"Nuestras b\u00e1sculas de plataforma digital de conteo son un gran activo para contar varios art\u00edculos. \u00a1Con el peso unitario y el peso total, hace que contar sea f\u00e1cil!","og_url":"https:\/\/scales4u.pt\/es\/producto\/bascula-de-plataforma-de-conteo-digital-micro-kc\/","og_site_name":"Scales4u","article_publisher":"https:\/\/www.facebook.com\/scales4u.pt\/","article_modified_time":"2024-05-18T07:26:35+00:00","og_image":[{"width":1200,"height":1200,"url":"https:\/\/scales4u.pt\/wp-content\/uploads\/2019\/11\/Scale4u-KC-Plataforma-digital.webp","type":"image\/webp"}],"twitter_card":"summary_large_image","twitter_misc":{"Tiempo de lectura":"1 minuto"},"schema":{"@context":"https:\/\/schema.org","@graph":[{"@type":"WebPage","@id":"https:\/\/scales4u.pt\/es\/producto\/bascula-de-plataforma-de-conteo-digital-micro-kc\/","url":"https:\/\/scales4u.pt\/es\/producto\/bascula-de-plataforma-de-conteo-digital-micro-kc\/","name":"B\u00e1scula de plataforma de conteo digital Micro KC - Scales4u","isPartOf":{"@id":"https:\/\/scales4u.pt\/es\/#website"},"primaryImageOfPage":{"@id":"https:\/\/scales4u.pt\/es\/producto\/bascula-de-plataforma-de-conteo-digital-micro-kc\/#primaryimage"},"image":{"@id":"https:\/\/scales4u.pt\/es\/producto\/bascula-de-plataforma-de-conteo-digital-micro-kc\/#primaryimage"},"thumbnailUrl":"https:\/\/scales4u.pt\/wp-content\/uploads\/2019\/11\/Scale4u-KC-Plataforma-digital.webp","datePublished":"2019-11-25T09:15:54+00:00","dateModified":"2024-05-18T07:26:35+00:00","description":"Nuestras b\u00e1sculas de plataforma digital de conteo son un gran activo para contar varios art\u00edculos. \u00a1Con el peso unitario y el peso total, hace que contar sea f\u00e1cil!","breadcrumb":{"@id":"https:\/\/scales4u.pt\/es\/producto\/bascula-de-plataforma-de-conteo-digital-micro-kc\/#breadcrumb"},"inLanguage":"es","potentialAction":[{"@type":"ReadAction","target":["https:\/\/scales4u.pt\/es\/producto\/bascula-de-plataforma-de-conteo-digital-micro-kc\/"]}]},{"@type":"ImageObject","inLanguage":"es","@id":"https:\/\/scales4u.pt\/es\/producto\/bascula-de-plataforma-de-conteo-digital-micro-kc\/#primaryimage","url":"https:\/\/scales4u.pt\/wp-content\/uploads\/2019\/11\/Scale4u-KC-Plataforma-digital.webp","contentUrl":"https:\/\/scales4u.pt\/wp-content\/uploads\/2019\/11\/Scale4u-KC-Plataforma-digital.webp","width":1200,"height":1200,"caption":"Scale4u-KC-Plataforma-digital"},{"@type":"BreadcrumbList","@id":"https:\/\/scales4u.pt\/es\/producto\/bascula-de-plataforma-de-conteo-digital-micro-kc\/#breadcrumb","itemListElement":[{"@type":"ListItem","position":1,"name":"HomeCasaHogar","item":"https:\/\/scales4u.pt\/es\/"},{"@type":"ListItem","position":2,"name":"Tienda","item":"https:\/\/scales4u.pt\/es\/tienda\/"},{"@type":"ListItem","position":3,"name":"B\u00e1scula de plataforma de conteo digital Micro KC"}]},{"@type":"WebSite","@id":"https:\/\/scales4u.pt\/es\/#website","url":"https:\/\/scales4u.pt\/es\/","name":"Scales4u","description":"Weighing Equipment &amp; Accessories","publisher":{"@id":"https:\/\/scales4u.pt\/es\/#organization"},"potentialAction":[{"@type":"SearchAction","target":{"@type":"EntryPoint","urlTemplate":"https:\/\/scales4u.pt\/es\/?s={search_term_string}"},"query-input":{"@type":"PropertyValueSpecification","valueRequired":true,"valueName":"search_term_string"}}],"inLanguage":"es"},{"@type":"Organization","@id":"https:\/\/scales4u.pt\/es\/#organization","name":"Scales4u","url":"https:\/\/scales4u.pt\/es\/","logo":{"@type":"ImageObject","inLanguage":"es","@id":"https:\/\/scales4u.pt\/es\/#\/schema\/logo\/image\/","url":"","contentUrl":"","caption":"Scales4u"},"image":{"@id":"https:\/\/scales4u.pt\/es\/#\/schema\/logo\/image\/"},"sameAs":["https:\/\/www.facebook.com\/scales4u.pt\/","https:\/\/www.instagram.com\/scales4u.pt\/"]}]}},"uagb_featured_image_src":{"full":["https:\/\/scales4u.pt\/wp-content\/uploads\/2019\/11\/Scale4u-KC-Plataforma-digital.webp",1200,1200,false],"thumbnail":["https:\/\/scales4u.pt\/wp-content\/uploads\/2019\/11\/Scale4u-KC-Plataforma-digital-150x150.webp",150,150,true],"medium":["https:\/\/scales4u.pt\/wp-content\/uploads\/2019\/11\/Scale4u-KC-Plataforma-digital-300x300.webp",300,300,true],"medium_large":["https:\/\/scales4u.pt\/wp-content\/uploads\/2019\/11\/Scale4u-KC-Plataforma-digital-768x768.webp",768,768,true],"large":["https:\/\/scales4u.pt\/wp-content\/uploads\/2019\/11\/Scale4u-KC-Plataforma-digital-1024x1024.webp",1024,1024,true],"1536x1536":["https:\/\/scales4u.pt\/wp-content\/uploads\/2019\/11\/Scale4u-KC-Plataforma-digital.webp",1200,1200,false],"2048x2048":["https:\/\/scales4u.pt\/wp-content\/uploads\/2019\/11\/Scale4u-KC-Plataforma-digital.webp",1200,1200,false],"woocommerce_thumbnail":["https:\/\/scales4u.pt\/wp-content\/uploads\/2019\/11\/Scale4u-KC-Plataforma-digital-300x300.webp",300,300,true],"woocommerce_single":["https:\/\/scales4u.pt\/wp-content\/uploads\/2019\/11\/Scale4u-KC-Plataforma-digital-600x600.webp",600,600,true],"woocommerce_gallery_thumbnail":["https:\/\/scales4u.pt\/wp-content\/uploads\/2019\/11\/Scale4u-KC-Plataforma-digital-100x100.webp",100,100,true]},"uagb_author_info":{"display_name":"admin","author_link":"https:\/\/scales4u.pt\/es\/author\/"},"uagb_comment_info":0,"uagb_excerpt":"Caracter\u00edsticas: Visualizaci\u00f3n instant\u00e1nea de cantidad, peso unitario y peso total Potencia del indicador: bater\u00eda recargable\/red el\u00e9ctrica Placa superior de acero inoxidable Pantalla LCD de 20 mm con retroiluminaci\u00f3n Promedio autom\u00e1tico del peso unitario Alarma audible para peso preestablecido Funciones: Auto Cero, Tara Preestablecida, Acumulaci\u00f3n, Alarma de Comprobaci\u00f3n de Piezas y Conversi\u00f3n de Unidades &nbsp;","_links":{"self":[{"href":"https:\/\/scales4u.pt\/es\/wp-json\/wp\/v2\/product\/22605"}],"collection":[{"href":"https:\/\/scales4u.pt\/es\/wp-json\/wp\/v2\/product"}],"about":[{"href":"https:\/\/scales4u.pt\/es\/wp-json\/wp\/v2\/types\/product"}],"wp:featuredmedia":[{"embeddable":true,"href":"https:\/\/scales4u.pt\/es\/wp-json\/wp\/v2\/media\/22603"}],"wp:attachment":[{"href":"https:\/\/scales4u.pt\/es\/wp-json\/wp\/v2\/media?parent=22605"}],"wp:term":[{"taxonomy":"product_brand","embeddable":true,"href":"https:\/\/scales4u.pt\/es\/wp-json\/wp\/v2\/product_brand?post=22605"},{"taxonomy":"product_cat","embeddable":true,"href":"https:\/\/scales4u.pt\/es\/wp-json\/wp\/v2\/product_cat?post=22605"},{"taxonomy":"product_tag","embeddable":true,"href":"https:\/\/scales4u.pt\/es\/wp-json\/wp\/v2\/product_tag?post=22605"}],"curies":[{"name":"wp","href":"https:\/\/api.w.org\/{rel}","templated":true}]}}