{"id":22680,"date":"2024-05-18T08:27:02","date_gmt":"2024-05-18T08:27:02","guid":{"rendered":"https:\/\/scales4u.pt\/product\/bascula-colgante-microdigital\/"},"modified":"2024-05-18T08:28:16","modified_gmt":"2024-05-18T08:28:16","slug":"bascula-colgante-microdigital","status":"publish","type":"product","link":"https:\/\/scales4u.pt\/es\/producto\/bascula-colgante-microdigital\/","title":{"rendered":"B\u00e1scula colgante microdigital"},"content":{"rendered":"<p>Caracter\u00edsticas:<\/p>\n<ul>\n<li>Capacidad m\u00e1xima: 50 kg<\/li>\n<li>Divisi\u00f3n: 50g<\/li>\n<li>Apagado autom\u00e1tico<\/li>\n<li>Pantalla LCD con luz de fondo<\/li>\n<li>Funciones: tara y cero<\/li>\n<li>Cinta m\u00e9trica incorporada<\/li>\n<li>Alimentaci\u00f3n: 3 pilas AAA<\/li>\n<\/ul>\n","protected":false},"excerpt":{"rendered":"<p>Caracter\u00edsticas: Capacidad m\u00e1xima: 50 kg Divisi\u00f3n: 50g Apagado autom\u00e1tico Pantalla LCD con luz de fondo Funciones: tara y cero Cinta m\u00e9trica incorporada Alimentaci\u00f3n: 3 pilas AAA<\/p>\n","protected":false},"featured_media":22678,"template":"","meta":{"_uag_custom_page_level_css":""},"product_brand":[],"product_cat":[263],"product_tag":[293,307,291],"class_list":{"0":"post-22680","1":"product","2":"type-product","3":"status-publish","4":"has-post-thumbnail","6":"product_cat-ganchos-pesadores","7":"product_tag-bascula","8":"product_tag-gancho-pesador","9":"product_tag-micro-escala-es","11":"first","12":"instock","13":"taxable","14":"shipping-taxable","15":"purchasable","16":"product-type-simple"},"supplier_id":null,"supplier_sku":"","barcode":null,"atum_controlled":true,"out_stock_date":null,"out_stock_threshold":null,"inheritable":false,"inbound_stock":0,"stock_on_hold":1,"sold_today":0,"sales_last_days":0,"reserved_stock":0,"customer_returns":0,"warehouse_damage":0,"lost_in_post":0,"other_logs":0,"out_stock_days":0,"lost_sales":0,"has_location":false,"update_date":"2026-04-08T17:28:25","atum_locations":[],"atum_stock_status":"instock","restock_status":false,"low_stock_amount":"","sales_update_date":"2026-04-08T17:28:25","calc_backorders":null,"linked_bom":[],"sync_purchase_price":false,"bom_sellable":null,"minimum_threshold":null,"available_to_purchase":null,"selling_priority":null,"calculated_stock":null,"is_bom":false,"yoast_head":"<!-- This site is optimized with the Yoast SEO plugin v24.2 - https:\/\/yoast.com\/wordpress\/plugins\/seo\/ -->\n<title>B\u00e1scula colgante microdigital - Scales4u<\/title>\n<meta name=\"description\" content=\"La b\u00e1scula colgante Micro digital es adecuada para todas las industrias. Esta b\u00e1scula es muy port\u00e1til porque los ganchos y el mango se pliegan.\" \/>\n<meta name=\"robots\" content=\"index, follow, max-snippet:-1, max-image-preview:large, max-video-preview:-1\" \/>\n<link rel=\"canonical\" href=\"https:\/\/scales4u.pt\/es\/producto\/bascula-colgante-microdigital\/\" \/>\n<meta property=\"og:locale\" content=\"es_ES\" \/>\n<meta property=\"og:type\" content=\"article\" \/>\n<meta property=\"og:title\" content=\"B\u00e1scula colgante microdigital - Scales4u\" \/>\n<meta property=\"og:description\" content=\"La b\u00e1scula colgante Micro digital es adecuada para todas las industrias. Esta b\u00e1scula es muy port\u00e1til porque los ganchos y el mango se pliegan.\" \/>\n<meta property=\"og:url\" content=\"https:\/\/scales4u.pt\/es\/producto\/bascula-colgante-microdigital\/\" \/>\n<meta property=\"og:site_name\" content=\"Scales4u\" \/>\n<meta property=\"article:publisher\" content=\"https:\/\/www.facebook.com\/scales4u.pt\/\" \/>\n<meta property=\"article:modified_time\" content=\"2024-05-18T08:28:16+00:00\" \/>\n<meta property=\"og:image\" content=\"https:\/\/scales4u.pt\/wp-content\/uploads\/2019\/11\/Scale4u-Hanging-50kg.webp\" \/>\n\t<meta property=\"og:image:width\" content=\"1200\" \/>\n\t<meta property=\"og:image:height\" content=\"1200\" \/>\n\t<meta property=\"og:image:type\" content=\"image\/webp\" \/>\n<meta name=\"twitter:card\" content=\"summary_large_image\" \/>\n<meta name=\"twitter:label1\" content=\"Tiempo de lectura\" \/>\n\t<meta name=\"twitter:data1\" content=\"1 minuto\" \/>\n<script type=\"application\/ld+json\" class=\"yoast-schema-graph\">{\"@context\":\"https:\/\/schema.org\",\"@graph\":[{\"@type\":\"WebPage\",\"@id\":\"https:\/\/scales4u.pt\/es\/producto\/bascula-colgante-microdigital\/\",\"url\":\"https:\/\/scales4u.pt\/es\/producto\/bascula-colgante-microdigital\/\",\"name\":\"B\u00e1scula colgante microdigital - Scales4u\",\"isPartOf\":{\"@id\":\"https:\/\/scales4u.pt\/es\/#website\"},\"primaryImageOfPage\":{\"@id\":\"https:\/\/scales4u.pt\/es\/producto\/bascula-colgante-microdigital\/#primaryimage\"},\"image\":{\"@id\":\"https:\/\/scales4u.pt\/es\/producto\/bascula-colgante-microdigital\/#primaryimage\"},\"thumbnailUrl\":\"https:\/\/scales4u.pt\/wp-content\/uploads\/2019\/11\/Scale4u-Hanging-50kg.webp\",\"datePublished\":\"2024-05-18T08:27:02+00:00\",\"dateModified\":\"2024-05-18T08:28:16+00:00\",\"description\":\"La b\u00e1scula colgante Micro digital es adecuada para todas las industrias. Esta b\u00e1scula es muy port\u00e1til porque los ganchos y el mango se pliegan.\",\"breadcrumb\":{\"@id\":\"https:\/\/scales4u.pt\/es\/producto\/bascula-colgante-microdigital\/#breadcrumb\"},\"inLanguage\":\"es\",\"potentialAction\":[{\"@type\":\"ReadAction\",\"target\":[\"https:\/\/scales4u.pt\/es\/producto\/bascula-colgante-microdigital\/\"]}]},{\"@type\":\"ImageObject\",\"inLanguage\":\"es\",\"@id\":\"https:\/\/scales4u.pt\/es\/producto\/bascula-colgante-microdigital\/#primaryimage\",\"url\":\"https:\/\/scales4u.pt\/wp-content\/uploads\/2019\/11\/Scale4u-Hanging-50kg.webp\",\"contentUrl\":\"https:\/\/scales4u.pt\/wp-content\/uploads\/2019\/11\/Scale4u-Hanging-50kg.webp\",\"width\":1200,\"height\":1200,\"caption\":\"Scale4u-Hanging-50kg\"},{\"@type\":\"BreadcrumbList\",\"@id\":\"https:\/\/scales4u.pt\/es\/producto\/bascula-colgante-microdigital\/#breadcrumb\",\"itemListElement\":[{\"@type\":\"ListItem\",\"position\":1,\"name\":\"HomeCasaHogar\",\"item\":\"https:\/\/scales4u.pt\/es\/\"},{\"@type\":\"ListItem\",\"position\":2,\"name\":\"Tienda\",\"item\":\"https:\/\/scales4u.pt\/es\/tienda\/\"},{\"@type\":\"ListItem\",\"position\":3,\"name\":\"B\u00e1scula colgante microdigital\"}]},{\"@type\":\"WebSite\",\"@id\":\"https:\/\/scales4u.pt\/es\/#website\",\"url\":\"https:\/\/scales4u.pt\/es\/\",\"name\":\"Scales4u\",\"description\":\"Weighing Equipment &amp; Accessories\",\"publisher\":{\"@id\":\"https:\/\/scales4u.pt\/es\/#organization\"},\"potentialAction\":[{\"@type\":\"SearchAction\",\"target\":{\"@type\":\"EntryPoint\",\"urlTemplate\":\"https:\/\/scales4u.pt\/es\/?s={search_term_string}\"},\"query-input\":{\"@type\":\"PropertyValueSpecification\",\"valueRequired\":true,\"valueName\":\"search_term_string\"}}],\"inLanguage\":\"es\"},{\"@type\":\"Organization\",\"@id\":\"https:\/\/scales4u.pt\/es\/#organization\",\"name\":\"Scales4u\",\"url\":\"https:\/\/scales4u.pt\/es\/\",\"logo\":{\"@type\":\"ImageObject\",\"inLanguage\":\"es\",\"@id\":\"https:\/\/scales4u.pt\/es\/#\/schema\/logo\/image\/\",\"url\":\"\",\"contentUrl\":\"\",\"caption\":\"Scales4u\"},\"image\":{\"@id\":\"https:\/\/scales4u.pt\/es\/#\/schema\/logo\/image\/\"},\"sameAs\":[\"https:\/\/www.facebook.com\/scales4u.pt\/\",\"https:\/\/www.instagram.com\/scales4u.pt\/\"]}]}<\/script>\n<!-- \/ Yoast SEO plugin. -->","yoast_head_json":{"title":"B\u00e1scula colgante microdigital - Scales4u","description":"La b\u00e1scula colgante Micro digital es adecuada para todas las industrias. Esta b\u00e1scula es muy port\u00e1til porque los ganchos y el mango se pliegan.","robots":{"index":"index","follow":"follow","max-snippet":"max-snippet:-1","max-image-preview":"max-image-preview:large","max-video-preview":"max-video-preview:-1"},"canonical":"https:\/\/scales4u.pt\/es\/producto\/bascula-colgante-microdigital\/","og_locale":"es_ES","og_type":"article","og_title":"B\u00e1scula colgante microdigital - Scales4u","og_description":"La b\u00e1scula colgante Micro digital es adecuada para todas las industrias. Esta b\u00e1scula es muy port\u00e1til porque los ganchos y el mango se pliegan.","og_url":"https:\/\/scales4u.pt\/es\/producto\/bascula-colgante-microdigital\/","og_site_name":"Scales4u","article_publisher":"https:\/\/www.facebook.com\/scales4u.pt\/","article_modified_time":"2024-05-18T08:28:16+00:00","og_image":[{"width":1200,"height":1200,"url":"https:\/\/scales4u.pt\/wp-content\/uploads\/2019\/11\/Scale4u-Hanging-50kg.webp","type":"image\/webp"}],"twitter_card":"summary_large_image","twitter_misc":{"Tiempo de lectura":"1 minuto"},"schema":{"@context":"https:\/\/schema.org","@graph":[{"@type":"WebPage","@id":"https:\/\/scales4u.pt\/es\/producto\/bascula-colgante-microdigital\/","url":"https:\/\/scales4u.pt\/es\/producto\/bascula-colgante-microdigital\/","name":"B\u00e1scula colgante microdigital - Scales4u","isPartOf":{"@id":"https:\/\/scales4u.pt\/es\/#website"},"primaryImageOfPage":{"@id":"https:\/\/scales4u.pt\/es\/producto\/bascula-colgante-microdigital\/#primaryimage"},"image":{"@id":"https:\/\/scales4u.pt\/es\/producto\/bascula-colgante-microdigital\/#primaryimage"},"thumbnailUrl":"https:\/\/scales4u.pt\/wp-content\/uploads\/2019\/11\/Scale4u-Hanging-50kg.webp","datePublished":"2024-05-18T08:27:02+00:00","dateModified":"2024-05-18T08:28:16+00:00","description":"La b\u00e1scula colgante Micro digital es adecuada para todas las industrias. Esta b\u00e1scula es muy port\u00e1til porque los ganchos y el mango se pliegan.","breadcrumb":{"@id":"https:\/\/scales4u.pt\/es\/producto\/bascula-colgante-microdigital\/#breadcrumb"},"inLanguage":"es","potentialAction":[{"@type":"ReadAction","target":["https:\/\/scales4u.pt\/es\/producto\/bascula-colgante-microdigital\/"]}]},{"@type":"ImageObject","inLanguage":"es","@id":"https:\/\/scales4u.pt\/es\/producto\/bascula-colgante-microdigital\/#primaryimage","url":"https:\/\/scales4u.pt\/wp-content\/uploads\/2019\/11\/Scale4u-Hanging-50kg.webp","contentUrl":"https:\/\/scales4u.pt\/wp-content\/uploads\/2019\/11\/Scale4u-Hanging-50kg.webp","width":1200,"height":1200,"caption":"Scale4u-Hanging-50kg"},{"@type":"BreadcrumbList","@id":"https:\/\/scales4u.pt\/es\/producto\/bascula-colgante-microdigital\/#breadcrumb","itemListElement":[{"@type":"ListItem","position":1,"name":"HomeCasaHogar","item":"https:\/\/scales4u.pt\/es\/"},{"@type":"ListItem","position":2,"name":"Tienda","item":"https:\/\/scales4u.pt\/es\/tienda\/"},{"@type":"ListItem","position":3,"name":"B\u00e1scula colgante microdigital"}]},{"@type":"WebSite","@id":"https:\/\/scales4u.pt\/es\/#website","url":"https:\/\/scales4u.pt\/es\/","name":"Scales4u","description":"Weighing Equipment &amp; Accessories","publisher":{"@id":"https:\/\/scales4u.pt\/es\/#organization"},"potentialAction":[{"@type":"SearchAction","target":{"@type":"EntryPoint","urlTemplate":"https:\/\/scales4u.pt\/es\/?s={search_term_string}"},"query-input":{"@type":"PropertyValueSpecification","valueRequired":true,"valueName":"search_term_string"}}],"inLanguage":"es"},{"@type":"Organization","@id":"https:\/\/scales4u.pt\/es\/#organization","name":"Scales4u","url":"https:\/\/scales4u.pt\/es\/","logo":{"@type":"ImageObject","inLanguage":"es","@id":"https:\/\/scales4u.pt\/es\/#\/schema\/logo\/image\/","url":"","contentUrl":"","caption":"Scales4u"},"image":{"@id":"https:\/\/scales4u.pt\/es\/#\/schema\/logo\/image\/"},"sameAs":["https:\/\/www.facebook.com\/scales4u.pt\/","https:\/\/www.instagram.com\/scales4u.pt\/"]}]}},"uagb_featured_image_src":{"full":["https:\/\/scales4u.pt\/wp-content\/uploads\/2019\/11\/Scale4u-Hanging-50kg.webp",1200,1200,false],"thumbnail":["https:\/\/scales4u.pt\/wp-content\/uploads\/2019\/11\/Scale4u-Hanging-50kg-150x150.webp",150,150,true],"medium":["https:\/\/scales4u.pt\/wp-content\/uploads\/2019\/11\/Scale4u-Hanging-50kg-300x300.webp",300,300,true],"medium_large":["https:\/\/scales4u.pt\/wp-content\/uploads\/2019\/11\/Scale4u-Hanging-50kg-768x768.webp",768,768,true],"large":["https:\/\/scales4u.pt\/wp-content\/uploads\/2019\/11\/Scale4u-Hanging-50kg-1024x1024.webp",1024,1024,true],"1536x1536":["https:\/\/scales4u.pt\/wp-content\/uploads\/2019\/11\/Scale4u-Hanging-50kg.webp",1200,1200,false],"2048x2048":["https:\/\/scales4u.pt\/wp-content\/uploads\/2019\/11\/Scale4u-Hanging-50kg.webp",1200,1200,false],"woocommerce_thumbnail":["https:\/\/scales4u.pt\/wp-content\/uploads\/2019\/11\/Scale4u-Hanging-50kg-300x300.webp",300,300,true],"woocommerce_single":["https:\/\/scales4u.pt\/wp-content\/uploads\/2019\/11\/Scale4u-Hanging-50kg-600x600.webp",600,600,true],"woocommerce_gallery_thumbnail":["https:\/\/scales4u.pt\/wp-content\/uploads\/2019\/11\/Scale4u-Hanging-50kg-100x100.webp",100,100,true]},"uagb_author_info":{"display_name":"admin","author_link":"https:\/\/scales4u.pt\/es\/author\/"},"uagb_comment_info":0,"uagb_excerpt":"Caracter\u00edsticas: Capacidad m\u00e1xima: 50 kg Divisi\u00f3n: 50g Apagado autom\u00e1tico Pantalla LCD con luz de fondo Funciones: tara y cero Cinta m\u00e9trica incorporada Alimentaci\u00f3n: 3 pilas AAA","_links":{"self":[{"href":"https:\/\/scales4u.pt\/es\/wp-json\/wp\/v2\/product\/22680"}],"collection":[{"href":"https:\/\/scales4u.pt\/es\/wp-json\/wp\/v2\/product"}],"about":[{"href":"https:\/\/scales4u.pt\/es\/wp-json\/wp\/v2\/types\/product"}],"wp:featuredmedia":[{"embeddable":true,"href":"https:\/\/scales4u.pt\/es\/wp-json\/wp\/v2\/media\/22678"}],"wp:attachment":[{"href":"https:\/\/scales4u.pt\/es\/wp-json\/wp\/v2\/media?parent=22680"}],"wp:term":[{"taxonomy":"product_brand","embeddable":true,"href":"https:\/\/scales4u.pt\/es\/wp-json\/wp\/v2\/product_brand?post=22680"},{"taxonomy":"product_cat","embeddable":true,"href":"https:\/\/scales4u.pt\/es\/wp-json\/wp\/v2\/product_cat?post=22680"},{"taxonomy":"product_tag","embeddable":true,"href":"https:\/\/scales4u.pt\/es\/wp-json\/wp\/v2\/product_tag?post=22680"}],"curies":[{"name":"wp","href":"https:\/\/api.w.org\/{rel}","templated":true}]}}