{"id":22699,"date":"2023-05-29T08:48:33","date_gmt":"2024-05-18T08:54:26","guid":{"rendered":"https:\/\/scales4u.pt\/product\/bascula-de-plataforma-de-impresion-digital-micro-t2200p-verificada\/"},"modified":"2024-05-18T09:25:16","modified_gmt":"2024-05-18T09:25:16","slug":"bascula-de-plataforma-de-impresion-digital-micro-t2200p-verificada","status":"publish","type":"product","link":"https:\/\/scales4u.pt\/es\/producto\/bascula-de-plataforma-de-impresion-digital-micro-t2200p-verificada\/","title":{"rendered":"B\u00e1scula de plataforma de impresi\u00f3n digital Micro T2200P (verificada)"},"content":{"rendered":"<p>Caracter\u00edsticas:<\/p>\n<ul>\n<li>Certificado de verificaci\u00f3n incluido<\/li>\n<li>Varios tama\u00f1os de plataforma<\/li>\n<li>Varias capacidades<\/li>\n<li>Impresora t\u00e9rmica integrada<\/li>\n<li>Imprime etiquetas o recibos<\/li>\n<li>RS232<\/li>\n<li>Funciones: pesaje b\u00e1sico, acumulaci\u00f3n, recuento de piezas y pesaje porcentual<\/li>\n<li>Pantalla LCD de 24mm con retroiluminaci\u00f3n LED<\/li>\n<li>Carcasa de pl\u00e1stico ABS<\/li>\n<li>Bater\u00eda recargable (50 horas de uso)<\/li>\n<li>Anchura m\u00e1xima de impresi\u00f3n: 48 mm<\/li>\n<li>Anchura m\u00e1xima del papel: 58 mm<\/li>\n<li>Etiquetas opcionales: 54 mm x 50 mm<\/li>\n<li>Rollos t\u00e9rmicos opcionales:<a href=\"https:\/\/scales4u.pt\/en\/product\/thermal-rolls-57x40x11\/\">57x40x11<\/a><\/li>\n<\/ul>\n","protected":false},"excerpt":{"rendered":"<p>Caracter\u00edsticas: Certificado de verificaci\u00f3n incluido Varios tama\u00f1os de plataforma Varias capacidades Impresora t\u00e9rmica integrada Imprime etiquetas o recibos RS232 Funciones: pesaje b\u00e1sico, acumulaci\u00f3n, recuento de piezas y pesaje porcentual Pantalla LCD de 24mm con retroiluminaci\u00f3n LED Carcasa de pl\u00e1stico ABS Bater\u00eda recargable (50 horas de uso) Anchura m\u00e1xima de impresi\u00f3n: 48 mm Anchura m\u00e1xima del&hellip;<\/p>\n","protected":false},"featured_media":22706,"template":"","meta":{"_uag_custom_page_level_css":""},"product_brand":[],"product_cat":[255,253,276],"product_tag":[],"class_list":{"0":"post-22699","1":"product","2":"type-product","3":"status-publish","4":"has-post-thumbnail","6":"product_cat-basculas-de-plataforma-digital","7":"product_cat-basculas-industriales","8":"product_cat-promociones","9":"pa_base-size-300mm-x-400mm-es","10":"pa_base-size-400mm-x-500mm-es","11":"pa_base-size-500mm-x-600mm-es","13":"first","14":"instock","15":"taxable","16":"shipping-taxable","17":"purchasable","18":"product-type-variable"},"supplier_id":null,"supplier_sku":"","barcode":null,"atum_controlled":true,"out_stock_date":null,"out_stock_threshold":null,"inheritable":true,"inbound_stock":0,"stock_on_hold":0,"sold_today":0,"sales_last_days":0,"reserved_stock":0,"customer_returns":0,"warehouse_damage":0,"lost_in_post":0,"other_logs":0,"out_stock_days":0,"lost_sales":0,"has_location":false,"update_date":"2026-04-08T17:28:34","atum_locations":[],"atum_stock_status":"instock","restock_status":false,"low_stock_amount":"","sales_update_date":"2026-04-08T17:28:34","calc_backorders":null,"linked_bom":[],"sync_purchase_price":false,"bom_sellable":null,"minimum_threshold":null,"available_to_purchase":null,"selling_priority":null,"calculated_stock":null,"is_bom":false,"yoast_head":"<!-- This site is optimized with the Yoast SEO plugin v24.2 - https:\/\/yoast.com\/wordpress\/plugins\/seo\/ -->\n<title>B\u00e1scula de plataforma de impresi\u00f3n digital Micro T2200P (verificada) - Scales4u<\/title>\n<meta name=\"robots\" content=\"index, follow, max-snippet:-1, max-image-preview:large, max-video-preview:-1\" \/>\n<link rel=\"canonical\" href=\"https:\/\/scales4u.pt\/es\/producto\/bascula-de-plataforma-de-impresion-digital-micro-t2200p-verificada\/\" \/>\n<meta property=\"og:locale\" content=\"es_ES\" \/>\n<meta property=\"og:type\" content=\"article\" \/>\n<meta property=\"og:title\" content=\"B\u00e1scula de plataforma de impresi\u00f3n digital Micro T2200P (verificada) - Scales4u\" \/>\n<meta property=\"og:description\" content=\"Caracter\u00edsticas: Certificado de verificaci\u00f3n incluido Varios tama\u00f1os de plataforma Varias capacidades Impresora t\u00e9rmica integrada Imprime etiquetas o recibos RS232 Funciones: pesaje b\u00e1sico, acumulaci\u00f3n, recuento de piezas y pesaje porcentual Pantalla LCD de 24mm con retroiluminaci\u00f3n LED Carcasa de pl\u00e1stico ABS Bater\u00eda recargable (50 horas de uso) Anchura m\u00e1xima de impresi\u00f3n: 48 mm Anchura m\u00e1xima del&hellip;\" \/>\n<meta property=\"og:url\" content=\"https:\/\/scales4u.pt\/es\/producto\/bascula-de-plataforma-de-impresion-digital-micro-t2200p-verificada\/\" \/>\n<meta property=\"og:site_name\" content=\"Scales4u\" \/>\n<meta property=\"article:publisher\" content=\"https:\/\/www.facebook.com\/scales4u.pt\/\" \/>\n<meta property=\"article:modified_time\" content=\"2024-05-18T09:25:16+00:00\" \/>\n<meta property=\"og:image\" content=\"https:\/\/scales4u.pt\/wp-content\/uploads\/2023\/05\/Scale4u-T2200P-Plataforma-digital-1.webp\" \/>\n\t<meta property=\"og:image:width\" content=\"1200\" \/>\n\t<meta property=\"og:image:height\" content=\"1200\" \/>\n\t<meta property=\"og:image:type\" content=\"image\/webp\" \/>\n<meta name=\"twitter:card\" content=\"summary_large_image\" \/>\n<meta name=\"twitter:label1\" content=\"Tiempo de lectura\" \/>\n\t<meta name=\"twitter:data1\" content=\"1 minuto\" \/>\n<script type=\"application\/ld+json\" class=\"yoast-schema-graph\">{\"@context\":\"https:\/\/schema.org\",\"@graph\":[{\"@type\":\"WebPage\",\"@id\":\"https:\/\/scales4u.pt\/es\/producto\/bascula-de-plataforma-de-impresion-digital-micro-t2200p-verificada\/\",\"url\":\"https:\/\/scales4u.pt\/es\/producto\/bascula-de-plataforma-de-impresion-digital-micro-t2200p-verificada\/\",\"name\":\"B\u00e1scula de plataforma de impresi\u00f3n digital Micro T2200P (verificada) - Scales4u\",\"isPartOf\":{\"@id\":\"https:\/\/scales4u.pt\/es\/#website\"},\"primaryImageOfPage\":{\"@id\":\"https:\/\/scales4u.pt\/es\/producto\/bascula-de-plataforma-de-impresion-digital-micro-t2200p-verificada\/#primaryimage\"},\"image\":{\"@id\":\"https:\/\/scales4u.pt\/es\/producto\/bascula-de-plataforma-de-impresion-digital-micro-t2200p-verificada\/#primaryimage\"},\"thumbnailUrl\":\"https:\/\/scales4u.pt\/wp-content\/uploads\/2023\/05\/Scale4u-T2200P-Plataforma-digital-1.webp\",\"datePublished\":\"2024-05-18T08:54:26+00:00\",\"dateModified\":\"2024-05-18T09:25:16+00:00\",\"breadcrumb\":{\"@id\":\"https:\/\/scales4u.pt\/es\/producto\/bascula-de-plataforma-de-impresion-digital-micro-t2200p-verificada\/#breadcrumb\"},\"inLanguage\":\"es\",\"potentialAction\":[{\"@type\":\"ReadAction\",\"target\":[\"https:\/\/scales4u.pt\/es\/producto\/bascula-de-plataforma-de-impresion-digital-micro-t2200p-verificada\/\"]}]},{\"@type\":\"ImageObject\",\"inLanguage\":\"es\",\"@id\":\"https:\/\/scales4u.pt\/es\/producto\/bascula-de-plataforma-de-impresion-digital-micro-t2200p-verificada\/#primaryimage\",\"url\":\"https:\/\/scales4u.pt\/wp-content\/uploads\/2023\/05\/Scale4u-T2200P-Plataforma-digital-1.webp\",\"contentUrl\":\"https:\/\/scales4u.pt\/wp-content\/uploads\/2023\/05\/Scale4u-T2200P-Plataforma-digital-1.webp\",\"width\":1200,\"height\":1200,\"caption\":\"Scale4u-T2200P-Plataforma-digital-1\"},{\"@type\":\"BreadcrumbList\",\"@id\":\"https:\/\/scales4u.pt\/es\/producto\/bascula-de-plataforma-de-impresion-digital-micro-t2200p-verificada\/#breadcrumb\",\"itemListElement\":[{\"@type\":\"ListItem\",\"position\":1,\"name\":\"HomeCasaHogar\",\"item\":\"https:\/\/scales4u.pt\/es\/\"},{\"@type\":\"ListItem\",\"position\":2,\"name\":\"Tienda\",\"item\":\"https:\/\/scales4u.pt\/es\/tienda\/\"},{\"@type\":\"ListItem\",\"position\":3,\"name\":\"B\u00e1scula de plataforma de impresi\u00f3n digital Micro T2200P (verificada)\"}]},{\"@type\":\"WebSite\",\"@id\":\"https:\/\/scales4u.pt\/es\/#website\",\"url\":\"https:\/\/scales4u.pt\/es\/\",\"name\":\"Scales4u\",\"description\":\"Weighing Equipment &amp; Accessories\",\"publisher\":{\"@id\":\"https:\/\/scales4u.pt\/es\/#organization\"},\"potentialAction\":[{\"@type\":\"SearchAction\",\"target\":{\"@type\":\"EntryPoint\",\"urlTemplate\":\"https:\/\/scales4u.pt\/es\/?s={search_term_string}\"},\"query-input\":{\"@type\":\"PropertyValueSpecification\",\"valueRequired\":true,\"valueName\":\"search_term_string\"}}],\"inLanguage\":\"es\"},{\"@type\":\"Organization\",\"@id\":\"https:\/\/scales4u.pt\/es\/#organization\",\"name\":\"Scales4u\",\"url\":\"https:\/\/scales4u.pt\/es\/\",\"logo\":{\"@type\":\"ImageObject\",\"inLanguage\":\"es\",\"@id\":\"https:\/\/scales4u.pt\/es\/#\/schema\/logo\/image\/\",\"url\":\"\",\"contentUrl\":\"\",\"caption\":\"Scales4u\"},\"image\":{\"@id\":\"https:\/\/scales4u.pt\/es\/#\/schema\/logo\/image\/\"},\"sameAs\":[\"https:\/\/www.facebook.com\/scales4u.pt\/\",\"https:\/\/www.instagram.com\/scales4u.pt\/\"]}]}<\/script>\n<!-- \/ Yoast SEO plugin. -->","yoast_head_json":{"title":"B\u00e1scula de plataforma de impresi\u00f3n digital Micro T2200P (verificada) - Scales4u","robots":{"index":"index","follow":"follow","max-snippet":"max-snippet:-1","max-image-preview":"max-image-preview:large","max-video-preview":"max-video-preview:-1"},"canonical":"https:\/\/scales4u.pt\/es\/producto\/bascula-de-plataforma-de-impresion-digital-micro-t2200p-verificada\/","og_locale":"es_ES","og_type":"article","og_title":"B\u00e1scula de plataforma de impresi\u00f3n digital Micro T2200P (verificada) - Scales4u","og_description":"Caracter\u00edsticas: Certificado de verificaci\u00f3n incluido Varios tama\u00f1os de plataforma Varias capacidades Impresora t\u00e9rmica integrada Imprime etiquetas o recibos RS232 Funciones: pesaje b\u00e1sico, acumulaci\u00f3n, recuento de piezas y pesaje porcentual Pantalla LCD de 24mm con retroiluminaci\u00f3n LED Carcasa de pl\u00e1stico ABS Bater\u00eda recargable (50 horas de uso) Anchura m\u00e1xima de impresi\u00f3n: 48 mm Anchura m\u00e1xima del&hellip;","og_url":"https:\/\/scales4u.pt\/es\/producto\/bascula-de-plataforma-de-impresion-digital-micro-t2200p-verificada\/","og_site_name":"Scales4u","article_publisher":"https:\/\/www.facebook.com\/scales4u.pt\/","article_modified_time":"2024-05-18T09:25:16+00:00","og_image":[{"width":1200,"height":1200,"url":"https:\/\/scales4u.pt\/wp-content\/uploads\/2023\/05\/Scale4u-T2200P-Plataforma-digital-1.webp","type":"image\/webp"}],"twitter_card":"summary_large_image","twitter_misc":{"Tiempo de lectura":"1 minuto"},"schema":{"@context":"https:\/\/schema.org","@graph":[{"@type":"WebPage","@id":"https:\/\/scales4u.pt\/es\/producto\/bascula-de-plataforma-de-impresion-digital-micro-t2200p-verificada\/","url":"https:\/\/scales4u.pt\/es\/producto\/bascula-de-plataforma-de-impresion-digital-micro-t2200p-verificada\/","name":"B\u00e1scula de plataforma de impresi\u00f3n digital Micro T2200P (verificada) - Scales4u","isPartOf":{"@id":"https:\/\/scales4u.pt\/es\/#website"},"primaryImageOfPage":{"@id":"https:\/\/scales4u.pt\/es\/producto\/bascula-de-plataforma-de-impresion-digital-micro-t2200p-verificada\/#primaryimage"},"image":{"@id":"https:\/\/scales4u.pt\/es\/producto\/bascula-de-plataforma-de-impresion-digital-micro-t2200p-verificada\/#primaryimage"},"thumbnailUrl":"https:\/\/scales4u.pt\/wp-content\/uploads\/2023\/05\/Scale4u-T2200P-Plataforma-digital-1.webp","datePublished":"2024-05-18T08:54:26+00:00","dateModified":"2024-05-18T09:25:16+00:00","breadcrumb":{"@id":"https:\/\/scales4u.pt\/es\/producto\/bascula-de-plataforma-de-impresion-digital-micro-t2200p-verificada\/#breadcrumb"},"inLanguage":"es","potentialAction":[{"@type":"ReadAction","target":["https:\/\/scales4u.pt\/es\/producto\/bascula-de-plataforma-de-impresion-digital-micro-t2200p-verificada\/"]}]},{"@type":"ImageObject","inLanguage":"es","@id":"https:\/\/scales4u.pt\/es\/producto\/bascula-de-plataforma-de-impresion-digital-micro-t2200p-verificada\/#primaryimage","url":"https:\/\/scales4u.pt\/wp-content\/uploads\/2023\/05\/Scale4u-T2200P-Plataforma-digital-1.webp","contentUrl":"https:\/\/scales4u.pt\/wp-content\/uploads\/2023\/05\/Scale4u-T2200P-Plataforma-digital-1.webp","width":1200,"height":1200,"caption":"Scale4u-T2200P-Plataforma-digital-1"},{"@type":"BreadcrumbList","@id":"https:\/\/scales4u.pt\/es\/producto\/bascula-de-plataforma-de-impresion-digital-micro-t2200p-verificada\/#breadcrumb","itemListElement":[{"@type":"ListItem","position":1,"name":"HomeCasaHogar","item":"https:\/\/scales4u.pt\/es\/"},{"@type":"ListItem","position":2,"name":"Tienda","item":"https:\/\/scales4u.pt\/es\/tienda\/"},{"@type":"ListItem","position":3,"name":"B\u00e1scula de plataforma de impresi\u00f3n digital Micro T2200P (verificada)"}]},{"@type":"WebSite","@id":"https:\/\/scales4u.pt\/es\/#website","url":"https:\/\/scales4u.pt\/es\/","name":"Scales4u","description":"Weighing Equipment &amp; Accessories","publisher":{"@id":"https:\/\/scales4u.pt\/es\/#organization"},"potentialAction":[{"@type":"SearchAction","target":{"@type":"EntryPoint","urlTemplate":"https:\/\/scales4u.pt\/es\/?s={search_term_string}"},"query-input":{"@type":"PropertyValueSpecification","valueRequired":true,"valueName":"search_term_string"}}],"inLanguage":"es"},{"@type":"Organization","@id":"https:\/\/scales4u.pt\/es\/#organization","name":"Scales4u","url":"https:\/\/scales4u.pt\/es\/","logo":{"@type":"ImageObject","inLanguage":"es","@id":"https:\/\/scales4u.pt\/es\/#\/schema\/logo\/image\/","url":"","contentUrl":"","caption":"Scales4u"},"image":{"@id":"https:\/\/scales4u.pt\/es\/#\/schema\/logo\/image\/"},"sameAs":["https:\/\/www.facebook.com\/scales4u.pt\/","https:\/\/www.instagram.com\/scales4u.pt\/"]}]}},"uagb_featured_image_src":{"full":["https:\/\/scales4u.pt\/wp-content\/uploads\/2023\/05\/Scale4u-T2200P-Plataforma-digital-1.webp",1200,1200,false],"thumbnail":["https:\/\/scales4u.pt\/wp-content\/uploads\/2023\/05\/Scale4u-T2200P-Plataforma-digital-1-150x150.webp",150,150,true],"medium":["https:\/\/scales4u.pt\/wp-content\/uploads\/2023\/05\/Scale4u-T2200P-Plataforma-digital-1-300x300.webp",300,300,true],"medium_large":["https:\/\/scales4u.pt\/wp-content\/uploads\/2023\/05\/Scale4u-T2200P-Plataforma-digital-1-768x768.webp",768,768,true],"large":["https:\/\/scales4u.pt\/wp-content\/uploads\/2023\/05\/Scale4u-T2200P-Plataforma-digital-1-1024x1024.webp",1024,1024,true],"1536x1536":["https:\/\/scales4u.pt\/wp-content\/uploads\/2023\/05\/Scale4u-T2200P-Plataforma-digital-1.webp",1200,1200,false],"2048x2048":["https:\/\/scales4u.pt\/wp-content\/uploads\/2023\/05\/Scale4u-T2200P-Plataforma-digital-1.webp",1200,1200,false],"woocommerce_thumbnail":["https:\/\/scales4u.pt\/wp-content\/uploads\/2023\/05\/Scale4u-T2200P-Plataforma-digital-1-300x300.webp",300,300,true],"woocommerce_single":["https:\/\/scales4u.pt\/wp-content\/uploads\/2023\/05\/Scale4u-T2200P-Plataforma-digital-1-600x600.webp",600,600,true],"woocommerce_gallery_thumbnail":["https:\/\/scales4u.pt\/wp-content\/uploads\/2023\/05\/Scale4u-T2200P-Plataforma-digital-1-100x100.webp",100,100,true]},"uagb_author_info":{"display_name":"admin","author_link":"https:\/\/scales4u.pt\/es\/author\/"},"uagb_comment_info":0,"uagb_excerpt":"Caracter\u00edsticas: Certificado de verificaci\u00f3n incluido Varios tama\u00f1os de plataforma Varias capacidades Impresora t\u00e9rmica integrada Imprime etiquetas o recibos RS232 Funciones: pesaje b\u00e1sico, acumulaci\u00f3n, recuento de piezas y pesaje porcentual Pantalla LCD de 24mm con retroiluminaci\u00f3n LED Carcasa de pl\u00e1stico ABS Bater\u00eda recargable (50 horas de uso) Anchura m\u00e1xima de impresi\u00f3n: 48 mm Anchura m\u00e1xima del&hellip;","_links":{"self":[{"href":"https:\/\/scales4u.pt\/es\/wp-json\/wp\/v2\/product\/22699"}],"collection":[{"href":"https:\/\/scales4u.pt\/es\/wp-json\/wp\/v2\/product"}],"about":[{"href":"https:\/\/scales4u.pt\/es\/wp-json\/wp\/v2\/types\/product"}],"wp:featuredmedia":[{"embeddable":true,"href":"https:\/\/scales4u.pt\/es\/wp-json\/wp\/v2\/media\/22706"}],"wp:attachment":[{"href":"https:\/\/scales4u.pt\/es\/wp-json\/wp\/v2\/media?parent=22699"}],"wp:term":[{"taxonomy":"product_brand","embeddable":true,"href":"https:\/\/scales4u.pt\/es\/wp-json\/wp\/v2\/product_brand?post=22699"},{"taxonomy":"product_cat","embeddable":true,"href":"https:\/\/scales4u.pt\/es\/wp-json\/wp\/v2\/product_cat?post=22699"},{"taxonomy":"product_tag","embeddable":true,"href":"https:\/\/scales4u.pt\/es\/wp-json\/wp\/v2\/product_tag?post=22699"}],"curies":[{"name":"wp","href":"https:\/\/api.w.org\/{rel}","templated":true}]}}