{"id":22764,"date":"2024-05-20T05:53:33","date_gmt":"2024-05-20T05:58:39","guid":{"rendered":"https:\/\/scales4u.pt\/product\/bascula-de-plataforma-industrial-micro-t2200p-verificada\/"},"modified":"2024-05-20T06:08:01","modified_gmt":"2024-05-20T06:08:01","slug":"bascula-de-plataforma-industrial-micro-t2200p-verificada","status":"publish","type":"product","link":"https:\/\/scales4u.pt\/es\/producto\/bascula-de-plataforma-industrial-micro-t2200p-verificada\/","title":{"rendered":"B\u00e1scula de Plataforma Industrial Micro T2200P (verificada)"},"content":{"rendered":"<p>Caracter\u00edsticas de la plataforma:<\/p>\n<ul>\n<li>Caja de conexiones de acero inoxidable<\/li>\n<li>Plataforma de 4 c\u00e9lulas de carga<\/li>\n<li>C\u00e9lula de carga IP67 de acero aleado niquelado &#8211; clase C3<\/li>\n<li>Pies ajustables en altura<\/li>\n<li>Plataforma de acero con recubrimiento de polvo<\/li>\n<\/ul>\n<p>Caracter\u00edsticas del indicador:<\/p>\n<ul>\n<li>Certificado de conformidad metrol\u00f3gica legal<\/li>\n<li>Certificado CE<\/li>\n<li>Impresora t\u00e9rmica integrada<\/li>\n<li>Imprime etiquetas o recibos<\/li>\n<li>RS232<\/li>\n<li>Funciones: pesaje b\u00e1sico, acumulaci\u00f3n, recuento de piezas y pesaje porcentual<\/li>\n<li>Pantalla LCD de 24mm con retroiluminaci\u00f3n LED<\/li>\n<li>Carcasa de pl\u00e1stico ABS<\/li>\n<li>Alimentaci\u00f3n: bater\u00eda recargable (50 horas de uso) \/ red el\u00e9ctrica<\/li>\n<li>Anchura m\u00e1xima de impresi\u00f3n: 48 mm<\/li>\n<li>Anchura m\u00e1xima del papel: 58 mm<\/li>\n<li>Etiquetas opcionales: 54 mm x 50 mm<\/li>\n<li>Rollos t\u00e9rmicos opcionales: 57x40x13<a href=\"https:\/\/scales4u.pt\/en\/product\/thermal-rolls-57x40x13\/\"><\/a><\/li>\n<\/ul>\n<p><a href=\"https:\/\/scales4u.pt\/product\/industrial-ramps\/\">Rampa opcional<\/a><\/p>\n","protected":false},"excerpt":{"rendered":"<p>Caracter\u00edsticas de la plataforma: Caja de conexiones de acero inoxidable Plataforma de 4 c\u00e9lulas de carga C\u00e9lula de carga IP67 de acero aleado niquelado &#8211; clase C3 Pies ajustables en altura Plataforma de acero con recubrimiento de polvo Caracter\u00edsticas del indicador: Certificado de conformidad metrol\u00f3gica legal Certificado CE Impresora t\u00e9rmica integrada Imprime etiquetas o recibos&hellip;<\/p>\n","protected":false},"featured_media":22752,"template":"","meta":{"_uag_custom_page_level_css":""},"product_brand":[],"product_cat":[257,253],"product_tag":[],"class_list":{"0":"post-22764","1":"product","2":"type-product","3":"status-publish","4":"has-post-thumbnail","6":"product_cat-basculas-de-plataforma-industrial","7":"product_cat-basculas-industriales","9":"first","10":"instock","11":"taxable","12":"shipping-taxable","13":"purchasable","14":"product-type-variable"},"supplier_id":null,"supplier_sku":"","barcode":null,"atum_controlled":true,"out_stock_date":null,"out_stock_threshold":null,"inheritable":true,"inbound_stock":0,"stock_on_hold":1,"sold_today":0,"sales_last_days":0,"reserved_stock":0,"customer_returns":0,"warehouse_damage":0,"lost_in_post":0,"other_logs":0,"out_stock_days":0,"lost_sales":0,"has_location":false,"update_date":"2026-04-11T17:34:23","atum_locations":[],"atum_stock_status":"instock","restock_status":false,"low_stock_amount":"","sales_update_date":"2026-04-11T17:34:23","calc_backorders":null,"linked_bom":[],"sync_purchase_price":false,"bom_sellable":null,"minimum_threshold":null,"available_to_purchase":null,"selling_priority":null,"calculated_stock":null,"is_bom":false,"yoast_head":"<!-- This site is optimized with the Yoast SEO plugin v24.2 - https:\/\/yoast.com\/wordpress\/plugins\/seo\/ -->\n<title>B\u00e1scula de Plataforma Industrial Micro T2200P (verificada) - Scales4u<\/title>\n<meta name=\"robots\" content=\"index, follow, max-snippet:-1, max-image-preview:large, max-video-preview:-1\" \/>\n<link rel=\"canonical\" href=\"https:\/\/scales4u.pt\/es\/producto\/bascula-de-plataforma-industrial-micro-t2200p-verificada\/\" \/>\n<meta property=\"og:locale\" content=\"es_ES\" \/>\n<meta property=\"og:type\" content=\"article\" \/>\n<meta property=\"og:title\" content=\"B\u00e1scula de Plataforma Industrial Micro T2200P (verificada) - Scales4u\" \/>\n<meta property=\"og:description\" content=\"Caracter\u00edsticas de la plataforma: Caja de conexiones de acero inoxidable Plataforma de 4 c\u00e9lulas de carga C\u00e9lula de carga IP67 de acero aleado niquelado &#8211; clase C3 Pies ajustables en altura Plataforma de acero con recubrimiento de polvo Caracter\u00edsticas del indicador: Certificado de conformidad metrol\u00f3gica legal Certificado CE Impresora t\u00e9rmica integrada Imprime etiquetas o recibos&hellip;\" \/>\n<meta property=\"og:url\" content=\"https:\/\/scales4u.pt\/es\/producto\/bascula-de-plataforma-industrial-micro-t2200p-verificada\/\" \/>\n<meta property=\"og:site_name\" content=\"Scales4u\" \/>\n<meta property=\"article:publisher\" content=\"https:\/\/www.facebook.com\/scales4u.pt\/\" \/>\n<meta property=\"article:modified_time\" content=\"2024-05-20T06:08:01+00:00\" \/>\n<meta property=\"og:image\" content=\"https:\/\/scales4u.pt\/wp-content\/uploads\/2024\/05\/Scale4u-Micro-T2200P-Industrial-M-scaled-1.webp\" \/>\n\t<meta property=\"og:image:width\" content=\"2560\" \/>\n\t<meta property=\"og:image:height\" content=\"1536\" \/>\n\t<meta property=\"og:image:type\" content=\"image\/webp\" \/>\n<meta name=\"twitter:card\" content=\"summary_large_image\" \/>\n<meta name=\"twitter:label1\" content=\"Tiempo de lectura\" \/>\n\t<meta name=\"twitter:data1\" content=\"1 minuto\" \/>\n<script type=\"application\/ld+json\" class=\"yoast-schema-graph\">{\"@context\":\"https:\/\/schema.org\",\"@graph\":[{\"@type\":\"WebPage\",\"@id\":\"https:\/\/scales4u.pt\/es\/producto\/bascula-de-plataforma-industrial-micro-t2200p-verificada\/\",\"url\":\"https:\/\/scales4u.pt\/es\/producto\/bascula-de-plataforma-industrial-micro-t2200p-verificada\/\",\"name\":\"B\u00e1scula de Plataforma Industrial Micro T2200P (verificada) - Scales4u\",\"isPartOf\":{\"@id\":\"https:\/\/scales4u.pt\/es\/#website\"},\"primaryImageOfPage\":{\"@id\":\"https:\/\/scales4u.pt\/es\/producto\/bascula-de-plataforma-industrial-micro-t2200p-verificada\/#primaryimage\"},\"image\":{\"@id\":\"https:\/\/scales4u.pt\/es\/producto\/bascula-de-plataforma-industrial-micro-t2200p-verificada\/#primaryimage\"},\"thumbnailUrl\":\"https:\/\/scales4u.pt\/wp-content\/uploads\/2024\/05\/Scale4u-Micro-T2200P-Industrial-M-scaled-1.webp\",\"datePublished\":\"2024-05-20T05:58:39+00:00\",\"dateModified\":\"2024-05-20T06:08:01+00:00\",\"breadcrumb\":{\"@id\":\"https:\/\/scales4u.pt\/es\/producto\/bascula-de-plataforma-industrial-micro-t2200p-verificada\/#breadcrumb\"},\"inLanguage\":\"es\",\"potentialAction\":[{\"@type\":\"ReadAction\",\"target\":[\"https:\/\/scales4u.pt\/es\/producto\/bascula-de-plataforma-industrial-micro-t2200p-verificada\/\"]}]},{\"@type\":\"ImageObject\",\"inLanguage\":\"es\",\"@id\":\"https:\/\/scales4u.pt\/es\/producto\/bascula-de-plataforma-industrial-micro-t2200p-verificada\/#primaryimage\",\"url\":\"https:\/\/scales4u.pt\/wp-content\/uploads\/2024\/05\/Scale4u-Micro-T2200P-Industrial-M-scaled-1.webp\",\"contentUrl\":\"https:\/\/scales4u.pt\/wp-content\/uploads\/2024\/05\/Scale4u-Micro-T2200P-Industrial-M-scaled-1.webp\",\"width\":2560,\"height\":1536,\"caption\":\"Scale4u-Micro-T2200P-Industrial-M-scaled\"},{\"@type\":\"BreadcrumbList\",\"@id\":\"https:\/\/scales4u.pt\/es\/producto\/bascula-de-plataforma-industrial-micro-t2200p-verificada\/#breadcrumb\",\"itemListElement\":[{\"@type\":\"ListItem\",\"position\":1,\"name\":\"HomeCasaHogar\",\"item\":\"https:\/\/scales4u.pt\/es\/\"},{\"@type\":\"ListItem\",\"position\":2,\"name\":\"Tienda\",\"item\":\"https:\/\/scales4u.pt\/es\/tienda\/\"},{\"@type\":\"ListItem\",\"position\":3,\"name\":\"B\u00e1scula de Plataforma Industrial Micro T2200P (verificada)\"}]},{\"@type\":\"WebSite\",\"@id\":\"https:\/\/scales4u.pt\/es\/#website\",\"url\":\"https:\/\/scales4u.pt\/es\/\",\"name\":\"Scales4u\",\"description\":\"Weighing Equipment &amp; Accessories\",\"publisher\":{\"@id\":\"https:\/\/scales4u.pt\/es\/#organization\"},\"potentialAction\":[{\"@type\":\"SearchAction\",\"target\":{\"@type\":\"EntryPoint\",\"urlTemplate\":\"https:\/\/scales4u.pt\/es\/?s={search_term_string}\"},\"query-input\":{\"@type\":\"PropertyValueSpecification\",\"valueRequired\":true,\"valueName\":\"search_term_string\"}}],\"inLanguage\":\"es\"},{\"@type\":\"Organization\",\"@id\":\"https:\/\/scales4u.pt\/es\/#organization\",\"name\":\"Scales4u\",\"url\":\"https:\/\/scales4u.pt\/es\/\",\"logo\":{\"@type\":\"ImageObject\",\"inLanguage\":\"es\",\"@id\":\"https:\/\/scales4u.pt\/es\/#\/schema\/logo\/image\/\",\"url\":\"\",\"contentUrl\":\"\",\"caption\":\"Scales4u\"},\"image\":{\"@id\":\"https:\/\/scales4u.pt\/es\/#\/schema\/logo\/image\/\"},\"sameAs\":[\"https:\/\/www.facebook.com\/scales4u.pt\/\",\"https:\/\/www.instagram.com\/scales4u.pt\/\"]}]}<\/script>\n<!-- \/ Yoast SEO plugin. -->","yoast_head_json":{"title":"B\u00e1scula de Plataforma Industrial Micro T2200P (verificada) - Scales4u","robots":{"index":"index","follow":"follow","max-snippet":"max-snippet:-1","max-image-preview":"max-image-preview:large","max-video-preview":"max-video-preview:-1"},"canonical":"https:\/\/scales4u.pt\/es\/producto\/bascula-de-plataforma-industrial-micro-t2200p-verificada\/","og_locale":"es_ES","og_type":"article","og_title":"B\u00e1scula de Plataforma Industrial Micro T2200P (verificada) - Scales4u","og_description":"Caracter\u00edsticas de la plataforma: Caja de conexiones de acero inoxidable Plataforma de 4 c\u00e9lulas de carga C\u00e9lula de carga IP67 de acero aleado niquelado &#8211; clase C3 Pies ajustables en altura Plataforma de acero con recubrimiento de polvo Caracter\u00edsticas del indicador: Certificado de conformidad metrol\u00f3gica legal Certificado CE Impresora t\u00e9rmica integrada Imprime etiquetas o recibos&hellip;","og_url":"https:\/\/scales4u.pt\/es\/producto\/bascula-de-plataforma-industrial-micro-t2200p-verificada\/","og_site_name":"Scales4u","article_publisher":"https:\/\/www.facebook.com\/scales4u.pt\/","article_modified_time":"2024-05-20T06:08:01+00:00","og_image":[{"width":2560,"height":1536,"url":"https:\/\/scales4u.pt\/wp-content\/uploads\/2024\/05\/Scale4u-Micro-T2200P-Industrial-M-scaled-1.webp","type":"image\/webp"}],"twitter_card":"summary_large_image","twitter_misc":{"Tiempo de lectura":"1 minuto"},"schema":{"@context":"https:\/\/schema.org","@graph":[{"@type":"WebPage","@id":"https:\/\/scales4u.pt\/es\/producto\/bascula-de-plataforma-industrial-micro-t2200p-verificada\/","url":"https:\/\/scales4u.pt\/es\/producto\/bascula-de-plataforma-industrial-micro-t2200p-verificada\/","name":"B\u00e1scula de Plataforma Industrial Micro T2200P (verificada) - Scales4u","isPartOf":{"@id":"https:\/\/scales4u.pt\/es\/#website"},"primaryImageOfPage":{"@id":"https:\/\/scales4u.pt\/es\/producto\/bascula-de-plataforma-industrial-micro-t2200p-verificada\/#primaryimage"},"image":{"@id":"https:\/\/scales4u.pt\/es\/producto\/bascula-de-plataforma-industrial-micro-t2200p-verificada\/#primaryimage"},"thumbnailUrl":"https:\/\/scales4u.pt\/wp-content\/uploads\/2024\/05\/Scale4u-Micro-T2200P-Industrial-M-scaled-1.webp","datePublished":"2024-05-20T05:58:39+00:00","dateModified":"2024-05-20T06:08:01+00:00","breadcrumb":{"@id":"https:\/\/scales4u.pt\/es\/producto\/bascula-de-plataforma-industrial-micro-t2200p-verificada\/#breadcrumb"},"inLanguage":"es","potentialAction":[{"@type":"ReadAction","target":["https:\/\/scales4u.pt\/es\/producto\/bascula-de-plataforma-industrial-micro-t2200p-verificada\/"]}]},{"@type":"ImageObject","inLanguage":"es","@id":"https:\/\/scales4u.pt\/es\/producto\/bascula-de-plataforma-industrial-micro-t2200p-verificada\/#primaryimage","url":"https:\/\/scales4u.pt\/wp-content\/uploads\/2024\/05\/Scale4u-Micro-T2200P-Industrial-M-scaled-1.webp","contentUrl":"https:\/\/scales4u.pt\/wp-content\/uploads\/2024\/05\/Scale4u-Micro-T2200P-Industrial-M-scaled-1.webp","width":2560,"height":1536,"caption":"Scale4u-Micro-T2200P-Industrial-M-scaled"},{"@type":"BreadcrumbList","@id":"https:\/\/scales4u.pt\/es\/producto\/bascula-de-plataforma-industrial-micro-t2200p-verificada\/#breadcrumb","itemListElement":[{"@type":"ListItem","position":1,"name":"HomeCasaHogar","item":"https:\/\/scales4u.pt\/es\/"},{"@type":"ListItem","position":2,"name":"Tienda","item":"https:\/\/scales4u.pt\/es\/tienda\/"},{"@type":"ListItem","position":3,"name":"B\u00e1scula de Plataforma Industrial Micro T2200P (verificada)"}]},{"@type":"WebSite","@id":"https:\/\/scales4u.pt\/es\/#website","url":"https:\/\/scales4u.pt\/es\/","name":"Scales4u","description":"Weighing Equipment &amp; Accessories","publisher":{"@id":"https:\/\/scales4u.pt\/es\/#organization"},"potentialAction":[{"@type":"SearchAction","target":{"@type":"EntryPoint","urlTemplate":"https:\/\/scales4u.pt\/es\/?s={search_term_string}"},"query-input":{"@type":"PropertyValueSpecification","valueRequired":true,"valueName":"search_term_string"}}],"inLanguage":"es"},{"@type":"Organization","@id":"https:\/\/scales4u.pt\/es\/#organization","name":"Scales4u","url":"https:\/\/scales4u.pt\/es\/","logo":{"@type":"ImageObject","inLanguage":"es","@id":"https:\/\/scales4u.pt\/es\/#\/schema\/logo\/image\/","url":"","contentUrl":"","caption":"Scales4u"},"image":{"@id":"https:\/\/scales4u.pt\/es\/#\/schema\/logo\/image\/"},"sameAs":["https:\/\/www.facebook.com\/scales4u.pt\/","https:\/\/www.instagram.com\/scales4u.pt\/"]}]}},"uagb_featured_image_src":{"full":["https:\/\/scales4u.pt\/wp-content\/uploads\/2024\/05\/Scale4u-Micro-T2200P-Industrial-M-scaled-1.webp",2560,1536,false],"thumbnail":["https:\/\/scales4u.pt\/wp-content\/uploads\/2024\/05\/Scale4u-Micro-T2200P-Industrial-M-scaled-1-150x150.webp",150,150,true],"medium":["https:\/\/scales4u.pt\/wp-content\/uploads\/2024\/05\/Scale4u-Micro-T2200P-Industrial-M-scaled-1-300x180.webp",300,180,true],"medium_large":["https:\/\/scales4u.pt\/wp-content\/uploads\/2024\/05\/Scale4u-Micro-T2200P-Industrial-M-scaled-1-768x461.webp",768,461,true],"large":["https:\/\/scales4u.pt\/wp-content\/uploads\/2024\/05\/Scale4u-Micro-T2200P-Industrial-M-scaled-1-1024x614.webp",1024,614,true],"1536x1536":["https:\/\/scales4u.pt\/wp-content\/uploads\/2024\/05\/Scale4u-Micro-T2200P-Industrial-M-scaled-1-1536x922.webp",1536,922,true],"2048x2048":["https:\/\/scales4u.pt\/wp-content\/uploads\/2024\/05\/Scale4u-Micro-T2200P-Industrial-M-scaled-1-2048x1229.webp",2048,1229,true],"woocommerce_thumbnail":["https:\/\/scales4u.pt\/wp-content\/uploads\/2024\/05\/Scale4u-Micro-T2200P-Industrial-M-scaled-1-300x180.webp",300,180,true],"woocommerce_single":["https:\/\/scales4u.pt\/wp-content\/uploads\/2024\/05\/Scale4u-Micro-T2200P-Industrial-M-scaled-1-600x360.webp",600,360,true],"woocommerce_gallery_thumbnail":["https:\/\/scales4u.pt\/wp-content\/uploads\/2024\/05\/Scale4u-Micro-T2200P-Industrial-M-scaled-1-100x100.webp",100,100,true]},"uagb_author_info":{"display_name":"admin","author_link":"https:\/\/scales4u.pt\/es\/author\/"},"uagb_comment_info":0,"uagb_excerpt":"Caracter\u00edsticas de la plataforma: Caja de conexiones de acero inoxidable Plataforma de 4 c\u00e9lulas de carga C\u00e9lula de carga IP67 de acero aleado niquelado &#8211; clase C3 Pies ajustables en altura Plataforma de acero con recubrimiento de polvo Caracter\u00edsticas del indicador: Certificado de conformidad metrol\u00f3gica legal Certificado CE Impresora t\u00e9rmica integrada Imprime etiquetas o recibos&hellip;","_links":{"self":[{"href":"https:\/\/scales4u.pt\/es\/wp-json\/wp\/v2\/product\/22764"}],"collection":[{"href":"https:\/\/scales4u.pt\/es\/wp-json\/wp\/v2\/product"}],"about":[{"href":"https:\/\/scales4u.pt\/es\/wp-json\/wp\/v2\/types\/product"}],"wp:featuredmedia":[{"embeddable":true,"href":"https:\/\/scales4u.pt\/es\/wp-json\/wp\/v2\/media\/22752"}],"wp:attachment":[{"href":"https:\/\/scales4u.pt\/es\/wp-json\/wp\/v2\/media?parent=22764"}],"wp:term":[{"taxonomy":"product_brand","embeddable":true,"href":"https:\/\/scales4u.pt\/es\/wp-json\/wp\/v2\/product_brand?post=22764"},{"taxonomy":"product_cat","embeddable":true,"href":"https:\/\/scales4u.pt\/es\/wp-json\/wp\/v2\/product_cat?post=22764"},{"taxonomy":"product_tag","embeddable":true,"href":"https:\/\/scales4u.pt\/es\/wp-json\/wp\/v2\/product_tag?post=22764"}],"curies":[{"name":"wp","href":"https:\/\/api.w.org\/{rel}","templated":true}]}}